{"id":41440,"date":"2025-12-16T17:49:58","date_gmt":"2025-12-16T17:49:58","guid":{"rendered":"https:\/\/modesthanim.com\/product\/premium-yumusak-dokulu-soft-pembe-kazak\/"},"modified":"2026-02-19T21:43:37","modified_gmt":"2026-02-19T21:43:37","slug":"premium-yumusak-dokulu-soft-pembe-kazak","status":"publish","type":"product","link":"https:\/\/mod.wisdar.net\/tr\/urun\/premium-yumusak-dokulu-soft-pembe-kazak\/","title":{"rendered":"Premium Yumu\u015fak Dokulu Soft Pembe Kazak"},"content":{"rendered":"<p>PREM\u0130UM YUMU\u015eAK DOKULU SOFT PEMBE KAZAK \u00d6ZELL\u0130KLER\u0130 Bisiklet yakal\u0131, d\u00fc\u015f\u00fck omuz, normal kal\u0131p premium yumu\u015fak dokulu kazak. \u0130\u00c7ER\u0130\u011e\u0130 VE YIKANMASI %74 Akrilik %19 Pes %7 Pbt 30 derecede hassas, sentetik ve narin programlar\u0131 so\u011fuk su ile y\u0131kanmal\u0131d\u0131r. El ile \u00f6l\u00e7\u00fcmlerde 2-3 cm farkl\u0131l\u0131k g\u00f6sterebilir. ATKI \u00dcR\u00dcNE DAH\u0130L DE\u011e\u0130LD\u0130R.Manken Bedeni: SM Manken \u00d6l\u00e7\u00fcs\u00fc: Boy: 1.74 cm, G\u00f6\u011f\u00fcs: 78 cm, Bel: 58 cm, Basen: 87 cm<\/p>\n","protected":false},"excerpt":{"rendered":"<p>PREM\u0130UM YUMU\u015eAK DOKULU SOFT PEMBE KAZAK \u00d6ZELL\u0130KLER\u0130 Bisiklet yakal\u0131, d\u00fc\u015f\u00fck omuz, normal kal\u0131p premium yumu\u015fak dokulu kazak. \u0130\u00c7ER\u0130\u011e\u0130 VE YIKANMASI %74 Akrilik %19 Pes %7 Pbt 30 derecede hassas, sentetik ve narin programlar\u0131 so\u011fuk su ile y\u0131kanmal\u0131d\u0131r. El ile \u00f6l\u00e7\u00fcmlerde 2-3 cm farkl\u0131l\u0131k g\u00f6sterebilir. ATKI \u00dcR\u00dcNE DAH\u0130L DE\u011e\u0130LD\u0130R.Manken Bedeni: SM Manken \u00d6l\u00e7\u00fcs\u00fc: Boy: 1.74 cm, G\u00f6\u011f\u00fcs: 78 cm, Bel: 58 cm, Basen: 87 cm<\/p>\n","protected":false},"featured_media":41432,"comment_status":"open","ping_status":"closed","template":"","meta":[],"product_brand":[],"product_cat":[1909],"product_tag":[6744,7744,8450],"class_list":{"0":"post-41440","1":"product","2":"type-product","3":"status-publish","4":"has-post-thumbnail","6":"product_cat-bluzlar-ve-gomlekler","7":"product_tag-kadin-modasi","8":"product_tag-pembe","9":"product_tag-premium","10":"pa_brand-hooopstore","11":"pa_color-soft-pembe","12":"pa_size-l-xl-2","13":"pa_size-s-m","15":"first","16":"outofstock","17":"shipping-taxable","18":"product-type-variable"},"_links":{"self":[{"href":"https:\/\/mod.wisdar.net\/tr\/wp-json\/wp\/v2\/product\/41440","targetHints":{"allow":["GET"]}}],"collection":[{"href":"https:\/\/mod.wisdar.net\/tr\/wp-json\/wp\/v2\/product"}],"about":[{"href":"https:\/\/mod.wisdar.net\/tr\/wp-json\/wp\/v2\/types\/product"}],"replies":[{"embeddable":true,"href":"https:\/\/mod.wisdar.net\/tr\/wp-json\/wp\/v2\/comments?post=41440"}],"wp:featuredmedia":[{"embeddable":true,"href":"https:\/\/mod.wisdar.net\/tr\/wp-json\/wp\/v2\/media\/41432"}],"wp:attachment":[{"href":"https:\/\/mod.wisdar.net\/tr\/wp-json\/wp\/v2\/media?parent=41440"}],"wp:term":[{"taxonomy":"product_brand","embeddable":true,"href":"https:\/\/mod.wisdar.net\/tr\/wp-json\/wp\/v2\/product_brand?post=41440"},{"taxonomy":"product_cat","embeddable":true,"href":"https:\/\/mod.wisdar.net\/tr\/wp-json\/wp\/v2\/product_cat?post=41440"},{"taxonomy":"product_tag","embeddable":true,"href":"https:\/\/mod.wisdar.net\/tr\/wp-json\/wp\/v2\/product_tag?post=41440"}],"curies":[{"name":"wp","href":"https:\/\/api.w.org\/{rel}","templated":true}]}}