{"id":41480,"date":"2025-12-16T17:53:10","date_gmt":"2025-12-16T17:53:10","guid":{"rendered":"https:\/\/modesthanim.com\/product\/melanj-dokulu-ekru-kazak\/"},"modified":"2026-02-19T21:44:58","modified_gmt":"2026-02-19T21:44:58","slug":"melanj-dokulu-ekru-kazak","status":"publish","type":"product","link":"https:\/\/mod.wisdar.net\/tr\/urun\/melanj-dokulu-ekru-kazak\/","title":{"rendered":"Melanj Dokulu Ekru Kazak"},"content":{"rendered":"<p>MELANJ DOKULU EKRU KAZAK \u00d6ZELL\u0130KLER\u0130 Bisiklet yaka, basic, oversize kal\u0131p, melanj dokulu kazak. \u0130\u00c7ER\u0130\u011e\u0130 VE YIKANMASI %100 Pes 30 derecede hassas, sentetik ve narin programlar\u0131 ile y\u0131kanmal\u0131d\u0131r. El ile \u00f6l\u00e7\u00fcmlerde 2-3 cm farkl\u0131l\u0131k g\u00f6sterebilir. Manken Bedeni: S-M Manken \u00d6l\u00e7\u00fcs\u00fc: Boy: 1.78 cm, G\u00f6\u011f\u00fcs: 90 cm, Bel: 62 cm, Basen: 92 cm<\/p>\n","protected":false},"excerpt":{"rendered":"<p>MELANJ DOKULU EKRU KAZAK \u00d6ZELL\u0130KLER\u0130 Bisiklet yaka, basic, oversize kal\u0131p, melanj dokulu kazak. \u0130\u00c7ER\u0130\u011e\u0130 VE YIKANMASI %100 Pes 30 derecede hassas, sentetik ve narin programlar\u0131 ile y\u0131kanmal\u0131d\u0131r. El ile \u00f6l\u00e7\u00fcmlerde 2-3 cm farkl\u0131l\u0131k g\u00f6sterebilir. Manken Bedeni: S-M Manken \u00d6l\u00e7\u00fcs\u00fc: Boy: 1.78 cm, G\u00f6\u011f\u00fcs: 90 cm, Bel: 62 cm, Basen: 92 cm<\/p>\n","protected":false},"featured_media":41471,"comment_status":"open","ping_status":"closed","template":"","meta":[],"product_brand":[],"product_cat":[1909],"product_tag":[],"class_list":{"0":"post-41480","1":"product","2":"type-product","3":"status-publish","4":"has-post-thumbnail","6":"product_cat-bluzlar-ve-gomlekler","7":"pa_brand-hooopstore","8":"pa_color-ekru","9":"pa_size-l-xl-2","10":"pa_size-s-m","12":"first","13":"outofstock","14":"shipping-taxable","15":"product-type-variable"},"_links":{"self":[{"href":"https:\/\/mod.wisdar.net\/tr\/wp-json\/wp\/v2\/product\/41480","targetHints":{"allow":["GET"]}}],"collection":[{"href":"https:\/\/mod.wisdar.net\/tr\/wp-json\/wp\/v2\/product"}],"about":[{"href":"https:\/\/mod.wisdar.net\/tr\/wp-json\/wp\/v2\/types\/product"}],"replies":[{"embeddable":true,"href":"https:\/\/mod.wisdar.net\/tr\/wp-json\/wp\/v2\/comments?post=41480"}],"wp:featuredmedia":[{"embeddable":true,"href":"https:\/\/mod.wisdar.net\/tr\/wp-json\/wp\/v2\/media\/41471"}],"wp:attachment":[{"href":"https:\/\/mod.wisdar.net\/tr\/wp-json\/wp\/v2\/media?parent=41480"}],"wp:term":[{"taxonomy":"product_brand","embeddable":true,"href":"https:\/\/mod.wisdar.net\/tr\/wp-json\/wp\/v2\/product_brand?post=41480"},{"taxonomy":"product_cat","embeddable":true,"href":"https:\/\/mod.wisdar.net\/tr\/wp-json\/wp\/v2\/product_cat?post=41480"},{"taxonomy":"product_tag","embeddable":true,"href":"https:\/\/mod.wisdar.net\/tr\/wp-json\/wp\/v2\/product_tag?post=41480"}],"curies":[{"name":"wp","href":"https:\/\/api.w.org\/{rel}","templated":true}]}}