{"id":41643,"date":"2025-12-16T17:56:26","date_gmt":"2025-12-16T17:56:26","guid":{"rendered":"https:\/\/modesthanim.com\/product\/desenli-lacivert-hirka\/"},"modified":"2026-01-14T20:16:27","modified_gmt":"2026-01-14T20:16:27","slug":"desenli-lacivert-hirka","status":"publish","type":"product","link":"https:\/\/mod.wisdar.net\/tr\/urun\/desenli-lacivert-hirka\/","title":{"rendered":"Desenli Lacivert H\u0131rka"},"content":{"rendered":"<p>Desenli H\u0131rka \u00d6zellikleri<br \/>\n\u015eardonlanm\u0131\u015f, \u00f6zel ipliklerden tasarlanm\u0131\u015f, desenli h\u0131rka, V yaka, diki\u015f detayl\u0131, \u00f6nden d\u00fc\u011fmeli, bol kesim h\u0131rka.<br \/>\n%80 Akrilik %13 Pes %7 Elit<br \/>\nElde y\u0131kama yap\u0131n\u0131z ve sererek kurutunuz. Katl\u0131 muhafaza ediniz.<\/p>\n","protected":false},"excerpt":{"rendered":"<p>Desenli H\u0131rka \u00d6zellikleri<br \/>\n\u015eardonlanm\u0131\u015f, \u00f6zel ipliklerden tasarlanm\u0131\u015f, desenli h\u0131rka, V yaka, diki\u015f detayl\u0131, \u00f6nden d\u00fc\u011fmeli, bol kesim h\u0131rka.<br \/>\n%80 Akrilik %13 Pes %7 Elit<br \/>\nElde y\u0131kama yap\u0131n\u0131z ve sererek kurutunuz. Katl\u0131 muhafaza ediniz.<\/p>\n","protected":false},"featured_media":41633,"comment_status":"open","ping_status":"closed","template":"","meta":[],"product_brand":[],"product_cat":[1909],"product_tag":[7326,7426,7895,7238],"class_list":{"0":"post-41643","1":"product","2":"type-product","3":"status-publish","4":"has-post-thumbnail","6":"product_cat-bluzlar-ve-gomlekler","7":"product_tag-bol-kesim","8":"product_tag-gunluk-giyim-3","9":"product_tag-kis-modasi","10":"product_tag-lacivert","11":"pa_brand-hooopstore","12":"pa_color-lacivert","13":"pa_size-std","15":"first","16":"instock","17":"shipping-taxable","18":"purchasable","19":"product-type-variable"},"_links":{"self":[{"href":"https:\/\/mod.wisdar.net\/tr\/wp-json\/wp\/v2\/product\/41643","targetHints":{"allow":["GET"]}}],"collection":[{"href":"https:\/\/mod.wisdar.net\/tr\/wp-json\/wp\/v2\/product"}],"about":[{"href":"https:\/\/mod.wisdar.net\/tr\/wp-json\/wp\/v2\/types\/product"}],"replies":[{"embeddable":true,"href":"https:\/\/mod.wisdar.net\/tr\/wp-json\/wp\/v2\/comments?post=41643"}],"wp:featuredmedia":[{"embeddable":true,"href":"https:\/\/mod.wisdar.net\/tr\/wp-json\/wp\/v2\/media\/41633"}],"wp:attachment":[{"href":"https:\/\/mod.wisdar.net\/tr\/wp-json\/wp\/v2\/media?parent=41643"}],"wp:term":[{"taxonomy":"product_brand","embeddable":true,"href":"https:\/\/mod.wisdar.net\/tr\/wp-json\/wp\/v2\/product_brand?post=41643"},{"taxonomy":"product_cat","embeddable":true,"href":"https:\/\/mod.wisdar.net\/tr\/wp-json\/wp\/v2\/product_cat?post=41643"},{"taxonomy":"product_tag","embeddable":true,"href":"https:\/\/mod.wisdar.net\/tr\/wp-json\/wp\/v2\/product_tag?post=41643"}],"curies":[{"name":"wp","href":"https:\/\/api.w.org\/{rel}","templated":true}]}}