{"id":41688,"date":"2025-12-16T17:57:17","date_gmt":"2025-12-16T17:57:17","guid":{"rendered":"https:\/\/modesthanim.com\/product\/dugme-detayli-gri-hirka\/"},"modified":"2026-01-14T20:12:28","modified_gmt":"2026-01-14T20:12:28","slug":"dugme-detayli-gri-hirka","status":"publish","type":"product","link":"https:\/\/mod.wisdar.net\/tr\/urun\/dugme-detayli-gri-hirka\/","title":{"rendered":"D\u00fc\u011fme Detayl\u0131 Gri H\u0131rka"},"content":{"rendered":"<p>Premium Ta\u015f D\u00fc\u011fmeli H\u0131rka \u00d6zellikleri<br \/>\n\u00d6nden V yaka,  ta\u015f aksesuar ve inci d\u00fc\u011fmeler ile tasarlanm\u0131\u015f, sakal ipliklerden dokunmu\u015f h\u0131rka.<br \/>\n%78 Nylon %25 Pes<br \/>\nElde y\u0131kama yap\u0131n\u0131z. Sererek kurutunuz ya da kuru temizleme yap\u0131n\u0131z.<\/p>\n","protected":false},"excerpt":{"rendered":"<p>Premium Ta\u015f D\u00fc\u011fmeli H\u0131rka \u00d6zellikleri<br \/>\n\u00d6nden V yaka,  ta\u015f aksesuar ve inci d\u00fc\u011fmeler ile tasarlanm\u0131\u015f, sakal ipliklerden dokunmu\u015f h\u0131rka.<br \/>\n%78 Nylon %25 Pes<br \/>\nElde y\u0131kama yap\u0131n\u0131z. Sererek kurutunuz ya da kuru temizleme yap\u0131n\u0131z.<\/p>\n","protected":false},"featured_media":41680,"comment_status":"open","ping_status":"closed","template":"","meta":[],"product_brand":[],"product_cat":[1909],"product_tag":[7426,7308,8450],"class_list":{"0":"post-41688","1":"product","2":"type-product","3":"status-publish","4":"has-post-thumbnail","6":"product_cat-bluzlar-ve-gomlekler","7":"product_tag-gunluk-giyim-3","8":"product_tag-hirka","9":"product_tag-premium","10":"pa_brand-hooopstore","11":"pa_color-gri","12":"pa_size-standart","14":"first","15":"instock","16":"shipping-taxable","17":"purchasable","18":"product-type-variable"},"_links":{"self":[{"href":"https:\/\/mod.wisdar.net\/tr\/wp-json\/wp\/v2\/product\/41688","targetHints":{"allow":["GET"]}}],"collection":[{"href":"https:\/\/mod.wisdar.net\/tr\/wp-json\/wp\/v2\/product"}],"about":[{"href":"https:\/\/mod.wisdar.net\/tr\/wp-json\/wp\/v2\/types\/product"}],"replies":[{"embeddable":true,"href":"https:\/\/mod.wisdar.net\/tr\/wp-json\/wp\/v2\/comments?post=41688"}],"wp:featuredmedia":[{"embeddable":true,"href":"https:\/\/mod.wisdar.net\/tr\/wp-json\/wp\/v2\/media\/41680"}],"wp:attachment":[{"href":"https:\/\/mod.wisdar.net\/tr\/wp-json\/wp\/v2\/media?parent=41688"}],"wp:term":[{"taxonomy":"product_brand","embeddable":true,"href":"https:\/\/mod.wisdar.net\/tr\/wp-json\/wp\/v2\/product_brand?post=41688"},{"taxonomy":"product_cat","embeddable":true,"href":"https:\/\/mod.wisdar.net\/tr\/wp-json\/wp\/v2\/product_cat?post=41688"},{"taxonomy":"product_tag","embeddable":true,"href":"https:\/\/mod.wisdar.net\/tr\/wp-json\/wp\/v2\/product_tag?post=41688"}],"curies":[{"name":"wp","href":"https:\/\/api.w.org\/{rel}","templated":true}]}}