{"id":41724,"date":"2025-12-16T17:58:39","date_gmt":"2025-12-16T17:58:39","guid":{"rendered":"https:\/\/modesthanim.com\/product\/desenli-siyah-hirka\/"},"modified":"2026-02-19T21:45:24","modified_gmt":"2026-02-19T21:45:24","slug":"desenli-siyah-hirka","status":"publish","type":"product","link":"https:\/\/mod.wisdar.net\/tr\/urun\/desenli-siyah-hirka\/","title":{"rendered":"Desenli Siyah H\u0131rka"},"content":{"rendered":"<p>Desenli H\u0131rka \u00d6zellikleri<br \/>\n\u015eardonlanm\u0131\u015f, \u00f6zel ipliklerden tasarlanm\u0131\u015f, desenli h\u0131rka, V yaka, diki\u015f detayl\u0131, \u00f6nden d\u00fc\u011fmeli, bol kesim h\u0131rka.<br \/>\n%80 Akrilik %13 Pes %7 Elit<br \/>\nElde y\u0131kama yap\u0131n\u0131z ve sererek kurutunuz. Katl\u0131 muhafaza ediniz.<\/p>\n","protected":false},"excerpt":{"rendered":"<p>Desenli H\u0131rka \u00d6zellikleri<br \/>\n\u015eardonlanm\u0131\u015f, \u00f6zel ipliklerden tasarlanm\u0131\u015f, desenli h\u0131rka, V yaka, diki\u015f detayl\u0131, \u00f6nden d\u00fc\u011fmeli, bol kesim h\u0131rka.<br \/>\n%80 Akrilik %13 Pes %7 Elit<br \/>\nElde y\u0131kama yap\u0131n\u0131z ve sererek kurutunuz. Katl\u0131 muhafaza ediniz.<\/p>\n","protected":false},"featured_media":41717,"comment_status":"open","ping_status":"closed","template":"","meta":[],"product_brand":[],"product_cat":[1909],"product_tag":[7326,6769,7308,7074],"class_list":{"0":"post-41724","1":"product","2":"type-product","3":"status-publish","4":"has-post-thumbnail","6":"product_cat-bluzlar-ve-gomlekler","7":"product_tag-bol-kesim","8":"product_tag-desenli","9":"product_tag-hirka","10":"product_tag-siyah","11":"pa_brand-hooopstore","12":"pa_color-siyah","13":"pa_size-std","15":"first","16":"outofstock","17":"shipping-taxable","18":"product-type-variable"},"_links":{"self":[{"href":"https:\/\/mod.wisdar.net\/tr\/wp-json\/wp\/v2\/product\/41724","targetHints":{"allow":["GET"]}}],"collection":[{"href":"https:\/\/mod.wisdar.net\/tr\/wp-json\/wp\/v2\/product"}],"about":[{"href":"https:\/\/mod.wisdar.net\/tr\/wp-json\/wp\/v2\/types\/product"}],"replies":[{"embeddable":true,"href":"https:\/\/mod.wisdar.net\/tr\/wp-json\/wp\/v2\/comments?post=41724"}],"wp:featuredmedia":[{"embeddable":true,"href":"https:\/\/mod.wisdar.net\/tr\/wp-json\/wp\/v2\/media\/41717"}],"wp:attachment":[{"href":"https:\/\/mod.wisdar.net\/tr\/wp-json\/wp\/v2\/media?parent=41724"}],"wp:term":[{"taxonomy":"product_brand","embeddable":true,"href":"https:\/\/mod.wisdar.net\/tr\/wp-json\/wp\/v2\/product_brand?post=41724"},{"taxonomy":"product_cat","embeddable":true,"href":"https:\/\/mod.wisdar.net\/tr\/wp-json\/wp\/v2\/product_cat?post=41724"},{"taxonomy":"product_tag","embeddable":true,"href":"https:\/\/mod.wisdar.net\/tr\/wp-json\/wp\/v2\/product_tag?post=41724"}],"curies":[{"name":"wp","href":"https:\/\/api.w.org\/{rel}","templated":true}]}}