{"id":41733,"date":"2025-12-16T17:58:38","date_gmt":"2025-12-16T17:58:38","guid":{"rendered":"https:\/\/modesthanim.com\/product\/perla-krem-triko-hirka\/"},"modified":"2026-04-03T06:41:06","modified_gmt":"2026-04-03T06:41:06","slug":"perla-krem-triko-hirka","status":"publish","type":"product","link":"https:\/\/mod.wisdar.net\/tr\/urun\/perla-krem-triko-hirka\/","title":{"rendered":"Perla Krem Triko H\u0131rka"},"content":{"rendered":"<p>Perla Triko H\u0131rka \u00d6zellikleri<br \/>\nBisiklet yaka, \u00f6nden d\u00fc\u011fmeli, yumu\u015fak dokulu triko h\u0131rka.<br \/>\n%95 Viscose %5 Nylon<br \/>\nElde y\u0131kama yap\u0131n\u0131z. Sererek kurutunuz ya da kuru temizleme yap\u0131n\u0131z.<\/p>\n","protected":false},"excerpt":{"rendered":"<p>Perla Triko H\u0131rka \u00d6zellikleri<br \/>\nBisiklet yaka, \u00f6nden d\u00fc\u011fmeli, yumu\u015fak dokulu triko h\u0131rka.<br \/>\n%95 Viscose %5 Nylon<br \/>\nElde y\u0131kama yap\u0131n\u0131z. Sererek kurutunuz ya da kuru temizleme yap\u0131n\u0131z.<\/p>\n","protected":false},"featured_media":41725,"comment_status":"open","ping_status":"closed","template":"","meta":[],"product_brand":[],"product_cat":[1909],"product_tag":[5012,7308],"class_list":{"0":"post-41733","1":"product","2":"type-product","3":"status-publish","4":"has-post-thumbnail","6":"product_cat-bluzlar-ve-gomlekler","7":"product_tag-elegant","8":"product_tag-hirka","9":"pa_brand-hooopstore","10":"pa_color-krem-rengi","11":"pa_size-l-xl-2","12":"pa_size-s-m","14":"first","15":"instock","16":"sale","17":"shipping-taxable","18":"purchasable","19":"product-type-variable"},"_links":{"self":[{"href":"https:\/\/mod.wisdar.net\/tr\/wp-json\/wp\/v2\/product\/41733","targetHints":{"allow":["GET"]}}],"collection":[{"href":"https:\/\/mod.wisdar.net\/tr\/wp-json\/wp\/v2\/product"}],"about":[{"href":"https:\/\/mod.wisdar.net\/tr\/wp-json\/wp\/v2\/types\/product"}],"replies":[{"embeddable":true,"href":"https:\/\/mod.wisdar.net\/tr\/wp-json\/wp\/v2\/comments?post=41733"}],"wp:featuredmedia":[{"embeddable":true,"href":"https:\/\/mod.wisdar.net\/tr\/wp-json\/wp\/v2\/media\/41725"}],"wp:attachment":[{"href":"https:\/\/mod.wisdar.net\/tr\/wp-json\/wp\/v2\/media?parent=41733"}],"wp:term":[{"taxonomy":"product_brand","embeddable":true,"href":"https:\/\/mod.wisdar.net\/tr\/wp-json\/wp\/v2\/product_brand?post=41733"},{"taxonomy":"product_cat","embeddable":true,"href":"https:\/\/mod.wisdar.net\/tr\/wp-json\/wp\/v2\/product_cat?post=41733"},{"taxonomy":"product_tag","embeddable":true,"href":"https:\/\/mod.wisdar.net\/tr\/wp-json\/wp\/v2\/product_tag?post=41733"}],"curies":[{"name":"wp","href":"https:\/\/api.w.org\/{rel}","templated":true}]}}