{"id":41795,"date":"2025-12-16T18:00:52","date_gmt":"2025-12-16T18:00:52","guid":{"rendered":"https:\/\/modesthanim.com\/product\/premium-bisiklet-yaka-vizon-triko-hirka\/"},"modified":"2026-04-03T06:41:32","modified_gmt":"2026-04-03T06:41:32","slug":"premium-bisiklet-yaka-vizon-triko-hirka","status":"publish","type":"product","link":"https:\/\/mod.wisdar.net\/tr\/urun\/premium-bisiklet-yaka-vizon-triko-hirka\/","title":{"rendered":"Premium Bisiklet Yaka Vizon Triko H\u0131rka"},"content":{"rendered":"<p>Premium Bisiklet Yaka Triko H\u0131rka \u00d6zellikleri<br \/>\nBisiklet yaka, \u00f6nden d\u00fc\u011fmeli, yumu\u015fak dokulu premium h\u0131rka.<\/p>\n<p>% 100 Cospan<\/p>\n<p>Elde y\u0131kama yap\u0131n\u0131z. Sererek kurutunuz ya da kuru temizleme yap\u0131n\u0131z.<\/p>\n","protected":false},"excerpt":{"rendered":"<p>Premium Bisiklet Yaka Triko H\u0131rka \u00d6zellikleri<br \/>\nBisiklet yaka, \u00f6nden d\u00fc\u011fmeli, yumu\u015fak dokulu premium h\u0131rka.<\/p>\n<p>% 100 Cospan<\/p>\n<p>Elde y\u0131kama yap\u0131n\u0131z. Sererek kurutunuz ya da kuru temizleme yap\u0131n\u0131z.<\/p>\n","protected":false},"featured_media":41788,"comment_status":"open","ping_status":"closed","template":"","meta":[],"product_brand":[],"product_cat":[1909],"product_tag":[7308,8450],"class_list":{"0":"post-41795","1":"product","2":"type-product","3":"status-publish","4":"has-post-thumbnail","6":"product_cat-bluzlar-ve-gomlekler","7":"product_tag-hirka","8":"product_tag-premium","9":"pa_brand-hooopstore","10":"pa_color-vizon-rengi","11":"pa_size-m-l","12":"pa_size-s-m","14":"first","15":"instock","16":"sale","17":"shipping-taxable","18":"purchasable","19":"product-type-variable"},"_links":{"self":[{"href":"https:\/\/mod.wisdar.net\/tr\/wp-json\/wp\/v2\/product\/41795","targetHints":{"allow":["GET"]}}],"collection":[{"href":"https:\/\/mod.wisdar.net\/tr\/wp-json\/wp\/v2\/product"}],"about":[{"href":"https:\/\/mod.wisdar.net\/tr\/wp-json\/wp\/v2\/types\/product"}],"replies":[{"embeddable":true,"href":"https:\/\/mod.wisdar.net\/tr\/wp-json\/wp\/v2\/comments?post=41795"}],"wp:featuredmedia":[{"embeddable":true,"href":"https:\/\/mod.wisdar.net\/tr\/wp-json\/wp\/v2\/media\/41788"}],"wp:attachment":[{"href":"https:\/\/mod.wisdar.net\/tr\/wp-json\/wp\/v2\/media?parent=41795"}],"wp:term":[{"taxonomy":"product_brand","embeddable":true,"href":"https:\/\/mod.wisdar.net\/tr\/wp-json\/wp\/v2\/product_brand?post=41795"},{"taxonomy":"product_cat","embeddable":true,"href":"https:\/\/mod.wisdar.net\/tr\/wp-json\/wp\/v2\/product_cat?post=41795"},{"taxonomy":"product_tag","embeddable":true,"href":"https:\/\/mod.wisdar.net\/tr\/wp-json\/wp\/v2\/product_tag?post=41795"}],"curies":[{"name":"wp","href":"https:\/\/api.w.org\/{rel}","templated":true}]}}