{"id":41845,"date":"2025-12-16T18:02:36","date_gmt":"2025-12-16T18:02:36","guid":{"rendered":"https:\/\/modesthanim.com\/product\/perla-lacivert-triko-hirka\/"},"modified":"2026-01-14T20:16:20","modified_gmt":"2026-01-14T20:16:20","slug":"perla-lacivert-triko-hirka","status":"publish","type":"product","link":"https:\/\/mod.wisdar.net\/tr\/urun\/perla-lacivert-triko-hirka\/","title":{"rendered":"Perla Lacivert Triko H\u0131rka"},"content":{"rendered":"<p>Perla Triko H\u0131rka \u00d6zellikleri<br \/>\nBisiklet yaka, \u00f6nden d\u00fc\u011fmeli, yumu\u015fak dokulu triko h\u0131rka.<br \/>\n%95 Viscose %5 Nylon<br \/>\nElde y\u0131kama yap\u0131n\u0131z. Sererek kurutunuz ya da kuru temizleme yap\u0131n\u0131z.<\/p>\n","protected":false},"excerpt":{"rendered":"<p>Perla Triko H\u0131rka \u00d6zellikleri<br \/>\nBisiklet yaka, \u00f6nden d\u00fc\u011fmeli, yumu\u015fak dokulu triko h\u0131rka.<br \/>\n%95 Viscose %5 Nylon<br \/>\nElde y\u0131kama yap\u0131n\u0131z. Sererek kurutunuz ya da kuru temizleme yap\u0131n\u0131z.<\/p>\n","protected":false},"featured_media":41831,"comment_status":"open","ping_status":"closed","template":"","meta":[],"product_brand":[],"product_cat":[1909],"product_tag":[7419,7308,6744,7238],"class_list":{"0":"post-41845","1":"product","2":"type-product","3":"status-publish","4":"has-post-thumbnail","6":"product_cat-bluzlar-ve-gomlekler","7":"product_tag-gunluk","8":"product_tag-hirka","9":"product_tag-kadin-modasi","10":"product_tag-lacivert","11":"pa_brand-hooopstore","12":"pa_color-lacivert","13":"pa_size-l-xl-2","14":"pa_size-s-m","16":"first","17":"instock","18":"sale","19":"shipping-taxable","20":"purchasable","21":"product-type-variable"},"_links":{"self":[{"href":"https:\/\/mod.wisdar.net\/tr\/wp-json\/wp\/v2\/product\/41845","targetHints":{"allow":["GET"]}}],"collection":[{"href":"https:\/\/mod.wisdar.net\/tr\/wp-json\/wp\/v2\/product"}],"about":[{"href":"https:\/\/mod.wisdar.net\/tr\/wp-json\/wp\/v2\/types\/product"}],"replies":[{"embeddable":true,"href":"https:\/\/mod.wisdar.net\/tr\/wp-json\/wp\/v2\/comments?post=41845"}],"wp:featuredmedia":[{"embeddable":true,"href":"https:\/\/mod.wisdar.net\/tr\/wp-json\/wp\/v2\/media\/41831"}],"wp:attachment":[{"href":"https:\/\/mod.wisdar.net\/tr\/wp-json\/wp\/v2\/media?parent=41845"}],"wp:term":[{"taxonomy":"product_brand","embeddable":true,"href":"https:\/\/mod.wisdar.net\/tr\/wp-json\/wp\/v2\/product_brand?post=41845"},{"taxonomy":"product_cat","embeddable":true,"href":"https:\/\/mod.wisdar.net\/tr\/wp-json\/wp\/v2\/product_cat?post=41845"},{"taxonomy":"product_tag","embeddable":true,"href":"https:\/\/mod.wisdar.net\/tr\/wp-json\/wp\/v2\/product_tag?post=41845"}],"curies":[{"name":"wp","href":"https:\/\/api.w.org\/{rel}","templated":true}]}}