{"id":41881,"date":"2025-12-16T18:03:41","date_gmt":"2025-12-16T18:03:41","guid":{"rendered":"https:\/\/modesthanim.com\/product\/buklet-dokulu-lacivert-hirka\/"},"modified":"2026-04-15T22:09:52","modified_gmt":"2026-04-15T22:09:52","slug":"buklet-dokulu-lacivert-hirka","status":"publish","type":"product","link":"https:\/\/mod.wisdar.net\/tr\/urun\/buklet-dokulu-lacivert-hirka\/","title":{"rendered":"Buklet Dokulu Lacivert H\u0131rka"},"content":{"rendered":"<p>Buklet Dokulu H\u0131rka \u00d6zellikleri<br \/>\nBisiklet yaka, takma omuz, \u00f6nden metal gold d\u00fc\u011fmeli, \u00f6nden s\u00fcs cepli buklet ipliklerden tasarlanm\u0131\u015f dokulu h\u0131rka<br \/>\n%100 Pamuk Buklet<br \/>\nElde y\u0131kama yap\u0131n\u0131z ve sererek kurutunuz. Katl\u0131 muhafaza ediniz.<\/p>\n<p>\u2014 Technical Details \u2014<br \/>\nboy: 60 cm<br \/>\ng\u00f6\u011f\u00fcs_\u00e7evresi: 92 cm<\/p>\n","protected":false},"excerpt":{"rendered":"<p>Buklet Dokulu H\u0131rka \u00d6zellikleri<br \/>\nBisiklet yaka, takma omuz, \u00f6nden metal gold d\u00fc\u011fmeli, \u00f6nden s\u00fcs cepli buklet ipliklerden tasarlanm\u0131\u015f dokulu h\u0131rka<br \/>\n%100 Pamuk Buklet<br \/>\nElde y\u0131kama yap\u0131n\u0131z ve sererek kurutunuz. Katl\u0131 muhafaza ediniz.<\/p>\n<p>\u2014 Technical Details \u2014<br \/>\nboy: 60 cm<br \/>\ng\u00f6\u011f\u00fcs_\u00e7evresi: 92 cm<\/p>\n","protected":false},"featured_media":41874,"comment_status":"open","ping_status":"closed","template":"","meta":[],"product_brand":[],"product_cat":[1909],"product_tag":[8376,8457,8303,7238,7488],"class_list":{"0":"post-41881","1":"product","2":"type-product","3":"status-publish","4":"has-post-thumbnail","6":"product_cat-bluzlar-ve-gomlekler","7":"product_tag-altin-dugmeler","8":"product_tag-bukle","9":"product_tag-dusuk-omuz","10":"product_tag-lacivert","11":"product_tag-pamuk","12":"pa_brand-hooopstore","13":"pa_color-lacivert","14":"pa_size-std","16":"first","17":"instock","18":"sale","19":"shipping-taxable","20":"purchasable","21":"product-type-variable"},"_links":{"self":[{"href":"https:\/\/mod.wisdar.net\/tr\/wp-json\/wp\/v2\/product\/41881","targetHints":{"allow":["GET"]}}],"collection":[{"href":"https:\/\/mod.wisdar.net\/tr\/wp-json\/wp\/v2\/product"}],"about":[{"href":"https:\/\/mod.wisdar.net\/tr\/wp-json\/wp\/v2\/types\/product"}],"replies":[{"embeddable":true,"href":"https:\/\/mod.wisdar.net\/tr\/wp-json\/wp\/v2\/comments?post=41881"}],"wp:featuredmedia":[{"embeddable":true,"href":"https:\/\/mod.wisdar.net\/tr\/wp-json\/wp\/v2\/media\/41874"}],"wp:attachment":[{"href":"https:\/\/mod.wisdar.net\/tr\/wp-json\/wp\/v2\/media?parent=41881"}],"wp:term":[{"taxonomy":"product_brand","embeddable":true,"href":"https:\/\/mod.wisdar.net\/tr\/wp-json\/wp\/v2\/product_brand?post=41881"},{"taxonomy":"product_cat","embeddable":true,"href":"https:\/\/mod.wisdar.net\/tr\/wp-json\/wp\/v2\/product_cat?post=41881"},{"taxonomy":"product_tag","embeddable":true,"href":"https:\/\/mod.wisdar.net\/tr\/wp-json\/wp\/v2\/product_tag?post=41881"}],"curies":[{"name":"wp","href":"https:\/\/api.w.org\/{rel}","templated":true}]}}