{"id":41907,"date":"2025-12-16T18:04:24","date_gmt":"2025-12-16T18:04:24","guid":{"rendered":"https:\/\/modesthanim.com\/product\/gold-dugme-detayli-tuylu-siyah-hirka\/"},"modified":"2026-01-14T20:13:13","modified_gmt":"2026-01-14T20:13:13","slug":"gold-dugme-detayli-tuylu-siyah-hirka","status":"publish","type":"product","link":"https:\/\/mod.wisdar.net\/tr\/urun\/gold-dugme-detayli-tuylu-siyah-hirka\/","title":{"rendered":"Gold D\u00fc\u011fme Detayl\u0131 T\u00fcyl\u00fc Siyah H\u0131rka"},"content":{"rendered":"<p>Gold D\u00fc\u011fme Detayl\u0131 T\u00fcyl\u00fc H\u0131rka \u00d6zellikleri<br \/>\nBisiklet yaka, \u00f6nden gold d\u00fc\u011fmeli ve cepli t\u00fcyl\u00fc premium dokuda regular kesim h\u0131rka.<br \/>\n%100 Pamuk Sakal \u0130plik<br \/>\nYaln\u0131zca kuru temizleme yap\u0131n\u0131z<\/p>\n","protected":false},"excerpt":{"rendered":"<p>Gold D\u00fc\u011fme Detayl\u0131 T\u00fcyl\u00fc H\u0131rka \u00d6zellikleri<br \/>\nBisiklet yaka, \u00f6nden gold d\u00fc\u011fmeli ve cepli t\u00fcyl\u00fc premium dokuda regular kesim h\u0131rka.<br \/>\n%100 Pamuk Sakal \u0130plik<br \/>\nYaln\u0131zca kuru temizleme yap\u0131n\u0131z<\/p>\n","protected":false},"featured_media":41899,"comment_status":"open","ping_status":"closed","template":"","meta":[],"product_brand":[],"product_cat":[1909],"product_tag":[8376,7308,7895,7896,7972],"class_list":{"0":"post-41907","1":"product","2":"type-product","3":"status-publish","4":"has-post-thumbnail","6":"product_cat-bluzlar-ve-gomlekler","7":"product_tag-altin-dugmeler","8":"product_tag-hirka","9":"product_tag-kis-modasi","10":"product_tag-rahat-kazak","11":"product_tag-suni-kurk","12":"pa_brand-hooopstore","13":"pa_color-siyah","14":"pa_size-std","16":"first","17":"instock","18":"shipping-taxable","19":"purchasable","20":"product-type-variable"},"_links":{"self":[{"href":"https:\/\/mod.wisdar.net\/tr\/wp-json\/wp\/v2\/product\/41907","targetHints":{"allow":["GET"]}}],"collection":[{"href":"https:\/\/mod.wisdar.net\/tr\/wp-json\/wp\/v2\/product"}],"about":[{"href":"https:\/\/mod.wisdar.net\/tr\/wp-json\/wp\/v2\/types\/product"}],"replies":[{"embeddable":true,"href":"https:\/\/mod.wisdar.net\/tr\/wp-json\/wp\/v2\/comments?post=41907"}],"wp:featuredmedia":[{"embeddable":true,"href":"https:\/\/mod.wisdar.net\/tr\/wp-json\/wp\/v2\/media\/41899"}],"wp:attachment":[{"href":"https:\/\/mod.wisdar.net\/tr\/wp-json\/wp\/v2\/media?parent=41907"}],"wp:term":[{"taxonomy":"product_brand","embeddable":true,"href":"https:\/\/mod.wisdar.net\/tr\/wp-json\/wp\/v2\/product_brand?post=41907"},{"taxonomy":"product_cat","embeddable":true,"href":"https:\/\/mod.wisdar.net\/tr\/wp-json\/wp\/v2\/product_cat?post=41907"},{"taxonomy":"product_tag","embeddable":true,"href":"https:\/\/mod.wisdar.net\/tr\/wp-json\/wp\/v2\/product_tag?post=41907"}],"curies":[{"name":"wp","href":"https:\/\/api.w.org\/{rel}","templated":true}]}}