{"id":41950,"date":"2025-12-16T18:05:40","date_gmt":"2025-12-16T18:05:40","guid":{"rendered":"https:\/\/modesthanim.com\/product\/buklet-dokulu-fume-hirka\/"},"modified":"2026-04-15T22:56:37","modified_gmt":"2026-04-15T22:56:37","slug":"buklet-dokulu-fume-hirka","status":"publish","type":"product","link":"https:\/\/mod.wisdar.net\/tr\/urun\/buklet-dokulu-fume-hirka\/","title":{"rendered":"Buklet Dokulu F\u00fcme H\u0131rka"},"content":{"rendered":"<p>Buklet Dokulu H\u0131rka \u00d6zellikleri<br \/>\nBisiklet yaka, takma omuz, \u00f6nden metal gold d\u00fc\u011fmeli, \u00f6nden s\u00fcs cepli buklet ipliklerden tasarlanm\u0131\u015f dokulu h\u0131rka.<br \/>\n%100 Pamuk Buklet<br \/>\nElde y\u0131kama yap\u0131n\u0131z ve sererek kurutunuz. Katl\u0131 muhafaza ediniz.<\/p>\n","protected":false},"excerpt":{"rendered":"<p>Buklet Dokulu H\u0131rka \u00d6zellikleri<br \/>\nBisiklet yaka, takma omuz, \u00f6nden metal gold d\u00fc\u011fmeli, \u00f6nden s\u00fcs cepli buklet ipliklerden tasarlanm\u0131\u015f dokulu h\u0131rka.<br \/>\n%100 Pamuk Buklet<br \/>\nElde y\u0131kama yap\u0131n\u0131z ve sererek kurutunuz. Katl\u0131 muhafaza ediniz.<\/p>\n","protected":false},"featured_media":41941,"comment_status":"open","ping_status":"closed","template":"","meta":[],"product_brand":[],"product_cat":[1909],"product_tag":[8457,7865,7419,7308,7488,8399],"class_list":{"0":"post-41950","1":"product","2":"type-product","3":"status-publish","4":"has-post-thumbnail","6":"product_cat-bluzlar-ve-gomlekler","7":"product_tag-bukle","8":"product_tag-dokulu","9":"product_tag-gunluk","10":"product_tag-hirka","11":"product_tag-pamuk","12":"product_tag-sik-2","13":"pa_brand-hooopstore","14":"pa_color-fume-rengi","15":"pa_size-std","17":"first","18":"instock","19":"sale","20":"shipping-taxable","21":"purchasable","22":"product-type-variable"},"_links":{"self":[{"href":"https:\/\/mod.wisdar.net\/tr\/wp-json\/wp\/v2\/product\/41950","targetHints":{"allow":["GET"]}}],"collection":[{"href":"https:\/\/mod.wisdar.net\/tr\/wp-json\/wp\/v2\/product"}],"about":[{"href":"https:\/\/mod.wisdar.net\/tr\/wp-json\/wp\/v2\/types\/product"}],"replies":[{"embeddable":true,"href":"https:\/\/mod.wisdar.net\/tr\/wp-json\/wp\/v2\/comments?post=41950"}],"wp:featuredmedia":[{"embeddable":true,"href":"https:\/\/mod.wisdar.net\/tr\/wp-json\/wp\/v2\/media\/41941"}],"wp:attachment":[{"href":"https:\/\/mod.wisdar.net\/tr\/wp-json\/wp\/v2\/media?parent=41950"}],"wp:term":[{"taxonomy":"product_brand","embeddable":true,"href":"https:\/\/mod.wisdar.net\/tr\/wp-json\/wp\/v2\/product_brand?post=41950"},{"taxonomy":"product_cat","embeddable":true,"href":"https:\/\/mod.wisdar.net\/tr\/wp-json\/wp\/v2\/product_cat?post=41950"},{"taxonomy":"product_tag","embeddable":true,"href":"https:\/\/mod.wisdar.net\/tr\/wp-json\/wp\/v2\/product_tag?post=41950"}],"curies":[{"name":"wp","href":"https:\/\/api.w.org\/{rel}","templated":true}]}}