{"id":42057,"date":"2025-12-16T18:09:07","date_gmt":"2025-12-16T18:09:07","guid":{"rendered":"https:\/\/modesthanim.com\/product\/buzgu-detayli-siyah-hirka\/"},"modified":"2026-04-03T07:01:00","modified_gmt":"2026-04-03T07:01:00","slug":"buzgu-detayli-siyah-hirka","status":"publish","type":"product","link":"https:\/\/mod.wisdar.net\/tr\/urun\/buzgu-detayli-siyah-hirka\/","title":{"rendered":"B\u00fczg\u00fc Detayl\u0131 Siyah H\u0131rka"},"content":{"rendered":"<p>B\u00fczg\u00fc Detayl\u0131 H\u0131rka \u00d6zellikleri<br \/>\nBisiklet yaka, \u00f6zel metalik renkli, d\u00fc\u011fmeli, f\u0131rf\u0131r dokulu, i\u00e7 g\u00f6stermeyen simli ipliklerden tasarlanm\u0131\u015f, \u00f6rg\u00fcl\u00fc tasar\u0131m h\u0131rka.<br \/>\n% 95 Viskon %5 Naylon<br \/>\nYaln\u0131z elde so\u011fuk su ile y\u0131kay\u0131n\u0131z. Sererek kurutunuz<\/p>\n","protected":false},"excerpt":{"rendered":"<p>B\u00fczg\u00fc Detayl\u0131 H\u0131rka \u00d6zellikleri<br \/>\nBisiklet yaka, \u00f6zel metalik renkli, d\u00fc\u011fmeli, f\u0131rf\u0131r dokulu, i\u00e7 g\u00f6stermeyen simli ipliklerden tasarlanm\u0131\u015f, \u00f6rg\u00fcl\u00fc tasar\u0131m h\u0131rka.<br \/>\n% 95 Viskon %5 Naylon<br \/>\nYaln\u0131z elde so\u011fuk su ile y\u0131kay\u0131n\u0131z. Sererek kurutunuz<\/p>\n","protected":false},"featured_media":42046,"comment_status":"open","ping_status":"closed","template":"","meta":[],"product_brand":[],"product_cat":[1909],"product_tag":[4994,4995,4996],"class_list":{"0":"post-42057","1":"product","2":"type-product","3":"status-publish","4":"has-post-thumbnail","6":"product_cat-bluzlar-ve-gomlekler","7":"product_tag-keyword1","8":"product_tag-keyword2","9":"product_tag-keyword3","10":"pa_brand-hooopstore","11":"pa_color-siyah","12":"pa_size-l-xl-2","13":"pa_size-s-m","15":"first","16":"instock","17":"sale","18":"shipping-taxable","19":"purchasable","20":"product-type-variable"},"_links":{"self":[{"href":"https:\/\/mod.wisdar.net\/tr\/wp-json\/wp\/v2\/product\/42057","targetHints":{"allow":["GET"]}}],"collection":[{"href":"https:\/\/mod.wisdar.net\/tr\/wp-json\/wp\/v2\/product"}],"about":[{"href":"https:\/\/mod.wisdar.net\/tr\/wp-json\/wp\/v2\/types\/product"}],"replies":[{"embeddable":true,"href":"https:\/\/mod.wisdar.net\/tr\/wp-json\/wp\/v2\/comments?post=42057"}],"wp:featuredmedia":[{"embeddable":true,"href":"https:\/\/mod.wisdar.net\/tr\/wp-json\/wp\/v2\/media\/42046"}],"wp:attachment":[{"href":"https:\/\/mod.wisdar.net\/tr\/wp-json\/wp\/v2\/media?parent=42057"}],"wp:term":[{"taxonomy":"product_brand","embeddable":true,"href":"https:\/\/mod.wisdar.net\/tr\/wp-json\/wp\/v2\/product_brand?post=42057"},{"taxonomy":"product_cat","embeddable":true,"href":"https:\/\/mod.wisdar.net\/tr\/wp-json\/wp\/v2\/product_cat?post=42057"},{"taxonomy":"product_tag","embeddable":true,"href":"https:\/\/mod.wisdar.net\/tr\/wp-json\/wp\/v2\/product_tag?post=42057"}],"curies":[{"name":"wp","href":"https:\/\/api.w.org\/{rel}","templated":true}]}}