{"id":42220,"date":"2025-12-16T18:21:23","date_gmt":"2025-12-16T18:21:23","guid":{"rendered":"https:\/\/modesthanim.com\/product\/dugme-detayli-merserize-inci-hirka\/"},"modified":"2026-02-19T21:38:10","modified_gmt":"2026-02-19T21:38:10","slug":"dugme-detayli-merserize-inci-hirka","status":"publish","type":"product","link":"https:\/\/mod.wisdar.net\/tr\/urun\/dugme-detayli-merserize-inci-hirka\/","title":{"rendered":"D\u00fc\u011fme Detayl\u0131 Merserize \u0130nci H\u0131rka"},"content":{"rendered":"<p>D\u00dc\u011eME DETAYLI MERSER\u0130ZE \u0130NC\u0130 HIRKA \u00d6ZELL\u0130KLER\u0130 G\u00f6mlek yakal\u0131, \u00f6nden d\u00fc\u011fmeli, vatkal\u0131, beli vurgulayan, fit kal\u0131ba sahip d\u00fc\u011fme detayl\u0131 merserize h\u0131rka.\u0130\u00c7ER\u0130\u011e\u0130 VE YIKANMASI %100 Pes 30 derecede hassas, sentetik ve narin programlar\u0131 so\u011fuk su ile y\u0131kanmal\u0131d\u0131r. El ile \u00f6l\u00e7\u00fcmlerde 2-3 cm farkl\u0131l\u0131k g\u00f6sterebilir. Manken Bedeni: SM Manken \u00d6l\u00e7\u00fcs\u00fc: Boy: 1.74 cm, G\u00f6\u011f\u00fcs: 78 cm, Bel: 58 cm, Basen: 87 cm<\/p>\n","protected":false},"excerpt":{"rendered":"<p>D\u00dc\u011eME DETAYLI MERSER\u0130ZE \u0130NC\u0130 HIRKA \u00d6ZELL\u0130KLER\u0130 G\u00f6mlek yakal\u0131, \u00f6nden d\u00fc\u011fmeli, vatkal\u0131, beli vurgulayan, fit kal\u0131ba sahip d\u00fc\u011fme detayl\u0131 merserize h\u0131rka.\u0130\u00c7ER\u0130\u011e\u0130 VE YIKANMASI %100 Pes 30 derecede hassas, sentetik ve narin programlar\u0131 so\u011fuk su ile y\u0131kanmal\u0131d\u0131r. El ile \u00f6l\u00e7\u00fcmlerde 2-3 cm farkl\u0131l\u0131k g\u00f6sterebilir. Manken Bedeni: SM Manken \u00d6l\u00e7\u00fcs\u00fc: Boy: 1.74 cm, G\u00f6\u011f\u00fcs: 78 cm, Bel: 58 cm, Basen: 87 cm<\/p>\n","protected":false},"featured_media":42206,"comment_status":"open","ping_status":"closed","template":"","meta":[],"product_brand":[],"product_cat":[1909],"product_tag":[8404,7308,7547],"class_list":{"0":"post-42220","1":"product","2":"type-product","3":"status-publish","4":"has-post-thumbnail","6":"product_cat-bluzlar-ve-gomlekler","7":"product_tag-dar-kesim-2","8":"product_tag-hirka","9":"product_tag-kadin-giyim","10":"pa_brand-hooopstore","11":"pa_color-inci","12":"pa_size-l-xl-2","13":"pa_size-s-m","15":"first","16":"outofstock","17":"shipping-taxable","18":"product-type-variable"},"_links":{"self":[{"href":"https:\/\/mod.wisdar.net\/tr\/wp-json\/wp\/v2\/product\/42220","targetHints":{"allow":["GET"]}}],"collection":[{"href":"https:\/\/mod.wisdar.net\/tr\/wp-json\/wp\/v2\/product"}],"about":[{"href":"https:\/\/mod.wisdar.net\/tr\/wp-json\/wp\/v2\/types\/product"}],"replies":[{"embeddable":true,"href":"https:\/\/mod.wisdar.net\/tr\/wp-json\/wp\/v2\/comments?post=42220"}],"wp:featuredmedia":[{"embeddable":true,"href":"https:\/\/mod.wisdar.net\/tr\/wp-json\/wp\/v2\/media\/42206"}],"wp:attachment":[{"href":"https:\/\/mod.wisdar.net\/tr\/wp-json\/wp\/v2\/media?parent=42220"}],"wp:term":[{"taxonomy":"product_brand","embeddable":true,"href":"https:\/\/mod.wisdar.net\/tr\/wp-json\/wp\/v2\/product_brand?post=42220"},{"taxonomy":"product_cat","embeddable":true,"href":"https:\/\/mod.wisdar.net\/tr\/wp-json\/wp\/v2\/product_cat?post=42220"},{"taxonomy":"product_tag","embeddable":true,"href":"https:\/\/mod.wisdar.net\/tr\/wp-json\/wp\/v2\/product_tag?post=42220"}],"curies":[{"name":"wp","href":"https:\/\/api.w.org\/{rel}","templated":true}]}}