{"id":42289,"date":"2025-12-16T18:22:18","date_gmt":"2025-12-16T18:22:18","guid":{"rendered":"https:\/\/modesthanim.com\/product\/buklet-dokulu-siyah-hirka\/"},"modified":"2026-01-15T07:34:20","modified_gmt":"2026-01-15T07:34:20","slug":"buklet-dokulu-siyah-hirka","status":"publish","type":"product","link":"https:\/\/mod.wisdar.net\/tr\/urun\/buklet-dokulu-siyah-hirka\/","title":{"rendered":"Buklet Dokulu Siyah H\u0131rka"},"content":{"rendered":"<p>Buklet Dokulu H\u0131rka \u00d6zellikleri<br \/>\nBisiklet yaka, takma omuz, \u00f6nden metal gold d\u00fc\u011fmeli, \u00f6nden s\u00fcs cepli buklet ipliklerden tasarlanm\u0131\u015f dokulu h\u0131rka<br \/>\n%100 Pamuk Buklet<br \/>\nElde y\u0131kama yap\u0131n\u0131z ve sererek kurutunuz. Katl\u0131 muhafaza ediniz.<\/p>\n","protected":false},"excerpt":{"rendered":"<p>Buklet Dokulu H\u0131rka \u00d6zellikleri<br \/>\nBisiklet yaka, takma omuz, \u00f6nden metal gold d\u00fc\u011fmeli, \u00f6nden s\u00fcs cepli buklet ipliklerden tasarlanm\u0131\u015f dokulu h\u0131rka<br \/>\n%100 Pamuk Buklet<br \/>\nElde y\u0131kama yap\u0131n\u0131z ve sererek kurutunuz. Katl\u0131 muhafaza ediniz.<\/p>\n","protected":false},"featured_media":42272,"comment_status":"open","ping_status":"closed","template":"","meta":[],"product_brand":[],"product_cat":[1909],"product_tag":[7894],"class_list":{"0":"post-42289","1":"product","2":"type-product","3":"status-publish","4":"has-post-thumbnail","6":"product_cat-bluzlar-ve-gomlekler","7":"product_tag-kadin-triko-giyim","8":"pa_brand-hooopstore","9":"pa_color-siyah","10":"pa_size-std","12":"first","13":"instock","14":"shipping-taxable","15":"purchasable","16":"product-type-variable"},"_links":{"self":[{"href":"https:\/\/mod.wisdar.net\/tr\/wp-json\/wp\/v2\/product\/42289","targetHints":{"allow":["GET"]}}],"collection":[{"href":"https:\/\/mod.wisdar.net\/tr\/wp-json\/wp\/v2\/product"}],"about":[{"href":"https:\/\/mod.wisdar.net\/tr\/wp-json\/wp\/v2\/types\/product"}],"replies":[{"embeddable":true,"href":"https:\/\/mod.wisdar.net\/tr\/wp-json\/wp\/v2\/comments?post=42289"}],"wp:featuredmedia":[{"embeddable":true,"href":"https:\/\/mod.wisdar.net\/tr\/wp-json\/wp\/v2\/media\/42272"}],"wp:attachment":[{"href":"https:\/\/mod.wisdar.net\/tr\/wp-json\/wp\/v2\/media?parent=42289"}],"wp:term":[{"taxonomy":"product_brand","embeddable":true,"href":"https:\/\/mod.wisdar.net\/tr\/wp-json\/wp\/v2\/product_brand?post=42289"},{"taxonomy":"product_cat","embeddable":true,"href":"https:\/\/mod.wisdar.net\/tr\/wp-json\/wp\/v2\/product_cat?post=42289"},{"taxonomy":"product_tag","embeddable":true,"href":"https:\/\/mod.wisdar.net\/tr\/wp-json\/wp\/v2\/product_tag?post=42289"}],"curies":[{"name":"wp","href":"https:\/\/api.w.org\/{rel}","templated":true}]}}