{"id":42330,"date":"2025-12-16T18:24:03","date_gmt":"2025-12-16T18:24:03","guid":{"rendered":"https:\/\/modesthanim.com\/product\/suet-kamel-uzun-etek\/"},"modified":"2026-04-03T07:01:52","modified_gmt":"2026-04-03T07:01:52","slug":"suet-kamel-uzun-etek","status":"publish","type":"product","link":"https:\/\/mod.wisdar.net\/tr\/urun\/suet-kamel-uzun-etek\/","title":{"rendered":"S\u00fcet Kamel Uzun Etek"},"content":{"rendered":"<p>S\u00fcet Uzun Etek \u00d6zellikleri<br \/>\nYandan gizli fermuarl\u0131, astars\u0131z, i\u00e7 g\u00f6stermez s\u00fcet uzun etek.<br \/>\n%100 Polyester<br \/>\nYaln\u0131zca kuru temizleme yap\u0131n\u0131z. \u00dct\u00fc uygulamay\u0131n\u0131z.<\/p>\n","protected":false},"excerpt":{"rendered":"<p>S\u00fcet Uzun Etek \u00d6zellikleri<br \/>\nYandan gizli fermuarl\u0131, astars\u0131z, i\u00e7 g\u00f6stermez s\u00fcet uzun etek.<br \/>\n%100 Polyester<br \/>\nYaln\u0131zca kuru temizleme yap\u0131n\u0131z. \u00dct\u00fc uygulamay\u0131n\u0131z.<\/p>\n","protected":false},"featured_media":42323,"comment_status":"open","ping_status":"closed","template":"","meta":[],"product_brand":[],"product_cat":[1969],"product_tag":[],"class_list":{"0":"post-42330","1":"product","2":"type-product","3":"status-publish","4":"has-post-thumbnail","6":"product_cat-etekler","7":"pa_brand-hooopstore","8":"pa_color-camel","9":"pa_size-large","10":"pa_size-medium","11":"pa_size-small","13":"first","14":"instock","15":"sale","16":"shipping-taxable","17":"purchasable","18":"product-type-variable"},"_links":{"self":[{"href":"https:\/\/mod.wisdar.net\/tr\/wp-json\/wp\/v2\/product\/42330","targetHints":{"allow":["GET"]}}],"collection":[{"href":"https:\/\/mod.wisdar.net\/tr\/wp-json\/wp\/v2\/product"}],"about":[{"href":"https:\/\/mod.wisdar.net\/tr\/wp-json\/wp\/v2\/types\/product"}],"replies":[{"embeddable":true,"href":"https:\/\/mod.wisdar.net\/tr\/wp-json\/wp\/v2\/comments?post=42330"}],"wp:featuredmedia":[{"embeddable":true,"href":"https:\/\/mod.wisdar.net\/tr\/wp-json\/wp\/v2\/media\/42323"}],"wp:attachment":[{"href":"https:\/\/mod.wisdar.net\/tr\/wp-json\/wp\/v2\/media?parent=42330"}],"wp:term":[{"taxonomy":"product_brand","embeddable":true,"href":"https:\/\/mod.wisdar.net\/tr\/wp-json\/wp\/v2\/product_brand?post=42330"},{"taxonomy":"product_cat","embeddable":true,"href":"https:\/\/mod.wisdar.net\/tr\/wp-json\/wp\/v2\/product_cat?post=42330"},{"taxonomy":"product_tag","embeddable":true,"href":"https:\/\/mod.wisdar.net\/tr\/wp-json\/wp\/v2\/product_tag?post=42330"}],"curies":[{"name":"wp","href":"https:\/\/api.w.org\/{rel}","templated":true}]}}