{"id":42340,"date":"2025-12-16T18:24:07","date_gmt":"2025-12-16T18:24:07","guid":{"rendered":"https:\/\/modesthanim.com\/product\/suede-suet-haki-uzun-etek\/"},"modified":"2026-04-15T22:39:21","modified_gmt":"2026-04-15T22:39:21","slug":"suede-suet-haki-uzun-etek","status":"publish","type":"product","link":"https:\/\/mod.wisdar.net\/tr\/urun\/suede-suet-haki-uzun-etek\/","title":{"rendered":"Suede S\u00fcet Haki Uzun Etek"},"content":{"rendered":"<p>Suede S\u00fcet Uzun Etek \u00d6zellikleri<br \/>\nYandan gizli fermuarl\u0131, astars\u0131z, i\u00e7 g\u00f6stermez, s\u00fcet uzun etek.<br \/>\n%100 Polyester<br \/>\nYaln\u0131zca kuru temizleme yap\u0131n\u0131z. \u00dcr\u00fcne kesinlikle \u00fct\u00fc vurmay\u0131n\u0131z.<\/p>\n","protected":false},"excerpt":{"rendered":"<p>Suede S\u00fcet Uzun Etek \u00d6zellikleri<br \/>\nYandan gizli fermuarl\u0131, astars\u0131z, i\u00e7 g\u00f6stermez, s\u00fcet uzun etek.<br \/>\n%100 Polyester<br \/>\nYaln\u0131zca kuru temizleme yap\u0131n\u0131z. \u00dcr\u00fcne kesinlikle \u00fct\u00fc vurmay\u0131n\u0131z.<\/p>\n","protected":false},"featured_media":42333,"comment_status":"open","ping_status":"closed","template":"","meta":[],"product_brand":[],"product_cat":[1969],"product_tag":[7021,7601],"class_list":{"0":"post-42340","1":"product","2":"type-product","3":"status-publish","4":"has-post-thumbnail","6":"product_cat-etekler","7":"product_tag-polyester","8":"product_tag-uzun-etek","9":"pa_brand-hooopstore","10":"pa_color-haki","11":"pa_size-large","12":"pa_size-medium","13":"pa_size-small","15":"first","16":"outofstock","17":"shipping-taxable","18":"product-type-variable"},"_links":{"self":[{"href":"https:\/\/mod.wisdar.net\/tr\/wp-json\/wp\/v2\/product\/42340","targetHints":{"allow":["GET"]}}],"collection":[{"href":"https:\/\/mod.wisdar.net\/tr\/wp-json\/wp\/v2\/product"}],"about":[{"href":"https:\/\/mod.wisdar.net\/tr\/wp-json\/wp\/v2\/types\/product"}],"replies":[{"embeddable":true,"href":"https:\/\/mod.wisdar.net\/tr\/wp-json\/wp\/v2\/comments?post=42340"}],"wp:featuredmedia":[{"embeddable":true,"href":"https:\/\/mod.wisdar.net\/tr\/wp-json\/wp\/v2\/media\/42333"}],"wp:attachment":[{"href":"https:\/\/mod.wisdar.net\/tr\/wp-json\/wp\/v2\/media?parent=42340"}],"wp:term":[{"taxonomy":"product_brand","embeddable":true,"href":"https:\/\/mod.wisdar.net\/tr\/wp-json\/wp\/v2\/product_brand?post=42340"},{"taxonomy":"product_cat","embeddable":true,"href":"https:\/\/mod.wisdar.net\/tr\/wp-json\/wp\/v2\/product_cat?post=42340"},{"taxonomy":"product_tag","embeddable":true,"href":"https:\/\/mod.wisdar.net\/tr\/wp-json\/wp\/v2\/product_tag?post=42340"}],"curies":[{"name":"wp","href":"https:\/\/api.w.org\/{rel}","templated":true}]}}