{"id":42398,"date":"2025-12-16T18:26:08","date_gmt":"2025-12-16T18:26:08","guid":{"rendered":"https:\/\/modesthanim.com\/product\/flera-balon-haki-etek\/"},"modified":"2026-04-13T14:45:49","modified_gmt":"2026-04-13T14:45:49","slug":"flera-balon-haki-etek","status":"publish","type":"product","link":"https:\/\/mod.wisdar.net\/tr\/urun\/flera-balon-haki-etek\/","title":{"rendered":"Flera Balon Haki Etek"},"content":{"rendered":"<p>FLERA BALON HAK\u0130 ETEK \u00d6ZELL\u0130KLER\u0130<br \/>\nOrta bel, b\u00fczg\u00fcl\u00fc, arkadan gizli fermuarl\u0131, yanlardan cepli, premium telalanm\u0131\u015f hacimli duran kuma\u015ftan i\u00e7 belli etmeyen astars\u0131z balon etek.<br \/>\nKuma\u015f \u0130\u00e7eri\u011fi ve Y\u0131kama Talimat:<br \/>\n%100 Pes<br \/>\nYaln\u0131zca kuru temizleme yap\u0131n\u0131z.<br \/>\nManken \u00dcr\u00fcn Bedeni: S<br \/>\nManken \u00d6l\u00e7\u00fcleri: Boy: 1.74 cm, G\u00f6\u011f\u00fcs: 78 cm, Bel: 58 cm, Basen: 87 cm<\/p>\n","protected":false},"excerpt":{"rendered":"<p>FLERA BALON HAK\u0130 ETEK \u00d6ZELL\u0130KLER\u0130<br \/>\nOrta bel, b\u00fczg\u00fcl\u00fc, arkadan gizli fermuarl\u0131, yanlardan cepli, premium telalanm\u0131\u015f hacimli duran kuma\u015ftan i\u00e7 belli etmeyen astars\u0131z balon etek.<br \/>\nKuma\u015f \u0130\u00e7eri\u011fi ve Y\u0131kama Talimat:<br \/>\n%100 Pes<br \/>\nYaln\u0131zca kuru temizleme yap\u0131n\u0131z.<br \/>\nManken \u00dcr\u00fcn Bedeni: S<br \/>\nManken \u00d6l\u00e7\u00fcleri: Boy: 1.74 cm, G\u00f6\u011f\u00fcs: 78 cm, Bel: 58 cm, Basen: 87 cm<\/p>\n","protected":false},"featured_media":42391,"comment_status":"open","ping_status":"closed","template":"","meta":[],"product_brand":[],"product_cat":[1969],"product_tag":[5277,5275,2992,2997],"class_list":{"0":"post-42398","1":"product","2":"type-product","3":"status-publish","4":"has-post-thumbnail","6":"product_cat-etekler","7":"product_tag-balloon","8":"product_tag-flera","9":"product_tag-khaki","10":"product_tag-skirt","11":"pa_brand-hooopstore","12":"pa_color-haki","13":"pa_size-large","14":"pa_size-medium","15":"pa_size-small","16":"pa_size-xsmall","18":"first","19":"instock","20":"shipping-taxable","21":"purchasable","22":"product-type-variable"},"_links":{"self":[{"href":"https:\/\/mod.wisdar.net\/tr\/wp-json\/wp\/v2\/product\/42398","targetHints":{"allow":["GET"]}}],"collection":[{"href":"https:\/\/mod.wisdar.net\/tr\/wp-json\/wp\/v2\/product"}],"about":[{"href":"https:\/\/mod.wisdar.net\/tr\/wp-json\/wp\/v2\/types\/product"}],"replies":[{"embeddable":true,"href":"https:\/\/mod.wisdar.net\/tr\/wp-json\/wp\/v2\/comments?post=42398"}],"wp:featuredmedia":[{"embeddable":true,"href":"https:\/\/mod.wisdar.net\/tr\/wp-json\/wp\/v2\/media\/42391"}],"wp:attachment":[{"href":"https:\/\/mod.wisdar.net\/tr\/wp-json\/wp\/v2\/media?parent=42398"}],"wp:term":[{"taxonomy":"product_brand","embeddable":true,"href":"https:\/\/mod.wisdar.net\/tr\/wp-json\/wp\/v2\/product_brand?post=42398"},{"taxonomy":"product_cat","embeddable":true,"href":"https:\/\/mod.wisdar.net\/tr\/wp-json\/wp\/v2\/product_cat?post=42398"},{"taxonomy":"product_tag","embeddable":true,"href":"https:\/\/mod.wisdar.net\/tr\/wp-json\/wp\/v2\/product_tag?post=42398"}],"curies":[{"name":"wp","href":"https:\/\/api.w.org\/{rel}","templated":true}]}}