{"id":42480,"date":"2025-12-16T18:38:57","date_gmt":"2025-12-16T18:38:57","guid":{"rendered":"https:\/\/modesthanim.com\/product\/flera-balon-lacivert-etek\/"},"modified":"2026-04-13T14:58:55","modified_gmt":"2026-04-13T14:58:55","slug":"flera-balon-lacivert-etek","status":"publish","type":"product","link":"https:\/\/mod.wisdar.net\/tr\/urun\/flera-balon-lacivert-etek\/","title":{"rendered":"Flera Balon Lacivert Etek"},"content":{"rendered":"<p>FLERA BALON LAC\u0130VERT ETEK \u00d6ZELL\u0130KLER\u0130<br \/>\nOrta bel, b\u00fczg\u00fcl\u00fc, arkadan gizli fermuarl\u0131, yanlardan cepli, premium telalanm\u0131\u015f hacimli duran kuma\u015ftan i\u00e7 belli etmeyen astars\u0131z balon etek.<br \/>\nKuma\u015f \u0130\u00e7eri\u011fi ve Y\u0131kama Talimat\u0131:<br \/>\n%100 Polyester<br \/>\nYaln\u0131zca kuru temizleme yap\u0131n\u0131z.<br \/>\nManken \u00dcr\u00fcn Bedeni: S<br \/>\nManken \u00d6l\u00e7\u00fcleri: Boy: 174 cm, G\u00f6\u011f\u00fcs: 78 cm, Bel: 58 cm, Basen: 87 cm<\/p>\n","protected":false},"excerpt":{"rendered":"<p>FLERA BALON LAC\u0130VERT ETEK \u00d6ZELL\u0130KLER\u0130<br \/>\nOrta bel, b\u00fczg\u00fcl\u00fc, arkadan gizli fermuarl\u0131, yanlardan cepli, premium telalanm\u0131\u015f hacimli duran kuma\u015ftan i\u00e7 belli etmeyen astars\u0131z balon etek.<br \/>\nKuma\u015f \u0130\u00e7eri\u011fi ve Y\u0131kama Talimat\u0131:<br \/>\n%100 Polyester<br \/>\nYaln\u0131zca kuru temizleme yap\u0131n\u0131z.<br \/>\nManken \u00dcr\u00fcn Bedeni: S<br \/>\nManken \u00d6l\u00e7\u00fcleri: Boy: 174 cm, G\u00f6\u011f\u00fcs: 78 cm, Bel: 58 cm, Basen: 87 cm<\/p>\n","protected":false},"featured_media":42467,"comment_status":"open","ping_status":"closed","template":"","meta":[],"product_brand":[],"product_cat":[1969],"product_tag":[],"class_list":{"0":"post-42480","1":"product","2":"type-product","3":"status-publish","4":"has-post-thumbnail","6":"product_cat-etekler","7":"pa_brand-hooopstore","8":"pa_color-lacivert","9":"pa_size-large","10":"pa_size-medium","11":"pa_size-small","12":"pa_size-xsmall","14":"first","15":"instock","16":"shipping-taxable","17":"purchasable","18":"product-type-variable"},"_links":{"self":[{"href":"https:\/\/mod.wisdar.net\/tr\/wp-json\/wp\/v2\/product\/42480","targetHints":{"allow":["GET"]}}],"collection":[{"href":"https:\/\/mod.wisdar.net\/tr\/wp-json\/wp\/v2\/product"}],"about":[{"href":"https:\/\/mod.wisdar.net\/tr\/wp-json\/wp\/v2\/types\/product"}],"replies":[{"embeddable":true,"href":"https:\/\/mod.wisdar.net\/tr\/wp-json\/wp\/v2\/comments?post=42480"}],"wp:featuredmedia":[{"embeddable":true,"href":"https:\/\/mod.wisdar.net\/tr\/wp-json\/wp\/v2\/media\/42467"}],"wp:attachment":[{"href":"https:\/\/mod.wisdar.net\/tr\/wp-json\/wp\/v2\/media?parent=42480"}],"wp:term":[{"taxonomy":"product_brand","embeddable":true,"href":"https:\/\/mod.wisdar.net\/tr\/wp-json\/wp\/v2\/product_brand?post=42480"},{"taxonomy":"product_cat","embeddable":true,"href":"https:\/\/mod.wisdar.net\/tr\/wp-json\/wp\/v2\/product_cat?post=42480"},{"taxonomy":"product_tag","embeddable":true,"href":"https:\/\/mod.wisdar.net\/tr\/wp-json\/wp\/v2\/product_tag?post=42480"}],"curies":[{"name":"wp","href":"https:\/\/api.w.org\/{rel}","templated":true}]}}