{"id":42548,"date":"2025-12-16T18:48:08","date_gmt":"2025-12-16T18:48:08","guid":{"rendered":"https:\/\/modesthanim.com\/product\/pileli-vizon-etek\/"},"modified":"2026-04-03T07:11:37","modified_gmt":"2026-04-03T07:11:37","slug":"pileli-vizon-etek","status":"publish","type":"product","link":"https:\/\/mod.wisdar.net\/tr\/urun\/pileli-vizon-etek\/","title":{"rendered":"Pileli Vizon Etek"},"content":{"rendered":"<p>Pileli Etek \u00d6zellikleri<br \/>\nPile detayl\u0131, arkadan gizli fermuarl\u0131, su itici kuma\u015fa sahip, rahat, klo\u015f kesim etek.<\/p>\n<p>%100 PES<br \/>\n30 derece ile tersten y\u0131kay\u0131n\u0131z, d\u00fc\u015f\u00fck \u0131s\u0131da tersten \u00fct\u00fcleyiniz.<\/p>\n","protected":false},"excerpt":{"rendered":"<p>Pileli Etek \u00d6zellikleri<br \/>\nPile detayl\u0131, arkadan gizli fermuarl\u0131, su itici kuma\u015fa sahip, rahat, klo\u015f kesim etek.<\/p>\n<p>%100 PES<br \/>\n30 derece ile tersten y\u0131kay\u0131n\u0131z, d\u00fc\u015f\u00fck \u0131s\u0131da tersten \u00fct\u00fcleyiniz.<\/p>\n","protected":false},"featured_media":42541,"comment_status":"open","ping_status":"closed","template":"","meta":[],"product_brand":[],"product_cat":[1969],"product_tag":[],"class_list":{"0":"post-42548","1":"product","2":"type-product","3":"status-publish","4":"has-post-thumbnail","6":"product_cat-etekler","7":"pa_brand-hooopstore","8":"pa_color-vizon-rengi","9":"pa_size-4701","10":"pa_size-4706","11":"pa_size-4711","13":"first","14":"instock","15":"sale","16":"shipping-taxable","17":"purchasable","18":"product-type-variable"},"_links":{"self":[{"href":"https:\/\/mod.wisdar.net\/tr\/wp-json\/wp\/v2\/product\/42548","targetHints":{"allow":["GET"]}}],"collection":[{"href":"https:\/\/mod.wisdar.net\/tr\/wp-json\/wp\/v2\/product"}],"about":[{"href":"https:\/\/mod.wisdar.net\/tr\/wp-json\/wp\/v2\/types\/product"}],"replies":[{"embeddable":true,"href":"https:\/\/mod.wisdar.net\/tr\/wp-json\/wp\/v2\/comments?post=42548"}],"wp:featuredmedia":[{"embeddable":true,"href":"https:\/\/mod.wisdar.net\/tr\/wp-json\/wp\/v2\/media\/42541"}],"wp:attachment":[{"href":"https:\/\/mod.wisdar.net\/tr\/wp-json\/wp\/v2\/media?parent=42548"}],"wp:term":[{"taxonomy":"product_brand","embeddable":true,"href":"https:\/\/mod.wisdar.net\/tr\/wp-json\/wp\/v2\/product_brand?post=42548"},{"taxonomy":"product_cat","embeddable":true,"href":"https:\/\/mod.wisdar.net\/tr\/wp-json\/wp\/v2\/product_cat?post=42548"},{"taxonomy":"product_tag","embeddable":true,"href":"https:\/\/mod.wisdar.net\/tr\/wp-json\/wp\/v2\/product_tag?post=42548"}],"curies":[{"name":"wp","href":"https:\/\/api.w.org\/{rel}","templated":true}]}}