{"id":42558,"date":"2025-12-16T18:48:14","date_gmt":"2025-12-16T18:48:14","guid":{"rendered":"https:\/\/modesthanim.com\/product\/flera-balon-siyah-etek\/"},"modified":"2026-04-02T21:23:56","modified_gmt":"2026-04-02T21:23:56","slug":"flera-balon-siyah-etek","status":"publish","type":"product","link":"https:\/\/mod.wisdar.net\/tr\/urun\/flera-balon-siyah-etek\/","title":{"rendered":"Flera Balon Siyah Etek"},"content":{"rendered":"<p>FLERA BALON S\u0130YAH ETEK \u00d6ZELL\u0130KLER\u0130<br \/>\nOrta bel, b\u00fczg\u00fcl\u00fc, arkadan gizli fermuarl\u0131, yanlardan cepli, premium telalanm\u0131\u015f hacimli duran kuma\u015ftan i\u00e7 belli etmeyen astars\u0131z balon etek.<br \/>\nKuma\u015f \u0130\u00e7eri\u011fi ve Y\u0131kama Talimat\u0131:<br \/>\n%100 Polyester<br \/>\nYaln\u0131zca kuru temizleme yap\u0131n\u0131z.<br \/>\nManken \u00dcr\u00fcn Bedeni: S<br \/>\nManken \u00d6l\u00e7\u00fcleri: Boy: 174 cm, G\u00f6\u011f\u00fcs: 78 cm, Bel: 58 cm, Basen: 87 cm<\/p>\n","protected":false},"excerpt":{"rendered":"<p>FLERA BALON S\u0130YAH ETEK \u00d6ZELL\u0130KLER\u0130<br \/>\nOrta bel, b\u00fczg\u00fcl\u00fc, arkadan gizli fermuarl\u0131, yanlardan cepli, premium telalanm\u0131\u015f hacimli duran kuma\u015ftan i\u00e7 belli etmeyen astars\u0131z balon etek.<br \/>\nKuma\u015f \u0130\u00e7eri\u011fi ve Y\u0131kama Talimat\u0131:<br \/>\n%100 Polyester<br \/>\nYaln\u0131zca kuru temizleme yap\u0131n\u0131z.<br \/>\nManken \u00dcr\u00fcn Bedeni: S<br \/>\nManken \u00d6l\u00e7\u00fcleri: Boy: 174 cm, G\u00f6\u011f\u00fcs: 78 cm, Bel: 58 cm, Basen: 87 cm<\/p>\n","protected":false},"featured_media":42551,"comment_status":"open","ping_status":"closed","template":"","meta":[],"product_brand":[],"product_cat":[1969],"product_tag":[7845],"class_list":{"0":"post-42558","1":"product","2":"type-product","3":"status-publish","4":"has-post-thumbnail","6":"product_cat-etekler","7":"product_tag-kadin","8":"pa_brand-hooopstore","9":"pa_color-siyah","10":"pa_size-large","11":"pa_size-medium","12":"pa_size-small","13":"pa_size-xsmall","15":"first","16":"outofstock","17":"shipping-taxable","18":"product-type-variable"},"_links":{"self":[{"href":"https:\/\/mod.wisdar.net\/tr\/wp-json\/wp\/v2\/product\/42558","targetHints":{"allow":["GET"]}}],"collection":[{"href":"https:\/\/mod.wisdar.net\/tr\/wp-json\/wp\/v2\/product"}],"about":[{"href":"https:\/\/mod.wisdar.net\/tr\/wp-json\/wp\/v2\/types\/product"}],"replies":[{"embeddable":true,"href":"https:\/\/mod.wisdar.net\/tr\/wp-json\/wp\/v2\/comments?post=42558"}],"wp:featuredmedia":[{"embeddable":true,"href":"https:\/\/mod.wisdar.net\/tr\/wp-json\/wp\/v2\/media\/42551"}],"wp:attachment":[{"href":"https:\/\/mod.wisdar.net\/tr\/wp-json\/wp\/v2\/media?parent=42558"}],"wp:term":[{"taxonomy":"product_brand","embeddable":true,"href":"https:\/\/mod.wisdar.net\/tr\/wp-json\/wp\/v2\/product_brand?post=42558"},{"taxonomy":"product_cat","embeddable":true,"href":"https:\/\/mod.wisdar.net\/tr\/wp-json\/wp\/v2\/product_cat?post=42558"},{"taxonomy":"product_tag","embeddable":true,"href":"https:\/\/mod.wisdar.net\/tr\/wp-json\/wp\/v2\/product_tag?post=42558"}],"curies":[{"name":"wp","href":"https:\/\/api.w.org\/{rel}","templated":true}]}}