{"id":42665,"date":"2025-12-16T19:05:15","date_gmt":"2025-12-16T19:05:15","guid":{"rendered":"https:\/\/modesthanim.com\/product\/suede-birit-detayli-kahve-suet-gomlek\/"},"modified":"2026-01-15T07:38:42","modified_gmt":"2026-01-15T07:38:42","slug":"suede-birit-detayli-kahve-suet-gomlek","status":"publish","type":"product","link":"https:\/\/mod.wisdar.net\/tr\/urun\/suede-birit-detayli-kahve-suet-gomlek\/","title":{"rendered":"Suede Birit Detayl\u0131 Kahve S\u00fcet G\u00f6mlek"},"content":{"rendered":"<p>Suede Birit Detayl\u0131 S\u00fcet G\u00f6mlek \u00d6zellikleri<br \/>\nBirit kapama d\u00fc\u011fmeli, rahat kal\u0131p, yumu\u015fak dokulu \u00f6zel tasar\u0131m s\u00fcet g\u00f6mlek.<br \/>\n%100 Polyester<br \/>\nYaln\u0131zca kuru temizleme yap\u0131n\u0131z. \u00dcr\u00fcne kesinlikle \u00fct\u00fc vurmay\u0131n\u0131z.<\/p>\n","protected":false},"excerpt":{"rendered":"<p>Suede Birit Detayl\u0131 S\u00fcet G\u00f6mlek \u00d6zellikleri<br \/>\nBirit kapama d\u00fc\u011fmeli, rahat kal\u0131p, yumu\u015fak dokulu \u00f6zel tasar\u0131m s\u00fcet g\u00f6mlek.<br \/>\n%100 Polyester<br \/>\nYaln\u0131zca kuru temizleme yap\u0131n\u0131z. \u00dcr\u00fcne kesinlikle \u00fct\u00fc vurmay\u0131n\u0131z.<\/p>\n","protected":false},"featured_media":42653,"comment_status":"open","ping_status":"closed","template":"","meta":[],"product_brand":[],"product_cat":[1909],"product_tag":[6840],"class_list":{"0":"post-42665","1":"product","2":"type-product","3":"status-publish","4":"has-post-thumbnail","6":"product_cat-bluzlar-ve-gomlekler","7":"product_tag-kahve-rengi","8":"pa_brand-hooopstore","9":"pa_color-kahve","10":"pa_size-m-l","11":"pa_size-s-m","13":"first","14":"instock","15":"sale","16":"shipping-taxable","17":"purchasable","18":"product-type-variable"},"_links":{"self":[{"href":"https:\/\/mod.wisdar.net\/tr\/wp-json\/wp\/v2\/product\/42665","targetHints":{"allow":["GET"]}}],"collection":[{"href":"https:\/\/mod.wisdar.net\/tr\/wp-json\/wp\/v2\/product"}],"about":[{"href":"https:\/\/mod.wisdar.net\/tr\/wp-json\/wp\/v2\/types\/product"}],"replies":[{"embeddable":true,"href":"https:\/\/mod.wisdar.net\/tr\/wp-json\/wp\/v2\/comments?post=42665"}],"wp:featuredmedia":[{"embeddable":true,"href":"https:\/\/mod.wisdar.net\/tr\/wp-json\/wp\/v2\/media\/42653"}],"wp:attachment":[{"href":"https:\/\/mod.wisdar.net\/tr\/wp-json\/wp\/v2\/media?parent=42665"}],"wp:term":[{"taxonomy":"product_brand","embeddable":true,"href":"https:\/\/mod.wisdar.net\/tr\/wp-json\/wp\/v2\/product_brand?post=42665"},{"taxonomy":"product_cat","embeddable":true,"href":"https:\/\/mod.wisdar.net\/tr\/wp-json\/wp\/v2\/product_cat?post=42665"},{"taxonomy":"product_tag","embeddable":true,"href":"https:\/\/mod.wisdar.net\/tr\/wp-json\/wp\/v2\/product_tag?post=42665"}],"curies":[{"name":"wp","href":"https:\/\/api.w.org\/{rel}","templated":true}]}}