{"id":42704,"date":"2025-12-16T19:06:02","date_gmt":"2025-12-16T19:06:02","guid":{"rendered":"https:\/\/modesthanim.com\/product\/yeni-tera-gomlek-yag-yesili\/"},"modified":"2026-04-02T21:24:27","modified_gmt":"2026-04-02T21:24:27","slug":"yeni-tera-gomlek-yag-yesili","status":"publish","type":"product","link":"https:\/\/mod.wisdar.net\/tr\/urun\/yeni-tera-gomlek-yag-yesili\/","title":{"rendered":"YEN\u0130 TERA G\u00d6MLEK YA\u011e YE\u015e\u0130L\u0130"},"content":{"rendered":"<p>G\u00f6mlek formunda tasarlanan Tera G\u00f6mlek, %100 do\u011fal kuma\u015f\u0131yla cildinize nefes ald\u0131r\u0131rken, ince ip biyeleri ve zarif kesimiyle modern \u015f\u0131kl\u0131\u011f\u0131 minimal bir dille sunar. Her detay\u0131nda sade ama etkileyici bir duru\u015f sakl\u0131d\u0131r.<br \/>\n\u2022 %100 do\u011fal kuma\u015f: hafif, konforlu ve nefes alabilir<br \/>\n\u2022 \u0130nce ip biyelerle zenginle\u015ftirilmi\u015f zarif tasar\u0131m<br \/>\n\u2022 G\u00f6mlek formu sayesinde hem klasik hem \u00e7a\u011fda\u015f kullan\u0131m<br \/>\n\u2022 Yumu\u015fak dokulu, mevsim ge\u00e7i\u015flerine uygun<br \/>\n\u2022 Hem konforlu hem estetik g\u00f6r\u00fcn\u00fcm<br \/>\nDo\u011fal dokusu ve zarif detaylar\u0131yla Tera G\u00f6mlek, sade \u015f\u0131kl\u0131\u011f\u0131n imzas\u0131 oluyor.<\/p>\n<p>\u2014 Teknik Detaylar \u2014<br \/>\nKuma\u015f: LYOCELL VISKON<br \/>\n\u0130\u00e7erik: %58 LYOCELL %42 VISCOSE<\/p>\n","protected":false},"excerpt":{"rendered":"<p>G\u00f6mlek formunda tasarlanan Tera G\u00f6mlek, %100 do\u011fal kuma\u015f\u0131yla cildinize nefes ald\u0131r\u0131rken, ince ip biyeleri ve zarif kesimiyle modern \u015f\u0131kl\u0131\u011f\u0131 minimal bir dille sunar. Her detay\u0131nda sade ama etkileyici bir duru\u015f sakl\u0131d\u0131r.<br \/>\n\u2022 %100 do\u011fal kuma\u015f: hafif, konforlu ve nefes alabilir<br \/>\n\u2022 \u0130nce ip biyelerle zenginle\u015ftirilmi\u015f zarif tasar\u0131m<br \/>\n\u2022 G\u00f6mlek formu sayesinde hem klasik hem \u00e7a\u011fda\u015f kullan\u0131m<br \/>\n\u2022 Yumu\u015fak dokulu, mevsim ge\u00e7i\u015flerine uygun<br \/>\n\u2022 Hem konforlu hem estetik g\u00f6r\u00fcn\u00fcm<br \/>\nDo\u011fal dokusu ve zarif detaylar\u0131yla Tera G\u00f6mlek, sade \u015f\u0131kl\u0131\u011f\u0131n imzas\u0131 oluyor.<\/p>\n<p>\u2014 Teknik Detaylar \u2014<br \/>\nKuma\u015f: LYOCELL VISKON<br \/>\n\u0130\u00e7erik: %58 LYOCELL %42 VISCOSE<\/p>\n","protected":false},"featured_media":42697,"comment_status":"open","ping_status":"closed","template":"","meta":[],"product_brand":[],"product_cat":[1909],"product_tag":[],"class_list":{"0":"post-42704","1":"product","2":"type-product","3":"status-publish","4":"has-post-thumbnail","6":"product_cat-bluzlar-ve-gomlekler","7":"pa_brand-hilay","8":"pa_color-yag-yesili","9":"pa_size-4446","10":"pa_size-4463","12":"first","13":"outofstock","14":"shipping-taxable","15":"product-type-variable"},"_links":{"self":[{"href":"https:\/\/mod.wisdar.net\/tr\/wp-json\/wp\/v2\/product\/42704","targetHints":{"allow":["GET"]}}],"collection":[{"href":"https:\/\/mod.wisdar.net\/tr\/wp-json\/wp\/v2\/product"}],"about":[{"href":"https:\/\/mod.wisdar.net\/tr\/wp-json\/wp\/v2\/types\/product"}],"replies":[{"embeddable":true,"href":"https:\/\/mod.wisdar.net\/tr\/wp-json\/wp\/v2\/comments?post=42704"}],"wp:featuredmedia":[{"embeddable":true,"href":"https:\/\/mod.wisdar.net\/tr\/wp-json\/wp\/v2\/media\/42697"}],"wp:attachment":[{"href":"https:\/\/mod.wisdar.net\/tr\/wp-json\/wp\/v2\/media?parent=42704"}],"wp:term":[{"taxonomy":"product_brand","embeddable":true,"href":"https:\/\/mod.wisdar.net\/tr\/wp-json\/wp\/v2\/product_brand?post=42704"},{"taxonomy":"product_cat","embeddable":true,"href":"https:\/\/mod.wisdar.net\/tr\/wp-json\/wp\/v2\/product_cat?post=42704"},{"taxonomy":"product_tag","embeddable":true,"href":"https:\/\/mod.wisdar.net\/tr\/wp-json\/wp\/v2\/product_tag?post=42704"}],"curies":[{"name":"wp","href":"https:\/\/api.w.org\/{rel}","templated":true}]}}