{"id":42720,"date":"2025-12-16T19:06:15","date_gmt":"2025-12-16T19:06:15","guid":{"rendered":"https:\/\/modesthanim.com\/product\/suede-birit-detayli-camel-suet-gomlek\/"},"modified":"2026-04-02T20:57:02","modified_gmt":"2026-04-02T20:57:02","slug":"suede-birit-detayli-camel-suet-gomlek","status":"publish","type":"product","link":"https:\/\/mod.wisdar.net\/tr\/urun\/suede-birit-detayli-camel-suet-gomlek\/","title":{"rendered":"Suede Birit Detayl\u0131 Camel S\u00fcet G\u00f6mlek"},"content":{"rendered":"<p>Suede Birit Detayl\u0131 S\u00fcet G\u00f6mlek \u00d6zellikleri<br \/>\nBirit kapama d\u00fc\u011fmeli, rahat kal\u0131p, yumu\u015fak dokulu \u00f6zel tasar\u0131m s\u00fcet g\u00f6mlek.<br \/>\n%100 Polyester<br \/>\nYaln\u0131zca kuru temizleme yap\u0131n\u0131z. \u00dcr\u00fcne kesinlikle \u00fct\u00fc vurmay\u0131n\u0131z.<\/p>\n","protected":false},"excerpt":{"rendered":"<p>Suede Birit Detayl\u0131 S\u00fcet G\u00f6mlek \u00d6zellikleri<br \/>\nBirit kapama d\u00fc\u011fmeli, rahat kal\u0131p, yumu\u015fak dokulu \u00f6zel tasar\u0131m s\u00fcet g\u00f6mlek.<br \/>\n%100 Polyester<br \/>\nYaln\u0131zca kuru temizleme yap\u0131n\u0131z. \u00dcr\u00fcne kesinlikle \u00fct\u00fc vurmay\u0131n\u0131z.<\/p>\n","protected":false},"featured_media":42713,"comment_status":"open","ping_status":"closed","template":"","meta":[],"product_brand":[],"product_cat":[1909],"product_tag":[3043,3227,4237,5285,5282],"class_list":{"0":"post-42720","1":"product","2":"type-product","3":"status-publish","4":"has-post-thumbnail","6":"product_cat-bluzlar-ve-gomlekler","7":"product_tag-button-detail","8":"product_tag-camel","9":"product_tag-dry-clean-only","10":"product_tag-fashion-shirt","11":"product_tag-suede-shirt","12":"pa_brand-hooopstore","13":"pa_color-camel","14":"pa_size-m-l","15":"pa_size-s-m","17":"first","18":"outofstock","19":"shipping-taxable","20":"product-type-variable"},"_links":{"self":[{"href":"https:\/\/mod.wisdar.net\/tr\/wp-json\/wp\/v2\/product\/42720","targetHints":{"allow":["GET"]}}],"collection":[{"href":"https:\/\/mod.wisdar.net\/tr\/wp-json\/wp\/v2\/product"}],"about":[{"href":"https:\/\/mod.wisdar.net\/tr\/wp-json\/wp\/v2\/types\/product"}],"replies":[{"embeddable":true,"href":"https:\/\/mod.wisdar.net\/tr\/wp-json\/wp\/v2\/comments?post=42720"}],"wp:featuredmedia":[{"embeddable":true,"href":"https:\/\/mod.wisdar.net\/tr\/wp-json\/wp\/v2\/media\/42713"}],"wp:attachment":[{"href":"https:\/\/mod.wisdar.net\/tr\/wp-json\/wp\/v2\/media?parent=42720"}],"wp:term":[{"taxonomy":"product_brand","embeddable":true,"href":"https:\/\/mod.wisdar.net\/tr\/wp-json\/wp\/v2\/product_brand?post=42720"},{"taxonomy":"product_cat","embeddable":true,"href":"https:\/\/mod.wisdar.net\/tr\/wp-json\/wp\/v2\/product_cat?post=42720"},{"taxonomy":"product_tag","embeddable":true,"href":"https:\/\/mod.wisdar.net\/tr\/wp-json\/wp\/v2\/product_tag?post=42720"}],"curies":[{"name":"wp","href":"https:\/\/api.w.org\/{rel}","templated":true}]}}