{"id":42789,"date":"2025-12-16T19:07:45","date_gmt":"2025-12-16T19:07:45","guid":{"rendered":"https:\/\/modesthanim.com\/product\/pilisoley-poliviscon-lacivert-etek\/"},"modified":"2026-02-19T21:46:41","modified_gmt":"2026-02-19T21:46:41","slug":"pilisoley-poliviscon-lacivert-etek","status":"publish","type":"product","link":"https:\/\/mod.wisdar.net\/tr\/urun\/pilisoley-poliviscon-lacivert-etek\/","title":{"rendered":"Pilisoley Poliviscon Lacivert Etek"},"content":{"rendered":"<p>P\u0130L\u0130SOLEY POL\u0130V\u0130SCON LAC\u0130VERT ETEK \u00d6ZELL\u0130KLER\u0130<br \/>\nKemer k\u00f6pr\u00fcl\u00fc, arkas\u0131 lastikli, yandan fermuarl\u0131, normal kal\u0131p, pilisoley formunda, astars\u0131z poliviscon etek.<br \/>\n\u0130\u00c7ER\u0130\u011e\u0130 VE YIKANMASI<br \/>\n%60 Polyester, %35 Viscon, %5 Elastan<br \/>\nK\u0131sa programda y\u0131kama yap\u0131n\u0131z.<br \/>\nEl ile \u00f6l\u00e7\u00fcmlerde 2-3 cm farkl\u0131l\u0131k g\u00f6sterebilir.<br \/>\nManken Bedeni: S<br \/>\nManken \u00d6l\u00e7\u00fcs\u00fc: Boy: 176 cm, G\u00f6\u011f\u00fcs: 79 cm, Bel: 64 cm, Basen: 92 cm<\/p>\n","protected":false},"excerpt":{"rendered":"<p>P\u0130L\u0130SOLEY POL\u0130V\u0130SCON LAC\u0130VERT ETEK \u00d6ZELL\u0130KLER\u0130<br \/>\nKemer k\u00f6pr\u00fcl\u00fc, arkas\u0131 lastikli, yandan fermuarl\u0131, normal kal\u0131p, pilisoley formunda, astars\u0131z poliviscon etek.<br \/>\n\u0130\u00c7ER\u0130\u011e\u0130 VE YIKANMASI<br \/>\n%60 Polyester, %35 Viscon, %5 Elastan<br \/>\nK\u0131sa programda y\u0131kama yap\u0131n\u0131z.<br \/>\nEl ile \u00f6l\u00e7\u00fcmlerde 2-3 cm farkl\u0131l\u0131k g\u00f6sterebilir.<br \/>\nManken Bedeni: S<br \/>\nManken \u00d6l\u00e7\u00fcs\u00fc: Boy: 176 cm, G\u00f6\u011f\u00fcs: 79 cm, Bel: 64 cm, Basen: 92 cm<\/p>\n","protected":false},"featured_media":42784,"comment_status":"open","ping_status":"closed","template":"","meta":[],"product_brand":[],"product_cat":[1969],"product_tag":[],"class_list":{"0":"post-42789","1":"product","2":"type-product","3":"status-publish","4":"has-post-thumbnail","6":"product_cat-etekler","7":"pa_brand-hooopstore","8":"pa_color-lacivert","9":"pa_size-large","10":"pa_size-medium","11":"pa_size-small","12":"pa_size-xlarge","14":"first","15":"outofstock","16":"shipping-taxable","17":"product-type-variable"},"_links":{"self":[{"href":"https:\/\/mod.wisdar.net\/tr\/wp-json\/wp\/v2\/product\/42789","targetHints":{"allow":["GET"]}}],"collection":[{"href":"https:\/\/mod.wisdar.net\/tr\/wp-json\/wp\/v2\/product"}],"about":[{"href":"https:\/\/mod.wisdar.net\/tr\/wp-json\/wp\/v2\/types\/product"}],"replies":[{"embeddable":true,"href":"https:\/\/mod.wisdar.net\/tr\/wp-json\/wp\/v2\/comments?post=42789"}],"wp:featuredmedia":[{"embeddable":true,"href":"https:\/\/mod.wisdar.net\/tr\/wp-json\/wp\/v2\/media\/42784"}],"wp:attachment":[{"href":"https:\/\/mod.wisdar.net\/tr\/wp-json\/wp\/v2\/media?parent=42789"}],"wp:term":[{"taxonomy":"product_brand","embeddable":true,"href":"https:\/\/mod.wisdar.net\/tr\/wp-json\/wp\/v2\/product_brand?post=42789"},{"taxonomy":"product_cat","embeddable":true,"href":"https:\/\/mod.wisdar.net\/tr\/wp-json\/wp\/v2\/product_cat?post=42789"},{"taxonomy":"product_tag","embeddable":true,"href":"https:\/\/mod.wisdar.net\/tr\/wp-json\/wp\/v2\/product_tag?post=42789"}],"curies":[{"name":"wp","href":"https:\/\/api.w.org\/{rel}","templated":true}]}}