{"id":43016,"date":"2025-12-16T19:10:04","date_gmt":"2025-12-16T19:10:04","guid":{"rendered":"https:\/\/modesthanim.com\/product\/beli-lastikli-pamuklu-siyah-etek\/"},"modified":"2026-03-23T10:10:58","modified_gmt":"2026-03-23T10:10:58","slug":"beli-lastikli-pamuklu-siyah-etek","status":"publish","type":"product","link":"https:\/\/mod.wisdar.net\/tr\/urun\/beli-lastikli-pamuklu-siyah-etek\/","title":{"rendered":"Beli Lastikli Pamuklu Siyah Etek"},"content":{"rendered":"<p>BEL\u0130 LAST\u0130KL\u0130 PAMUKLU S\u0130YAH ETEK \u00d6ZELL\u0130KLER\u0130<br \/>\nBeli lastikli, kemer k\u00f6pr\u00fcl\u00fc, cepli, rahat kesim, normal kal\u0131p, astars\u0131z, pamuklu kuma\u015ftan \u00fcretilmi\u015f poplin etek.<br \/>\nKuma\u015f \u0130\u00e7eri\u011fi ve Y\u0131kama Talimatlar\u0131:<br \/>\n%100 Pamuk<br \/>\n30 derecede k\u0131sa programda makinede y\u0131kay\u0131n\u0131z, hassas y\u0131kama yap\u0131n\u0131z. Tersten y\u0131kay\u0131n\u0131z. A\u011fart\u0131c\u0131 kullanmay\u0131n\u0131z. D\u00fc\u015f\u00fck \u0131s\u0131da \u00fct\u00fcleyiniz.<br \/>\nManikin \u00dcr\u00fcn Bedeni: S<br \/>\nManikin \u00d6l\u00e7\u00fcleri: Boy: 1.72 cm, G\u00f6\u011f\u00fcs: 78 cm, Bel: 58 cm, Basen: 86 cm<\/p>\n","protected":false},"excerpt":{"rendered":"<p>BEL\u0130 LAST\u0130KL\u0130 PAMUKLU S\u0130YAH ETEK \u00d6ZELL\u0130KLER\u0130<br \/>\nBeli lastikli, kemer k\u00f6pr\u00fcl\u00fc, cepli, rahat kesim, normal kal\u0131p, astars\u0131z, pamuklu kuma\u015ftan \u00fcretilmi\u015f poplin etek.<br \/>\nKuma\u015f \u0130\u00e7eri\u011fi ve Y\u0131kama Talimatlar\u0131:<br \/>\n%100 Pamuk<br \/>\n30 derecede k\u0131sa programda makinede y\u0131kay\u0131n\u0131z, hassas y\u0131kama yap\u0131n\u0131z. Tersten y\u0131kay\u0131n\u0131z. A\u011fart\u0131c\u0131 kullanmay\u0131n\u0131z. D\u00fc\u015f\u00fck \u0131s\u0131da \u00fct\u00fcleyiniz.<br \/>\nManikin \u00dcr\u00fcn Bedeni: S<br \/>\nManikin \u00d6l\u00e7\u00fcleri: Boy: 1.72 cm, G\u00f6\u011f\u00fcs: 78 cm, Bel: 58 cm, Basen: 86 cm<\/p>\n","protected":false},"featured_media":43009,"comment_status":"open","ping_status":"closed","template":"","meta":[],"product_brand":[],"product_cat":[1969],"product_tag":[],"class_list":{"0":"post-43016","1":"product","2":"type-product","3":"status-publish","4":"has-post-thumbnail","6":"product_cat-etekler","7":"pa_brand-hooopstore","8":"pa_color-siyah","9":"pa_size-large","10":"pa_size-medium","11":"pa_size-small","12":"pa_size-xlarge","14":"first","15":"instock","16":"sale","17":"shipping-taxable","18":"purchasable","19":"product-type-variable"},"_links":{"self":[{"href":"https:\/\/mod.wisdar.net\/tr\/wp-json\/wp\/v2\/product\/43016","targetHints":{"allow":["GET"]}}],"collection":[{"href":"https:\/\/mod.wisdar.net\/tr\/wp-json\/wp\/v2\/product"}],"about":[{"href":"https:\/\/mod.wisdar.net\/tr\/wp-json\/wp\/v2\/types\/product"}],"replies":[{"embeddable":true,"href":"https:\/\/mod.wisdar.net\/tr\/wp-json\/wp\/v2\/comments?post=43016"}],"wp:featuredmedia":[{"embeddable":true,"href":"https:\/\/mod.wisdar.net\/tr\/wp-json\/wp\/v2\/media\/43009"}],"wp:attachment":[{"href":"https:\/\/mod.wisdar.net\/tr\/wp-json\/wp\/v2\/media?parent=43016"}],"wp:term":[{"taxonomy":"product_brand","embeddable":true,"href":"https:\/\/mod.wisdar.net\/tr\/wp-json\/wp\/v2\/product_brand?post=43016"},{"taxonomy":"product_cat","embeddable":true,"href":"https:\/\/mod.wisdar.net\/tr\/wp-json\/wp\/v2\/product_cat?post=43016"},{"taxonomy":"product_tag","embeddable":true,"href":"https:\/\/mod.wisdar.net\/tr\/wp-json\/wp\/v2\/product_tag?post=43016"}],"curies":[{"name":"wp","href":"https:\/\/api.w.org\/{rel}","templated":true}]}}