{"id":43078,"date":"2025-12-16T19:10:46","date_gmt":"2025-12-16T19:10:46","guid":{"rendered":"https:\/\/modesthanim.com\/product\/premium-poplin-balon-bordo-etek\/"},"modified":"2026-04-15T22:55:42","modified_gmt":"2026-04-15T22:55:42","slug":"premium-poplin-balon-bordo-etek","status":"publish","type":"product","link":"https:\/\/mod.wisdar.net\/tr\/urun\/premium-poplin-balon-bordo-etek\/","title":{"rendered":"Premium Poplin Balon Bordo Etek"},"content":{"rendered":"<p>PREM\u0130UM POPL\u0130N BALON BORDO ETEK \u00d6ZELL\u0130KLER\u0130: Pamuklu kuma\u015f, b\u00fczg\u00fcl\u00fc tasar\u0131m, arkadan gizli fermuarl\u0131, yanlarda cepli, premium telalanm\u0131\u015f hacimli duran kuma\u015ftan \u00fcretilmi\u015f i\u00e7 belli etmeyen astars\u0131z premium poplin balon etek. \u0130\u00c7ER\u0130K VE BAKIM: %100 Pamuk. Kuru temizleme \u00f6nerilir. El ile \u00f6l\u00e7\u00fcmlerde 2-3 cm farkl\u0131l\u0131k olabilir. Manken Bedeni: Small. Manken \u00d6l\u00e7\u00fcleri: Boy: 1.74 m, G\u00f6\u011f\u00fcs: 78 cm, Bel: 58 cm, Basen: 87 cm.<\/p>\n","protected":false},"excerpt":{"rendered":"<p>PREM\u0130UM POPL\u0130N BALON BORDO ETEK \u00d6ZELL\u0130KLER\u0130: Pamuklu kuma\u015f, b\u00fczg\u00fcl\u00fc tasar\u0131m, arkadan gizli fermuarl\u0131, yanlarda cepli, premium telalanm\u0131\u015f hacimli duran kuma\u015ftan \u00fcretilmi\u015f i\u00e7 belli etmeyen astars\u0131z premium poplin balon etek. \u0130\u00c7ER\u0130K VE BAKIM: %100 Pamuk. Kuru temizleme \u00f6nerilir. El ile \u00f6l\u00e7\u00fcmlerde 2-3 cm farkl\u0131l\u0131k olabilir. Manken Bedeni: Small. Manken \u00d6l\u00e7\u00fcleri: Boy: 1.74 m, G\u00f6\u011f\u00fcs: 78 cm, Bel: 58 cm, Basen: 87 cm.<\/p>\n","protected":false},"featured_media":43071,"comment_status":"open","ping_status":"closed","template":"","meta":[],"product_brand":[],"product_cat":[1969],"product_tag":[],"class_list":{"0":"post-43078","1":"product","2":"type-product","3":"status-publish","4":"has-post-thumbnail","6":"product_cat-etekler","7":"pa_brand-hooopstore","8":"pa_color-bordo","9":"pa_size-large","10":"pa_size-medium","11":"pa_size-small","13":"first","14":"outofstock","15":"shipping-taxable","16":"product-type-variable"},"_links":{"self":[{"href":"https:\/\/mod.wisdar.net\/tr\/wp-json\/wp\/v2\/product\/43078","targetHints":{"allow":["GET"]}}],"collection":[{"href":"https:\/\/mod.wisdar.net\/tr\/wp-json\/wp\/v2\/product"}],"about":[{"href":"https:\/\/mod.wisdar.net\/tr\/wp-json\/wp\/v2\/types\/product"}],"replies":[{"embeddable":true,"href":"https:\/\/mod.wisdar.net\/tr\/wp-json\/wp\/v2\/comments?post=43078"}],"wp:featuredmedia":[{"embeddable":true,"href":"https:\/\/mod.wisdar.net\/tr\/wp-json\/wp\/v2\/media\/43071"}],"wp:attachment":[{"href":"https:\/\/mod.wisdar.net\/tr\/wp-json\/wp\/v2\/media?parent=43078"}],"wp:term":[{"taxonomy":"product_brand","embeddable":true,"href":"https:\/\/mod.wisdar.net\/tr\/wp-json\/wp\/v2\/product_brand?post=43078"},{"taxonomy":"product_cat","embeddable":true,"href":"https:\/\/mod.wisdar.net\/tr\/wp-json\/wp\/v2\/product_cat?post=43078"},{"taxonomy":"product_tag","embeddable":true,"href":"https:\/\/mod.wisdar.net\/tr\/wp-json\/wp\/v2\/product_tag?post=43078"}],"curies":[{"name":"wp","href":"https:\/\/api.w.org\/{rel}","templated":true}]}}