{"id":43150,"date":"2025-12-16T19:11:58","date_gmt":"2025-12-16T19:11:58","guid":{"rendered":"https:\/\/modesthanim.com\/product\/beli-lastikli-pamuklu-beyaz-etek\/"},"modified":"2026-04-02T20:56:17","modified_gmt":"2026-04-02T20:56:17","slug":"beli-lastikli-pamuklu-beyaz-etek","status":"publish","type":"product","link":"https:\/\/mod.wisdar.net\/tr\/urun\/beli-lastikli-pamuklu-beyaz-etek\/","title":{"rendered":"Beli Lastikli Pamuklu Beyaz Etek"},"content":{"rendered":"<p>BEL\u0130 LAST\u0130KL\u0130 PAMUKLU BEYAZ ETEK \u00d6ZELL\u0130KLER\u0130<br \/>\nBeli lastikli, kemer k\u00f6pr\u00fcl\u00fc, cepli, rahat kesim, normal kal\u0131p, astarl\u0131, pamuklu kuma\u015ftan \u00fcretilmi\u015f poplin etek.<br \/>\nKuma\u015f \u0130\u00e7eri\u011fi ve Y\u0131kama Talimat:<br \/>\n%100 Pamuk<br \/>\n30 derecede k\u0131sa programda makinede y\u0131kay\u0131n\u0131z, hassas y\u0131kama yap\u0131n\u0131z. Tersten y\u0131kay\u0131n\u0131z. A\u011fart\u0131c\u0131 kullanmay\u0131n\u0131z. D\u00fc\u015f\u00fck \u0131s\u0131da \u00fct\u00fcleyiniz.<br \/>\nManken \u00dcr\u00fcn Bedeni: S<br \/>\nManken \u00d6l\u00e7\u00fcleri: Boy: 1.76 cm, G\u00f6\u011f\u00fcs: 84 cm, Bel: 61 cm, Basen: 88 cm<\/p>\n","protected":false},"excerpt":{"rendered":"<p>BEL\u0130 LAST\u0130KL\u0130 PAMUKLU BEYAZ ETEK \u00d6ZELL\u0130KLER\u0130<br \/>\nBeli lastikli, kemer k\u00f6pr\u00fcl\u00fc, cepli, rahat kesim, normal kal\u0131p, astarl\u0131, pamuklu kuma\u015ftan \u00fcretilmi\u015f poplin etek.<br \/>\nKuma\u015f \u0130\u00e7eri\u011fi ve Y\u0131kama Talimat:<br \/>\n%100 Pamuk<br \/>\n30 derecede k\u0131sa programda makinede y\u0131kay\u0131n\u0131z, hassas y\u0131kama yap\u0131n\u0131z. Tersten y\u0131kay\u0131n\u0131z. A\u011fart\u0131c\u0131 kullanmay\u0131n\u0131z. D\u00fc\u015f\u00fck \u0131s\u0131da \u00fct\u00fcleyiniz.<br \/>\nManken \u00dcr\u00fcn Bedeni: S<br \/>\nManken \u00d6l\u00e7\u00fcleri: Boy: 1.76 cm, G\u00f6\u011f\u00fcs: 84 cm, Bel: 61 cm, Basen: 88 cm<\/p>\n","protected":false},"featured_media":43143,"comment_status":"open","ping_status":"closed","template":"","meta":[],"product_brand":[],"product_cat":[1969],"product_tag":[7612],"class_list":{"0":"post-43150","1":"product","2":"type-product","3":"status-publish","4":"has-post-thumbnail","6":"product_cat-etekler","7":"product_tag-kadin-etegi","8":"pa_brand-hooopstore","9":"pa_color-beyaz","10":"pa_size-large","11":"pa_size-medium","12":"pa_size-small","13":"pa_size-xlarge","15":"first","16":"outofstock","17":"shipping-taxable","18":"product-type-variable"},"_links":{"self":[{"href":"https:\/\/mod.wisdar.net\/tr\/wp-json\/wp\/v2\/product\/43150","targetHints":{"allow":["GET"]}}],"collection":[{"href":"https:\/\/mod.wisdar.net\/tr\/wp-json\/wp\/v2\/product"}],"about":[{"href":"https:\/\/mod.wisdar.net\/tr\/wp-json\/wp\/v2\/types\/product"}],"replies":[{"embeddable":true,"href":"https:\/\/mod.wisdar.net\/tr\/wp-json\/wp\/v2\/comments?post=43150"}],"wp:featuredmedia":[{"embeddable":true,"href":"https:\/\/mod.wisdar.net\/tr\/wp-json\/wp\/v2\/media\/43143"}],"wp:attachment":[{"href":"https:\/\/mod.wisdar.net\/tr\/wp-json\/wp\/v2\/media?parent=43150"}],"wp:term":[{"taxonomy":"product_brand","embeddable":true,"href":"https:\/\/mod.wisdar.net\/tr\/wp-json\/wp\/v2\/product_brand?post=43150"},{"taxonomy":"product_cat","embeddable":true,"href":"https:\/\/mod.wisdar.net\/tr\/wp-json\/wp\/v2\/product_cat?post=43150"},{"taxonomy":"product_tag","embeddable":true,"href":"https:\/\/mod.wisdar.net\/tr\/wp-json\/wp\/v2\/product_tag?post=43150"}],"curies":[{"name":"wp","href":"https:\/\/api.w.org\/{rel}","templated":true}]}}