{"id":43344,"date":"2025-12-17T08:07:54","date_gmt":"2025-12-17T08:07:54","guid":{"rendered":"https:\/\/modesthanim.com\/product\/v-yakali-jile-bordo\/"},"modified":"2026-04-15T22:07:44","modified_gmt":"2026-04-15T22:07:44","slug":"v-yakali-jile-bordo","status":"publish","type":"product","link":"https:\/\/mod.wisdar.net\/tr\/urun\/v-yakali-jile-bordo\/","title":{"rendered":"V yakal\u0131 Jile \u2013 Bordo"},"content":{"rendered":"<p>V yaka kesimiyle \u00fcst bedeni zarif\u00e7e uzatan V Yakal\u0131 Jile, tek ba\u015f\u0131na bile \u015f\u0131k bir duru\u015f sunan g\u00fc\u00e7l\u00fc bir par\u00e7a. Bluz, g\u00f6mlek veya ince trikolarla kolayca tamamlanabilir; ister ofis ister \u015fehir temposunda g\u00fcn boyu d\u00fczenli bir g\u00f6r\u00fcn\u00fcm sa\u011flar.<br \/>\nKuma\u015f \u0130\u00e7eri\u011fi: %72 Polyester, %22 Viskon, %5 Elastan<br \/>\nDesen: D\u00fcz<br \/>\nYaka Tipi: V Yaka<br \/>\nKol Tipi: Kolsuz<br \/>\nCep: Gizli Cep<br \/>\nAstar: Astars\u0131z<br \/>\n\u00dcr\u00fcn Boyu: 127 cm<br \/>\nKal\u0131p Tipi: Normal Kal\u0131p<br \/>\nManken \u00d6l\u00e7\u00fcleri:Boy: 175 cmG\u00f6\u011f\u00fcs: 82 cmBel: 60 cmBasen: 90 cm<br \/>\nMankenin Giydi\u011fi Beden: 36<\/p>\n<p>\u2014 Technical Details \u2014<br \/>\nDesen: D\u00fcz<br \/>\nYaka Tipi: V Yaka<br \/>\nKol Tipi: Kolsuz<br \/>\nCep: Gizli Cep<br \/>\nAstar: Astars\u0131z<br \/>\n\u00dcr\u00fcn Boyu: 127 cm<br \/>\nKal\u0131p Tipi: Normal Kal\u0131p<\/p>\n","protected":false},"excerpt":{"rendered":"<p>V yaka kesimiyle \u00fcst bedeni zarif\u00e7e uzatan V Yakal\u0131 Jile, tek ba\u015f\u0131na bile \u015f\u0131k bir duru\u015f sunan g\u00fc\u00e7l\u00fc bir par\u00e7a. Bluz, g\u00f6mlek veya ince trikolarla kolayca tamamlanabilir; ister ofis ister \u015fehir temposunda g\u00fcn boyu d\u00fczenli bir g\u00f6r\u00fcn\u00fcm sa\u011flar.<br \/>\nKuma\u015f \u0130\u00e7eri\u011fi: %72 Polyester, %22 Viskon, %5 Elastan<br \/>\nDesen: D\u00fcz<br \/>\nYaka Tipi: V Yaka<br \/>\nKol Tipi: Kolsuz<br \/>\nCep: Gizli Cep<br \/>\nAstar: Astars\u0131z<br \/>\n\u00dcr\u00fcn Boyu: 127 cm<br \/>\nKal\u0131p Tipi: Normal Kal\u0131p<br \/>\nManken \u00d6l\u00e7\u00fcleri:Boy: 175 cmG\u00f6\u011f\u00fcs: 82 cmBel: 60 cmBasen: 90 cm<br \/>\nMankenin Giydi\u011fi Beden: 36<\/p>\n<p>\u2014 Technical Details \u2014<br \/>\nDesen: D\u00fcz<br \/>\nYaka Tipi: V Yaka<br \/>\nKol Tipi: Kolsuz<br \/>\nCep: Gizli Cep<br \/>\nAstar: Astars\u0131z<br \/>\n\u00dcr\u00fcn Boyu: 127 cm<br \/>\nKal\u0131p Tipi: Normal Kal\u0131p<\/p>\n","protected":false},"featured_media":43335,"comment_status":"open","ping_status":"closed","template":"","meta":[],"product_brand":[],"product_cat":[2053],"product_tag":[7150],"class_list":{"0":"post-43344","1":"product","2":"type-product","3":"status-publish","4":"has-post-thumbnail","6":"product_cat-yelekler-yelekler","7":"product_tag-bordo","8":"pa_brand-tugba","9":"pa_color-bordo","10":"pa_size-4701","11":"pa_size-4706","12":"pa_size-4711","13":"pa_size-4713","14":"pa_size-4751","16":"first","17":"instock","18":"sale","19":"shipping-taxable","20":"purchasable","21":"product-type-variable"},"_links":{"self":[{"href":"https:\/\/mod.wisdar.net\/tr\/wp-json\/wp\/v2\/product\/43344","targetHints":{"allow":["GET"]}}],"collection":[{"href":"https:\/\/mod.wisdar.net\/tr\/wp-json\/wp\/v2\/product"}],"about":[{"href":"https:\/\/mod.wisdar.net\/tr\/wp-json\/wp\/v2\/types\/product"}],"replies":[{"embeddable":true,"href":"https:\/\/mod.wisdar.net\/tr\/wp-json\/wp\/v2\/comments?post=43344"}],"wp:featuredmedia":[{"embeddable":true,"href":"https:\/\/mod.wisdar.net\/tr\/wp-json\/wp\/v2\/media\/43335"}],"wp:attachment":[{"href":"https:\/\/mod.wisdar.net\/tr\/wp-json\/wp\/v2\/media?parent=43344"}],"wp:term":[{"taxonomy":"product_brand","embeddable":true,"href":"https:\/\/mod.wisdar.net\/tr\/wp-json\/wp\/v2\/product_brand?post=43344"},{"taxonomy":"product_cat","embeddable":true,"href":"https:\/\/mod.wisdar.net\/tr\/wp-json\/wp\/v2\/product_cat?post=43344"},{"taxonomy":"product_tag","embeddable":true,"href":"https:\/\/mod.wisdar.net\/tr\/wp-json\/wp\/v2\/product_tag?post=43344"}],"curies":[{"name":"wp","href":"https:\/\/api.w.org\/{rel}","templated":true}]}}