{"id":43368,"date":"2025-12-17T08:08:50","date_gmt":"2025-12-17T08:08:50","guid":{"rendered":"https:\/\/modesthanim.com\/product\/quzu-palazzo-pantolon-bej\/"},"modified":"2026-01-14T20:14:56","modified_gmt":"2026-01-14T20:14:56","slug":"quzu-palazzo-pantolon-bej","status":"publish","type":"product","link":"https:\/\/mod.wisdar.net\/tr\/urun\/quzu-palazzo-pantolon-bej\/","title":{"rendered":"Quzu Palazzo Pantolon Bej"},"content":{"rendered":"<p>\u00dcr\u00fcn boyu: 115 cm<\/p>\n<p>Bel: 35 cm<\/p>\n<p>Manken \u00fczerindeki \u00f6rnek &#8216;S&#8217; bedendir. Bedenler aras\u0131nda 1-2 cm fark olabilir. \u00dcr\u00fcn keten-polyester kuma\u015ftan \u00fcretilmi\u015ftir ve astars\u0131zd\u0131r.<\/p>\n<p>MANKEN \u00d6L\u00c7\u00dcLER\u0130:<\/p>\n<p>Boy: 1.67 m<\/p>\n<p>Kilo: 52 kg<\/p>\n<p>G\u00f6\u011f\u00fcs: 88 cm<\/p>\n<p>Bel: 64 cm<\/p>\n<p>Kal\u00e7a: 88 cm<\/p>\n<p>YIKAMA TAL\u0130MATLARI:<\/p>\n<p>\u00c7ama\u015f\u0131r suyu kullanmay\u0131n\u0131z.<\/p>\n<p>Hafif \u0131s\u0131 ile \u00fct\u00fcleyebilirsiniz.<\/p>\n<p>Kuru temizleme uygundur.<\/p>\n<p>\u0130ADE ve DE\u011e\u0130\u015e\u0130M:<\/p>\n<p>Faturas\u0131z iade ve de\u011fi\u015fim kabul edilmemektedir.<\/p>\n<p>\u00dcr\u00fcn\u00fc teslim ald\u0131ktan sonra herhangi bir nedenle iade veya de\u011fi\u015fim yapmak isterseniz, teslim ald\u0131\u011f\u0131n\u0131z tarihten itibaren 14 g\u00fcn i\u00e7inde iade\/de\u011fi\u015fim i\u015flemi ger\u00e7ekle\u015ftirebilirsiniz.<\/p>\n<p>Hasarl\u0131 veya eksik \u00fcr\u00fcnler i\u00e7in 24 saat i\u00e7inde online ma\u011fazam\u0131z \u00fczerinden iade talebi olu\u015fturabilirsiniz.<\/p>\n","protected":false},"excerpt":{"rendered":"<p>\u00dcr\u00fcn boyu: 115 cm<\/p>\n<p>Bel: 35 cm<\/p>\n<p>Manken \u00fczerindeki \u00f6rnek &#8216;S&#8217; bedendir. Bedenler aras\u0131nda 1-2 cm fark olabilir. \u00dcr\u00fcn keten-polyester kuma\u015ftan \u00fcretilmi\u015ftir ve astars\u0131zd\u0131r.<\/p>\n<p>MANKEN \u00d6L\u00c7\u00dcLER\u0130:<\/p>\n<p>Boy: 1.67 m<\/p>\n<p>Kilo: 52 kg<\/p>\n<p>G\u00f6\u011f\u00fcs: 88 cm<\/p>\n<p>Bel: 64 cm<\/p>\n<p>Kal\u00e7a: 88 cm<\/p>\n<p>YIKAMA TAL\u0130MATLARI:<\/p>\n<p>\u00c7ama\u015f\u0131r suyu kullanmay\u0131n\u0131z.<\/p>\n<p>Hafif \u0131s\u0131 ile \u00fct\u00fcleyebilirsiniz.<\/p>\n<p>Kuru temizleme uygundur.<\/p>\n<p>\u0130ADE ve DE\u011e\u0130\u015e\u0130M:<\/p>\n<p>Faturas\u0131z iade ve de\u011fi\u015fim kabul edilmemektedir.<\/p>\n<p>\u00dcr\u00fcn\u00fc teslim ald\u0131ktan sonra herhangi bir nedenle iade veya de\u011fi\u015fim yapmak isterseniz, teslim ald\u0131\u011f\u0131n\u0131z tarihten itibaren 14 g\u00fcn i\u00e7inde iade\/de\u011fi\u015fim i\u015flemi ger\u00e7ekle\u015ftirebilirsiniz.<\/p>\n<p>Hasarl\u0131 veya eksik \u00fcr\u00fcnler i\u00e7in 24 saat i\u00e7inde online ma\u011fazam\u0131z \u00fczerinden iade talebi olu\u015fturabilirsiniz.<\/p>\n","protected":false},"featured_media":43365,"comment_status":"open","ping_status":"closed","template":"","meta":[],"product_brand":[],"product_cat":[1882],"product_tag":[],"class_list":{"0":"post-43368","1":"product","2":"type-product","3":"status-publish","4":"has-post-thumbnail","6":"product_cat-alt-giyim","7":"pa_brand-markasiz","8":"pa_color-bej","9":"pa_size-l","10":"pa_size-m","11":"pa_size-s","13":"first","14":"instock","15":"sale","16":"shipping-taxable","17":"purchasable","18":"product-type-variable"},"_links":{"self":[{"href":"https:\/\/mod.wisdar.net\/tr\/wp-json\/wp\/v2\/product\/43368","targetHints":{"allow":["GET"]}}],"collection":[{"href":"https:\/\/mod.wisdar.net\/tr\/wp-json\/wp\/v2\/product"}],"about":[{"href":"https:\/\/mod.wisdar.net\/tr\/wp-json\/wp\/v2\/types\/product"}],"replies":[{"embeddable":true,"href":"https:\/\/mod.wisdar.net\/tr\/wp-json\/wp\/v2\/comments?post=43368"}],"wp:featuredmedia":[{"embeddable":true,"href":"https:\/\/mod.wisdar.net\/tr\/wp-json\/wp\/v2\/media\/43365"}],"wp:attachment":[{"href":"https:\/\/mod.wisdar.net\/tr\/wp-json\/wp\/v2\/media?parent=43368"}],"wp:term":[{"taxonomy":"product_brand","embeddable":true,"href":"https:\/\/mod.wisdar.net\/tr\/wp-json\/wp\/v2\/product_brand?post=43368"},{"taxonomy":"product_cat","embeddable":true,"href":"https:\/\/mod.wisdar.net\/tr\/wp-json\/wp\/v2\/product_cat?post=43368"},{"taxonomy":"product_tag","embeddable":true,"href":"https:\/\/mod.wisdar.net\/tr\/wp-json\/wp\/v2\/product_tag?post=43368"}],"curies":[{"name":"wp","href":"https:\/\/api.w.org\/{rel}","templated":true}]}}