{"id":43420,"date":"2025-12-17T08:10:36","date_gmt":"2025-12-17T08:10:36","guid":{"rendered":"https:\/\/modesthanim.com\/product\/kisa-kurk-kaban-siyah\/"},"modified":"2026-03-17T19:21:59","modified_gmt":"2026-03-17T19:21:59","slug":"kisa-kurk-kaban-siyah","status":"publish","type":"product","link":"https:\/\/mod.wisdar.net\/tr\/urun\/kisa-kurk-kaban-siyah\/","title":{"rendered":"K\u0131sa K\u00fcrk Kaban Siyah"},"content":{"rendered":"<p>Premium k\u00fcrk kuma\u015ftan, astarl\u0131, uzun kollu, k\u0131sa kaban<\/p>\n","protected":false},"excerpt":{"rendered":"<p>Premium k\u00fcrk kuma\u015ftan, astarl\u0131, uzun kollu, k\u0131sa kaban<\/p>\n","protected":false},"featured_media":43403,"comment_status":"open","ping_status":"closed","template":"","meta":[],"product_brand":[],"product_cat":[2047],"product_tag":[8050],"class_list":{"0":"post-43420","1":"product","2":"type-product","3":"status-publish","4":"has-post-thumbnail","6":"product_cat-paltolar","7":"product_tag-kis-ceketi","8":"pa_brand-fahhar","9":"pa_color-siyah","10":"pa_size-1-36-38","11":"pa_size-2-40-42","13":"first","14":"instock","15":"sale","16":"shipping-taxable","17":"purchasable","18":"product-type-variable"},"_links":{"self":[{"href":"https:\/\/mod.wisdar.net\/tr\/wp-json\/wp\/v2\/product\/43420","targetHints":{"allow":["GET"]}}],"collection":[{"href":"https:\/\/mod.wisdar.net\/tr\/wp-json\/wp\/v2\/product"}],"about":[{"href":"https:\/\/mod.wisdar.net\/tr\/wp-json\/wp\/v2\/types\/product"}],"replies":[{"embeddable":true,"href":"https:\/\/mod.wisdar.net\/tr\/wp-json\/wp\/v2\/comments?post=43420"}],"wp:featuredmedia":[{"embeddable":true,"href":"https:\/\/mod.wisdar.net\/tr\/wp-json\/wp\/v2\/media\/43403"}],"wp:attachment":[{"href":"https:\/\/mod.wisdar.net\/tr\/wp-json\/wp\/v2\/media?parent=43420"}],"wp:term":[{"taxonomy":"product_brand","embeddable":true,"href":"https:\/\/mod.wisdar.net\/tr\/wp-json\/wp\/v2\/product_brand?post=43420"},{"taxonomy":"product_cat","embeddable":true,"href":"https:\/\/mod.wisdar.net\/tr\/wp-json\/wp\/v2\/product_cat?post=43420"},{"taxonomy":"product_tag","embeddable":true,"href":"https:\/\/mod.wisdar.net\/tr\/wp-json\/wp\/v2\/product_tag?post=43420"}],"curies":[{"name":"wp","href":"https:\/\/api.w.org\/{rel}","templated":true}]}}