{"id":43592,"date":"2025-12-17T19:19:30","date_gmt":"2025-12-17T19:19:30","guid":{"rendered":"https:\/\/modesthanim.com\/product\/beyaz-kisa-tuylu-yelek\/"},"modified":"2026-04-10T05:12:08","modified_gmt":"2026-04-10T05:12:08","slug":"beyaz-kisa-tuylu-yelek","status":"publish","type":"product","link":"https:\/\/mod.wisdar.net\/tr\/urun\/beyaz-kisa-tuylu-yelek\/","title":{"rendered":"Beyaz K\u0131sa T\u00fcyl\u00fc Yelek"},"content":{"rendered":"<p>Teknik kuma\u015ftan \u00fcretilmi\u015f \u015fi\u015fme bir yelek. Fermuar kapan\u0131\u015f, cepler, daha uzun arka etek ve oval kesim etek \u00f6zelliklerine sahiptir. Mikrofiber dolgulu yelek yumu\u015fak bir his sunar. Yelekte kullan\u0131lan t\u00fcm aksesuarlar premium kalitededir. Ger\u00e7ek beden \u00f6l\u00e7\u00fclerine uygun kesimi sayesinde, en iyi uyum i\u00e7in normal bedeninizi se\u00e7ebilirsiniz. \u00d6n Uzunluk: 64 cm Arka Uzunluk: 73 cm (Uzunluk \u00fcretim toleranslar\u0131na g\u00f6re 1-5 cm aras\u0131nda de\u011fi\u015fiklik g\u00f6sterebilir) Beden Tablosu: G\u00f6\u011f\u00fcs Kal\u00e7a Beden 36: 110 cm 114 cm Beden 38: 114 cm 118 cm Beden 40: 118 cm 122 cm Beden 42: 122 cm 126 cm Modelin Beden Bilgileri: Boy: 179 cm G\u00f6\u011f\u00fcs: 83 cm Bel: 63 cm Kal\u00e7a: 88 cm Modelin \u00dczerindeki Beden: 36<\/p>\n","protected":false},"excerpt":{"rendered":"<p>Teknik kuma\u015ftan \u00fcretilmi\u015f \u015fi\u015fme bir yelek. Fermuar kapan\u0131\u015f, cepler, daha uzun arka etek ve oval kesim etek \u00f6zelliklerine sahiptir. Mikrofiber dolgulu yelek yumu\u015fak bir his sunar. Yelekte kullan\u0131lan t\u00fcm aksesuarlar premium kalitededir. Ger\u00e7ek beden \u00f6l\u00e7\u00fclerine uygun kesimi sayesinde, en iyi uyum i\u00e7in normal bedeninizi se\u00e7ebilirsiniz. \u00d6n Uzunluk: 64 cm Arka Uzunluk: 73 cm (Uzunluk \u00fcretim toleranslar\u0131na g\u00f6re 1-5 cm aras\u0131nda de\u011fi\u015fiklik g\u00f6sterebilir) Beden Tablosu: G\u00f6\u011f\u00fcs Kal\u00e7a Beden 36: 110 cm 114 cm Beden 38: 114 cm 118 cm Beden 40: 118 cm 122 cm Beden 42: 122 cm 126 cm Modelin Beden Bilgileri: Boy: 179 cm G\u00f6\u011f\u00fcs: 83 cm Bel: 63 cm Kal\u00e7a: 88 cm Modelin \u00dczerindeki Beden: 36<\/p>\n","protected":false},"featured_media":43584,"comment_status":"open","ping_status":"closed","template":"","meta":[],"product_brand":[],"product_cat":[2053],"product_tag":[],"class_list":{"0":"post-43592","1":"product","2":"type-product","3":"status-publish","4":"has-post-thumbnail","6":"product_cat-yelekler-yelekler","7":"pa_brand-he-qa","8":"pa_color-beyaz","9":"pa_size-4701","10":"pa_size-4706","11":"pa_size-4711","12":"pa_size-4713","14":"first","15":"instock","16":"sale","17":"shipping-taxable","18":"purchasable","19":"product-type-variable"},"_links":{"self":[{"href":"https:\/\/mod.wisdar.net\/tr\/wp-json\/wp\/v2\/product\/43592","targetHints":{"allow":["GET"]}}],"collection":[{"href":"https:\/\/mod.wisdar.net\/tr\/wp-json\/wp\/v2\/product"}],"about":[{"href":"https:\/\/mod.wisdar.net\/tr\/wp-json\/wp\/v2\/types\/product"}],"replies":[{"embeddable":true,"href":"https:\/\/mod.wisdar.net\/tr\/wp-json\/wp\/v2\/comments?post=43592"}],"wp:featuredmedia":[{"embeddable":true,"href":"https:\/\/mod.wisdar.net\/tr\/wp-json\/wp\/v2\/media\/43584"}],"wp:attachment":[{"href":"https:\/\/mod.wisdar.net\/tr\/wp-json\/wp\/v2\/media?parent=43592"}],"wp:term":[{"taxonomy":"product_brand","embeddable":true,"href":"https:\/\/mod.wisdar.net\/tr\/wp-json\/wp\/v2\/product_brand?post=43592"},{"taxonomy":"product_cat","embeddable":true,"href":"https:\/\/mod.wisdar.net\/tr\/wp-json\/wp\/v2\/product_cat?post=43592"},{"taxonomy":"product_tag","embeddable":true,"href":"https:\/\/mod.wisdar.net\/tr\/wp-json\/wp\/v2\/product_tag?post=43592"}],"curies":[{"name":"wp","href":"https:\/\/api.w.org\/{rel}","templated":true}]}}