{"id":43636,"date":"2025-12-17T19:20:28","date_gmt":"2025-12-17T19:20:28","guid":{"rendered":"https:\/\/modesthanim.com\/product\/kemerli-bej-denim-gomlek\/"},"modified":"2026-02-18T21:19:14","modified_gmt":"2026-02-18T21:19:14","slug":"kemerli-bej-denim-gomlek","status":"publish","type":"product","link":"https:\/\/mod.wisdar.net\/tr\/urun\/kemerli-bej-denim-gomlek\/","title":{"rendered":"Kemerli Bej Denim G\u00f6mlek"},"content":{"rendered":"<p>%100 pamuk denim kuma\u015ftan \u00fcretilen bu kemerli g\u00f6mlek, do\u011fal yap\u0131s\u0131 sayesinde nefes alabilirlik ve g\u00fcn boyu konfor sa\u011flar. Rahat kesimi g\u00fcnl\u00fck kullan\u0131mda hareket kolayl\u0131\u011f\u0131 sunarken, bel kemeri detay\u0131 \u015f\u0131k bir g\u00fcndelik zarafet vurgusu yapar. \u00dcr\u00fcn ger\u00e7ek beden \u00f6l\u00e7\u00fclerine uygun olup, normal bedeninizi se\u00e7menizi \u00f6neririz. Uzunluk: 77 cm (\u00dcr\u00fcn uzunlu\u011fu \u00fcretim partileri aras\u0131nda 1-5 cm de\u011fi\u015fiklik g\u00f6sterebilir.) Beden Tablosu: G\u00f6\u011f\u00fcs Kal\u00e7a Kol Biceps Beden 36: 130 cm 137 cm 58 cm 56 cm Beden 38: 134 cm 141 cm 59 cm 58 cm Beden 40: 138 cm 145 cm 60 cm 60 cm Beden 42: 142 cm 149 cm 61 cm 62 cm Modelin \u00d6l\u00e7\u00fcleri: Boy: 176 cm G\u00f6\u011f\u00fcs: 84 cm Bel: 62 cm Kal\u00e7a: 88 cm Modelin Giyilen Bedeni: 36<\/p>\n","protected":false},"excerpt":{"rendered":"<p>%100 pamuk denim kuma\u015ftan \u00fcretilen bu kemerli g\u00f6mlek, do\u011fal yap\u0131s\u0131 sayesinde nefes alabilirlik ve g\u00fcn boyu konfor sa\u011flar. Rahat kesimi g\u00fcnl\u00fck kullan\u0131mda hareket kolayl\u0131\u011f\u0131 sunarken, bel kemeri detay\u0131 \u015f\u0131k bir g\u00fcndelik zarafet vurgusu yapar. \u00dcr\u00fcn ger\u00e7ek beden \u00f6l\u00e7\u00fclerine uygun olup, normal bedeninizi se\u00e7menizi \u00f6neririz. Uzunluk: 77 cm (\u00dcr\u00fcn uzunlu\u011fu \u00fcretim partileri aras\u0131nda 1-5 cm de\u011fi\u015fiklik g\u00f6sterebilir.) Beden Tablosu: G\u00f6\u011f\u00fcs Kal\u00e7a Kol Biceps Beden 36: 130 cm 137 cm 58 cm 56 cm Beden 38: 134 cm 141 cm 59 cm 58 cm Beden 40: 138 cm 145 cm 60 cm 60 cm Beden 42: 142 cm 149 cm 61 cm 62 cm Modelin \u00d6l\u00e7\u00fcleri: Boy: 176 cm G\u00f6\u011f\u00fcs: 84 cm Bel: 62 cm Kal\u00e7a: 88 cm Modelin Giyilen Bedeni: 36<\/p>\n","protected":false},"featured_media":43628,"comment_status":"open","ping_status":"closed","template":"","meta":[],"product_brand":[],"product_cat":[1909],"product_tag":[],"class_list":{"0":"post-43636","1":"product","2":"type-product","3":"status-publish","4":"has-post-thumbnail","6":"product_cat-bluzlar-ve-gomlekler","7":"pa_brand-he-qa","8":"pa_color-bej","9":"pa_size-4701","10":"pa_size-4706","11":"pa_size-4711","12":"pa_size-4713","14":"first","15":"outofstock","16":"shipping-taxable","17":"product-type-variable"},"_links":{"self":[{"href":"https:\/\/mod.wisdar.net\/tr\/wp-json\/wp\/v2\/product\/43636","targetHints":{"allow":["GET"]}}],"collection":[{"href":"https:\/\/mod.wisdar.net\/tr\/wp-json\/wp\/v2\/product"}],"about":[{"href":"https:\/\/mod.wisdar.net\/tr\/wp-json\/wp\/v2\/types\/product"}],"replies":[{"embeddable":true,"href":"https:\/\/mod.wisdar.net\/tr\/wp-json\/wp\/v2\/comments?post=43636"}],"wp:featuredmedia":[{"embeddable":true,"href":"https:\/\/mod.wisdar.net\/tr\/wp-json\/wp\/v2\/media\/43628"}],"wp:attachment":[{"href":"https:\/\/mod.wisdar.net\/tr\/wp-json\/wp\/v2\/media?parent=43636"}],"wp:term":[{"taxonomy":"product_brand","embeddable":true,"href":"https:\/\/mod.wisdar.net\/tr\/wp-json\/wp\/v2\/product_brand?post=43636"},{"taxonomy":"product_cat","embeddable":true,"href":"https:\/\/mod.wisdar.net\/tr\/wp-json\/wp\/v2\/product_cat?post=43636"},{"taxonomy":"product_tag","embeddable":true,"href":"https:\/\/mod.wisdar.net\/tr\/wp-json\/wp\/v2\/product_tag?post=43636"}],"curies":[{"name":"wp","href":"https:\/\/api.w.org\/{rel}","templated":true}]}}