{"id":43686,"date":"2025-12-17T19:22:35","date_gmt":"2025-12-17T19:22:35","guid":{"rendered":"https:\/\/modesthanim.com\/product\/cep-detayli-denim-tunik-mavi\/"},"modified":"2026-04-10T05:13:00","modified_gmt":"2026-04-10T05:13:00","slug":"cep-detayli-denim-tunik-mavi","status":"publish","type":"product","link":"https:\/\/mod.wisdar.net\/tr\/urun\/cep-detayli-denim-tunik-mavi\/","title":{"rendered":"Cep Detayl\u0131 Denim Tunik Mavi"},"content":{"rendered":"<p>%100 Pamuk denim kuma\u015ftan \u00fcretilen tunik, do\u011fal yap\u0131s\u0131yla cilde dost ve nefes alabilir bir konfor sunar. R\u00fczgarl\u0131kl\u0131 \u00f6zel cep tasar\u0131m\u0131, modele modern ve fonksiyonel bir dokunu\u015f kazand\u0131r\u0131rken ayn\u0131 zamanda sportif bir hava katar.\u00dcr\u00fcn bol bir kal\u0131ba sahiptir.Model \u00fczerindeki kadar bol duru\u015f istemeyenler bir beden k\u00fc\u00e7\u00fck tercih edebilir.Boy: 79 cm (\u00dcr\u00fcn boyu \u00fcretimler aras\u0131 1-5 cm de\u011fi\u015febilir.)Kal\u0131p Bilgisi:G\u00f6\u011f\u00fcsBasenKol BoyuPazu36 Beden: 116 cm 118 cm 52 cm 44 cm 38 Beden: 120 cm 122 cm 53 cm 46 cm 40 Beden: 124 cm 126 cm 54 cm 48 cm 42 Beden: 128 cm 130 cm 55 cm 50 cm Manken \u00d6l\u00e7\u00fcleri:Boy: 174 cm G\u00f6\u011f\u00fcs: 83 cm Bel: 60 cm Basen: 90 cm Mankenin \u00dczerindeki Beden: 36<\/p>\n","protected":false},"excerpt":{"rendered":"<p>%100 Pamuk denim kuma\u015ftan \u00fcretilen tunik, do\u011fal yap\u0131s\u0131yla cilde dost ve nefes alabilir bir konfor sunar. R\u00fczgarl\u0131kl\u0131 \u00f6zel cep tasar\u0131m\u0131, modele modern ve fonksiyonel bir dokunu\u015f kazand\u0131r\u0131rken ayn\u0131 zamanda sportif bir hava katar.\u00dcr\u00fcn bol bir kal\u0131ba sahiptir.Model \u00fczerindeki kadar bol duru\u015f istemeyenler bir beden k\u00fc\u00e7\u00fck tercih edebilir.Boy: 79 cm (\u00dcr\u00fcn boyu \u00fcretimler aras\u0131 1-5 cm de\u011fi\u015febilir.)Kal\u0131p Bilgisi:G\u00f6\u011f\u00fcsBasenKol BoyuPazu36 Beden: 116 cm 118 cm 52 cm 44 cm 38 Beden: 120 cm 122 cm 53 cm 46 cm 40 Beden: 124 cm 126 cm 54 cm 48 cm 42 Beden: 128 cm 130 cm 55 cm 50 cm Manken \u00d6l\u00e7\u00fcleri:Boy: 174 cm G\u00f6\u011f\u00fcs: 83 cm Bel: 60 cm Basen: 90 cm Mankenin \u00dczerindeki Beden: 36<\/p>\n","protected":false},"featured_media":43680,"comment_status":"open","ping_status":"closed","template":"","meta":[],"product_brand":[],"product_cat":[2050,1909],"product_tag":[7326,8048,7426],"class_list":{"0":"post-43686","1":"product","2":"type-product","3":"status-publish","4":"has-post-thumbnail","6":"product_cat-blazer-ceketler","7":"product_cat-bluzlar-ve-gomlekler","8":"product_tag-bol-kesim","9":"product_tag-cep-detayi","10":"product_tag-gunluk-giyim-3","11":"pa_brand-he-qa","12":"pa_color-blue","13":"pa_size-4701","14":"pa_size-4706","15":"pa_size-4711","16":"pa_size-4713","18":"first","19":"instock","20":"sale","21":"shipping-taxable","22":"purchasable","23":"product-type-variable"},"_links":{"self":[{"href":"https:\/\/mod.wisdar.net\/tr\/wp-json\/wp\/v2\/product\/43686","targetHints":{"allow":["GET"]}}],"collection":[{"href":"https:\/\/mod.wisdar.net\/tr\/wp-json\/wp\/v2\/product"}],"about":[{"href":"https:\/\/mod.wisdar.net\/tr\/wp-json\/wp\/v2\/types\/product"}],"replies":[{"embeddable":true,"href":"https:\/\/mod.wisdar.net\/tr\/wp-json\/wp\/v2\/comments?post=43686"}],"wp:featuredmedia":[{"embeddable":true,"href":"https:\/\/mod.wisdar.net\/tr\/wp-json\/wp\/v2\/media\/43680"}],"wp:attachment":[{"href":"https:\/\/mod.wisdar.net\/tr\/wp-json\/wp\/v2\/media?parent=43686"}],"wp:term":[{"taxonomy":"product_brand","embeddable":true,"href":"https:\/\/mod.wisdar.net\/tr\/wp-json\/wp\/v2\/product_brand?post=43686"},{"taxonomy":"product_cat","embeddable":true,"href":"https:\/\/mod.wisdar.net\/tr\/wp-json\/wp\/v2\/product_cat?post=43686"},{"taxonomy":"product_tag","embeddable":true,"href":"https:\/\/mod.wisdar.net\/tr\/wp-json\/wp\/v2\/product_tag?post=43686"}],"curies":[{"name":"wp","href":"https:\/\/api.w.org\/{rel}","templated":true}]}}