{"id":43697,"date":"2025-12-17T19:22:53","date_gmt":"2025-12-17T19:22:53","guid":{"rendered":"https:\/\/modesthanim.com\/product\/kadife-garnili-gomlek-aci-kahve\/"},"modified":"2026-02-18T21:04:20","modified_gmt":"2026-02-18T21:04:20","slug":"kadife-garnili-gomlek-aci-kahve","status":"publish","type":"product","link":"https:\/\/mod.wisdar.net\/tr\/urun\/kadife-garnili-gomlek-aci-kahve\/","title":{"rendered":"Kadife Garnili G\u00f6mlek Ac\u0131 Kahve"},"content":{"rendered":"<p>%70 polyester ve %30 pamuk kar\u0131\u015f\u0131ml\u0131 kuma\u015ftan \u00fcretilen bu model, her iki lifin avantajlar\u0131n\u0131 bir araya getirerek hem konforlu hem de dayan\u0131kl\u0131 bir kullan\u0131m sunar. Polyester, kuma\u015fa formunu koruyan tok bir duru\u015f ve uzun \u00f6m\u00fcrl\u00fc bir yap\u0131 kazand\u0131r\u0131rken; pamuk lifi nefes alabilirli\u011fi ve do\u011fal yumu\u015fakl\u0131\u011f\u0131yla g\u00fcn boyu konfor sa\u011flar. Bu uyumlu kar\u0131\u015f\u0131m sayesinde g\u00f6mlek hafif, kullan\u0131\u015fl\u0131 ve modern bir dokuya sahip olur.Asimetrik kal\u0131p yap\u0131s\u0131 modeli s\u0131radanl\u0131ktan uzakla\u015ft\u0131rarak dinamik bir g\u00f6r\u00fcn\u00fcm yarat\u0131r. \u00d6zenle yerle\u015ftirilen kadife garniler, pamuklu gabardin y\u00fczeyle g\u00fc\u00e7l\u00fc bir kontrast olu\u015fturarak g\u00f6mle\u011fe zengin bir dokusal derinlik katar. Kadifenin yumu\u015fak ve l\u00fcks hissiyle gabardinin mat, tok yap\u0131s\u0131n\u0131n birle\u015fimi; modele modern, sofistike ve karakterli bir stil kazand\u0131r\u0131r. Bu \u00f6zel dokular\u0131n uyumu ve asimetrik formu sayesinde g\u00f6mlek, hem g\u00fcnl\u00fck kullan\u0131mlarda hem de \u015fehirli ve \u015f\u0131k kombinlerde kendi ba\u015f\u0131na dikkat \u00e7eken bir par\u00e7a h\u00e2line gelir..Kal\u0131p bilgisi:Rahat bir kal\u0131pt\u0131r. Sala\u015f bir duru\u015f tercih etmezseniz bir beden k\u00fc\u00e7\u00fck alabilirsiniz.Bak\u0131m \u00f6nerisi: 30\u00b0C\u2019de benzer renklerle y\u0131kay\u0131n\u0131z. A\u011fart\u0131c\u0131 kullanmay\u0131n\u0131z. D\u00fc\u015f\u00fck \u0131s\u0131da \u00fct\u00fcleyiniz.<\/p>\n<p>Boy: 100 cm (\u00dcr\u00fcn boyu \u00fcretimler aras\u0131 1-5 cm de\u011fi\u015febilir.)<\/p>\n<p>Kal\u0131p Bilgisi:<br \/>\nG\u00f6\u011f\u00fcs<br \/>\nKol Boyu<br \/>\nPazu<\/p>\n<p>36 Beden:<br \/>\n114 cm<br \/>\n52,5 cm<br \/>\n49 cm <\/p>\n<p>38 Beden:<br \/>\n118 cm<br \/>\n53 cm<br \/>\n50 cm <\/p>\n<p>40 Beden:<br \/>\n122 cm<br \/>\n53,5 cm<br \/>\n51 cm <\/p>\n<p>42 Beden:<br \/>\n126 cm<br \/>\n54 cm<br \/>\n52 cm <\/p>\n<p>Manken \u00d6l\u00e7\u00fcleri:Boy: 175 cm G\u00f6\u011f\u00fcs: 81 cm Bel: 60 cm Basen: 89 cm Mankenin \u00dczerindeki Beden: 36 <\/p>\n","protected":false},"excerpt":{"rendered":"<p>%70 polyester ve %30 pamuk kar\u0131\u015f\u0131ml\u0131 kuma\u015ftan \u00fcretilen bu model, her iki lifin avantajlar\u0131n\u0131 bir araya getirerek hem konforlu hem de dayan\u0131kl\u0131 bir kullan\u0131m sunar. Polyester, kuma\u015fa formunu koruyan tok bir duru\u015f ve uzun \u00f6m\u00fcrl\u00fc bir yap\u0131 kazand\u0131r\u0131rken; pamuk lifi nefes alabilirli\u011fi ve do\u011fal yumu\u015fakl\u0131\u011f\u0131yla g\u00fcn boyu konfor sa\u011flar. Bu uyumlu kar\u0131\u015f\u0131m sayesinde g\u00f6mlek hafif, kullan\u0131\u015fl\u0131 ve modern bir dokuya sahip olur.Asimetrik kal\u0131p yap\u0131s\u0131 modeli s\u0131radanl\u0131ktan uzakla\u015ft\u0131rarak dinamik bir g\u00f6r\u00fcn\u00fcm yarat\u0131r. \u00d6zenle yerle\u015ftirilen kadife garniler, pamuklu gabardin y\u00fczeyle g\u00fc\u00e7l\u00fc bir kontrast olu\u015fturarak g\u00f6mle\u011fe zengin bir dokusal derinlik katar. Kadifenin yumu\u015fak ve l\u00fcks hissiyle gabardinin mat, tok yap\u0131s\u0131n\u0131n birle\u015fimi; modele modern, sofistike ve karakterli bir stil kazand\u0131r\u0131r. Bu \u00f6zel dokular\u0131n uyumu ve asimetrik formu sayesinde g\u00f6mlek, hem g\u00fcnl\u00fck kullan\u0131mlarda hem de \u015fehirli ve \u015f\u0131k kombinlerde kendi ba\u015f\u0131na dikkat \u00e7eken bir par\u00e7a h\u00e2line gelir..Kal\u0131p bilgisi:Rahat bir kal\u0131pt\u0131r. Sala\u015f bir duru\u015f tercih etmezseniz bir beden k\u00fc\u00e7\u00fck alabilirsiniz.Bak\u0131m \u00f6nerisi: 30\u00b0C\u2019de benzer renklerle y\u0131kay\u0131n\u0131z. A\u011fart\u0131c\u0131 kullanmay\u0131n\u0131z. D\u00fc\u015f\u00fck \u0131s\u0131da \u00fct\u00fcleyiniz.<\/p>\n<p>Boy: 100 cm (\u00dcr\u00fcn boyu \u00fcretimler aras\u0131 1-5 cm de\u011fi\u015febilir.)<\/p>\n<p>Kal\u0131p Bilgisi:<br \/>\nG\u00f6\u011f\u00fcs<br \/>\nKol Boyu<br \/>\nPazu<\/p>\n<p>36 Beden:<br \/>\n114 cm<br \/>\n52,5 cm<br \/>\n49 cm <\/p>\n<p>38 Beden:<br \/>\n118 cm<br \/>\n53 cm<br \/>\n50 cm <\/p>\n<p>40 Beden:<br \/>\n122 cm<br \/>\n53,5 cm<br \/>\n51 cm <\/p>\n<p>42 Beden:<br \/>\n126 cm<br \/>\n54 cm<br \/>\n52 cm <\/p>\n<p>Manken \u00d6l\u00e7\u00fcleri:Boy: 175 cm G\u00f6\u011f\u00fcs: 81 cm Bel: 60 cm Basen: 89 cm Mankenin \u00dczerindeki Beden: 36 <\/p>\n","protected":false},"featured_media":43690,"comment_status":"open","ping_status":"closed","template":"","meta":[],"product_brand":[],"product_cat":[1909],"product_tag":[],"class_list":{"0":"post-43697","1":"product","2":"type-product","3":"status-publish","4":"has-post-thumbnail","6":"product_cat-bluzlar-ve-gomlekler","7":"pa_brand-he-qa","8":"pa_color-aci-kahve-1","9":"pa_size-4701","10":"pa_size-4706","11":"pa_size-4711","12":"pa_size-4713","14":"first","15":"outofstock","16":"shipping-taxable","17":"product-type-variable"},"_links":{"self":[{"href":"https:\/\/mod.wisdar.net\/tr\/wp-json\/wp\/v2\/product\/43697","targetHints":{"allow":["GET"]}}],"collection":[{"href":"https:\/\/mod.wisdar.net\/tr\/wp-json\/wp\/v2\/product"}],"about":[{"href":"https:\/\/mod.wisdar.net\/tr\/wp-json\/wp\/v2\/types\/product"}],"replies":[{"embeddable":true,"href":"https:\/\/mod.wisdar.net\/tr\/wp-json\/wp\/v2\/comments?post=43697"}],"wp:featuredmedia":[{"embeddable":true,"href":"https:\/\/mod.wisdar.net\/tr\/wp-json\/wp\/v2\/media\/43690"}],"wp:attachment":[{"href":"https:\/\/mod.wisdar.net\/tr\/wp-json\/wp\/v2\/media?parent=43697"}],"wp:term":[{"taxonomy":"product_brand","embeddable":true,"href":"https:\/\/mod.wisdar.net\/tr\/wp-json\/wp\/v2\/product_brand?post=43697"},{"taxonomy":"product_cat","embeddable":true,"href":"https:\/\/mod.wisdar.net\/tr\/wp-json\/wp\/v2\/product_cat?post=43697"},{"taxonomy":"product_tag","embeddable":true,"href":"https:\/\/mod.wisdar.net\/tr\/wp-json\/wp\/v2\/product_tag?post=43697"}],"curies":[{"name":"wp","href":"https:\/\/api.w.org\/{rel}","templated":true}]}}