{"id":43763,"date":"2025-12-17T19:36:14","date_gmt":"2025-12-17T19:36:14","guid":{"rendered":"https:\/\/modesthanim.com\/product\/rove-orgu-pantolon-kahverengi\/"},"modified":"2026-04-03T05:11:21","modified_gmt":"2026-04-03T05:11:21","slug":"rove-orgu-pantolon-kahverengi","status":"publish","type":"product","link":"https:\/\/mod.wisdar.net\/tr\/urun\/rove-orgu-pantolon-kahverengi\/","title":{"rendered":"Rove \u00d6rg\u00fc Pantolon Kahverengi"},"content":{"rendered":"<p>Corspan iplikten \u00fcretilmi\u015f kabartmal\u0131 \u00f6rg\u00fc pantolon, esnek bel ve geni\u015f bacak tasar\u0131m\u0131na sahiptir. \u00d6rg\u00fclerimiz premium kalitede ipliklerle \u00fcretilir, uzun s\u00fcreli konfor sa\u011flar. Pantolonlar ger\u00e7ek beden uyumu sunar, normal bedeninizi se\u00e7ebilirsiniz. T\u00fcm \u00f6rg\u00fc \u00fcr\u00fcnlerimiz y\u00fcksek kaliteli ipliklerle \u00fcretilmi\u015ftir. Aksesuar ve \u00e7anta s\u00fcrt\u00fcnmesine kar\u015f\u0131 hassas oldu\u011fundan \u00f6zenle kullan\u0131lmas\u0131 \u00f6nerilir. 30 derecede hassas programda ayr\u0131 y\u0131kanmas\u0131 tavsiye edilir.<\/p>\n<p>Uzunluk: 97 cm (\u00dcretimler aras\u0131nda 1-3 cm farkl\u0131l\u0131k g\u00f6sterebilir. Daha uzun bir g\u00f6r\u00fcn\u00fcm isterseniz, \u00fcr\u00fcn\u00fc bask\u0131 uygulamadan hafif\u00e7e \u00fct\u00fcleyerek istedi\u011finiz uzunlu\u011fa ula\u015fabilirsiniz.)<\/p>\n<p>Beden Tablosu :<br \/>\nBel<br \/>\nKal\u00e7a<\/p>\n<p>Beden 1:<br \/>\n54 cm<br \/>\n98 cm<\/p>\n<p>Beden 2:<br \/>\n58 cm<br \/>\n102 cm<\/p>\n<p>Modelin \u00d6l\u00e7\u00fcleri: Boy: 175 cm G\u00f6\u011f\u00fcs: 82 cm Bel: 63 cm Kal\u00e7a: 93 cm Modelin Giydi\u011fi Beden: 1<\/p>\n","protected":false},"excerpt":{"rendered":"<p>Corspan iplikten \u00fcretilmi\u015f kabartmal\u0131 \u00f6rg\u00fc pantolon, esnek bel ve geni\u015f bacak tasar\u0131m\u0131na sahiptir. \u00d6rg\u00fclerimiz premium kalitede ipliklerle \u00fcretilir, uzun s\u00fcreli konfor sa\u011flar. Pantolonlar ger\u00e7ek beden uyumu sunar, normal bedeninizi se\u00e7ebilirsiniz. T\u00fcm \u00f6rg\u00fc \u00fcr\u00fcnlerimiz y\u00fcksek kaliteli ipliklerle \u00fcretilmi\u015ftir. Aksesuar ve \u00e7anta s\u00fcrt\u00fcnmesine kar\u015f\u0131 hassas oldu\u011fundan \u00f6zenle kullan\u0131lmas\u0131 \u00f6nerilir. 30 derecede hassas programda ayr\u0131 y\u0131kanmas\u0131 tavsiye edilir.<\/p>\n<p>Uzunluk: 97 cm (\u00dcretimler aras\u0131nda 1-3 cm farkl\u0131l\u0131k g\u00f6sterebilir. Daha uzun bir g\u00f6r\u00fcn\u00fcm isterseniz, \u00fcr\u00fcn\u00fc bask\u0131 uygulamadan hafif\u00e7e \u00fct\u00fcleyerek istedi\u011finiz uzunlu\u011fa ula\u015fabilirsiniz.)<\/p>\n<p>Beden Tablosu :<br \/>\nBel<br \/>\nKal\u00e7a<\/p>\n<p>Beden 1:<br \/>\n54 cm<br \/>\n98 cm<\/p>\n<p>Beden 2:<br \/>\n58 cm<br \/>\n102 cm<\/p>\n<p>Modelin \u00d6l\u00e7\u00fcleri: Boy: 175 cm G\u00f6\u011f\u00fcs: 82 cm Bel: 63 cm Kal\u00e7a: 93 cm Modelin Giydi\u011fi Beden: 1<\/p>\n","protected":false},"featured_media":43748,"comment_status":"open","ping_status":"closed","template":"","meta":[],"product_brand":[],"product_cat":[1882],"product_tag":[],"class_list":{"0":"post-43763","1":"product","2":"type-product","3":"status-publish","4":"has-post-thumbnail","6":"product_cat-alt-giyim","7":"pa_brand-he-qa","8":"pa_color-brown","9":"pa_size-4446","10":"pa_size-4463","12":"first","13":"instock","14":"sale","15":"shipping-taxable","16":"purchasable","17":"product-type-variable"},"_links":{"self":[{"href":"https:\/\/mod.wisdar.net\/tr\/wp-json\/wp\/v2\/product\/43763","targetHints":{"allow":["GET"]}}],"collection":[{"href":"https:\/\/mod.wisdar.net\/tr\/wp-json\/wp\/v2\/product"}],"about":[{"href":"https:\/\/mod.wisdar.net\/tr\/wp-json\/wp\/v2\/types\/product"}],"replies":[{"embeddable":true,"href":"https:\/\/mod.wisdar.net\/tr\/wp-json\/wp\/v2\/comments?post=43763"}],"wp:featuredmedia":[{"embeddable":true,"href":"https:\/\/mod.wisdar.net\/tr\/wp-json\/wp\/v2\/media\/43748"}],"wp:attachment":[{"href":"https:\/\/mod.wisdar.net\/tr\/wp-json\/wp\/v2\/media?parent=43763"}],"wp:term":[{"taxonomy":"product_brand","embeddable":true,"href":"https:\/\/mod.wisdar.net\/tr\/wp-json\/wp\/v2\/product_brand?post=43763"},{"taxonomy":"product_cat","embeddable":true,"href":"https:\/\/mod.wisdar.net\/tr\/wp-json\/wp\/v2\/product_cat?post=43763"},{"taxonomy":"product_tag","embeddable":true,"href":"https:\/\/mod.wisdar.net\/tr\/wp-json\/wp\/v2\/product_tag?post=43763"}],"curies":[{"name":"wp","href":"https:\/\/api.w.org\/{rel}","templated":true}]}}