{"id":43805,"date":"2025-12-17T19:42:30","date_gmt":"2025-12-17T19:42:30","guid":{"rendered":"https:\/\/modesthanim.com\/product\/uzun-buzgu-detayli-gomlek-bordo\/"},"modified":"2026-04-15T22:39:04","modified_gmt":"2026-04-15T22:39:04","slug":"uzun-buzgu-detayli-gomlek-bordo","status":"publish","type":"product","link":"https:\/\/mod.wisdar.net\/tr\/urun\/uzun-buzgu-detayli-gomlek-bordo\/","title":{"rendered":"Uzun B\u00fczg\u00fc Detayl\u0131 G\u00f6mlek Bordo"},"content":{"rendered":"<p>%100 pamuk ipliklerden \u00f6zel olarak dokutulan ince gabardin kuma\u015ftan \u00fcretilen bu par\u00e7a, do\u011fal dokusu ve nefes alabilir yap\u0131s\u0131yla g\u00fcn boyu konfor sunar. Gabardin kuma\u015f\u0131n s\u0131k dokulu yap\u0131s\u0131, \u00fcr\u00fcne hem dayan\u0131kl\u0131l\u0131k hem de zarif bir form kazand\u0131r\u0131r. Yumu\u015fak tutumu sayesinde cilde dost bir his verirken, uzun s\u00fcreli kullan\u0131mlarda formunu korur.B\u00fczg\u00fc detaylar\u0131yla hareket kazanan tasar\u0131m, iste\u011fe g\u00f6re bedene oturan ya da sala\u015f b\u0131rak\u0131labilen rahat kal\u0131b\u0131yla dikkat \u00e7eker. G\u00fcnl\u00fck kombinlerde hem konforu hem de zarif bir \u015f\u0131kl\u0131\u011f\u0131 bir araya getirir.Kal\u0131p bilgisi: Rahat kal\u0131ba sahiptir; kendi bedeninizi tercih etmeniz \u00f6nerilir.Bak\u0131m \u00f6nerisi: 30\u00b0C\u2019de benzer renklerle y\u0131kay\u0131n\u0131z. A\u011fart\u0131c\u0131 kullanmay\u0131n\u0131z. D\u00fc\u015f\u00fck \u0131s\u0131da \u00fct\u00fcleyiniz.Boy: 105 cm\u00a0(\u00dcr\u00fcn boyu \u00fcretimler aras\u0131 1-5 cm de\u011fi\u015febilir.)Kal\u0131p Bilgisi:G\u00f6\u011f\u00fcsBasen\u00a0Kol Boyu\u00a0Pazu1 Beden:\u00a0128 cm\u00a0128 cm\u00a053 cm\u00a042 cm\u00a02 Beden:\u00a0132 cm\u00a0132 cm\u00a054 cm\u00a044 cm\u00a0Manken \u00d6l\u00e7\u00fcleri:Boy: 175 cmG\u00f6\u011f\u00fcs: 81 cmBel: 60 cmBasen: 89 cmMankenin \u00dczerindeki Beden: 1\u00a0<\/p>\n","protected":false},"excerpt":{"rendered":"<p>%100 pamuk ipliklerden \u00f6zel olarak dokutulan ince gabardin kuma\u015ftan \u00fcretilen bu par\u00e7a, do\u011fal dokusu ve nefes alabilir yap\u0131s\u0131yla g\u00fcn boyu konfor sunar. Gabardin kuma\u015f\u0131n s\u0131k dokulu yap\u0131s\u0131, \u00fcr\u00fcne hem dayan\u0131kl\u0131l\u0131k hem de zarif bir form kazand\u0131r\u0131r. Yumu\u015fak tutumu sayesinde cilde dost bir his verirken, uzun s\u00fcreli kullan\u0131mlarda formunu korur.B\u00fczg\u00fc detaylar\u0131yla hareket kazanan tasar\u0131m, iste\u011fe g\u00f6re bedene oturan ya da sala\u015f b\u0131rak\u0131labilen rahat kal\u0131b\u0131yla dikkat \u00e7eker. G\u00fcnl\u00fck kombinlerde hem konforu hem de zarif bir \u015f\u0131kl\u0131\u011f\u0131 bir araya getirir.Kal\u0131p bilgisi: Rahat kal\u0131ba sahiptir; kendi bedeninizi tercih etmeniz \u00f6nerilir.Bak\u0131m \u00f6nerisi: 30\u00b0C\u2019de benzer renklerle y\u0131kay\u0131n\u0131z. A\u011fart\u0131c\u0131 kullanmay\u0131n\u0131z. D\u00fc\u015f\u00fck \u0131s\u0131da \u00fct\u00fcleyiniz.Boy: 105 cm\u00a0(\u00dcr\u00fcn boyu \u00fcretimler aras\u0131 1-5 cm de\u011fi\u015febilir.)Kal\u0131p Bilgisi:G\u00f6\u011f\u00fcsBasen\u00a0Kol Boyu\u00a0Pazu1 Beden:\u00a0128 cm\u00a0128 cm\u00a053 cm\u00a042 cm\u00a02 Beden:\u00a0132 cm\u00a0132 cm\u00a054 cm\u00a044 cm\u00a0Manken \u00d6l\u00e7\u00fcleri:Boy: 175 cmG\u00f6\u011f\u00fcs: 81 cmBel: 60 cmBasen: 89 cmMankenin \u00dczerindeki Beden: 1\u00a0<\/p>\n","protected":false},"featured_media":43800,"comment_status":"open","ping_status":"closed","template":"","meta":[],"product_brand":[],"product_cat":[1909],"product_tag":[7150,5012,7354,7823,6751,6882,6768],"class_list":{"0":"post-43805","1":"product","2":"type-product","3":"status-publish","4":"has-post-thumbnail","6":"product_cat-bluzlar-ve-gomlekler","7":"product_tag-bordo","8":"product_tag-elegant","9":"product_tag-gunluk-giyim-2","10":"product_tag-kadin-gomlek","11":"product_tag-rahat","12":"product_tag-rahat-kesim-2","13":"product_tag-uzun-kol","14":"pa_brand-he-qa","15":"pa_color-bordo","16":"pa_size-4446","17":"pa_size-4463","19":"first","20":"outofstock","21":"shipping-taxable","22":"product-type-variable"},"_links":{"self":[{"href":"https:\/\/mod.wisdar.net\/tr\/wp-json\/wp\/v2\/product\/43805","targetHints":{"allow":["GET"]}}],"collection":[{"href":"https:\/\/mod.wisdar.net\/tr\/wp-json\/wp\/v2\/product"}],"about":[{"href":"https:\/\/mod.wisdar.net\/tr\/wp-json\/wp\/v2\/types\/product"}],"replies":[{"embeddable":true,"href":"https:\/\/mod.wisdar.net\/tr\/wp-json\/wp\/v2\/comments?post=43805"}],"wp:featuredmedia":[{"embeddable":true,"href":"https:\/\/mod.wisdar.net\/tr\/wp-json\/wp\/v2\/media\/43800"}],"wp:attachment":[{"href":"https:\/\/mod.wisdar.net\/tr\/wp-json\/wp\/v2\/media?parent=43805"}],"wp:term":[{"taxonomy":"product_brand","embeddable":true,"href":"https:\/\/mod.wisdar.net\/tr\/wp-json\/wp\/v2\/product_brand?post=43805"},{"taxonomy":"product_cat","embeddable":true,"href":"https:\/\/mod.wisdar.net\/tr\/wp-json\/wp\/v2\/product_cat?post=43805"},{"taxonomy":"product_tag","embeddable":true,"href":"https:\/\/mod.wisdar.net\/tr\/wp-json\/wp\/v2\/product_tag?post=43805"}],"curies":[{"name":"wp","href":"https:\/\/api.w.org\/{rel}","templated":true}]}}