{"id":44162,"date":"2025-12-18T10:40:37","date_gmt":"2025-12-18T10:40:37","guid":{"rendered":"https:\/\/modesthanim.com\/product\/yumos-elbise-gri-2\/"},"modified":"2026-02-07T22:05:22","modified_gmt":"2026-02-07T22:05:22","slug":"yumos-elbise-gri-2","status":"publish","type":"product","link":"https:\/\/mod.wisdar.net\/tr\/urun\/yumos-elbise-gri-2\/","title":{"rendered":"YUMO\u015e ELB\u0130SE Gri"},"content":{"rendered":"<p>YUMO\u015e ELB\u0130SE, gri rengiyle zarafeti ve konforu bir araya getiriyor. Yumu\u015fak kuma\u015f\u0131 ve modern tasar\u0131m\u0131yla g\u00fcnl\u00fck kullan\u0131ma uygun olan bu elbise, \u015f\u0131kl\u0131\u011f\u0131n\u0131zdan \u00f6d\u00fcn vermeden rahat hissetmenizi sa\u011flar. Her mevsim kombinlerinize kolayca uyum sa\u011flayacak bu par\u00e7a, gard\u0131robunuzun vazge\u00e7ilmez bir par\u00e7as\u0131 olacak.<\/p>\n","protected":false},"excerpt":{"rendered":"<p>YUMO\u015e ELB\u0130SE, gri rengiyle zarafeti ve konforu bir araya getiriyor. Yumu\u015fak kuma\u015f\u0131 ve modern tasar\u0131m\u0131yla g\u00fcnl\u00fck kullan\u0131ma uygun olan bu elbise, \u015f\u0131kl\u0131\u011f\u0131n\u0131zdan \u00f6d\u00fcn vermeden rahat hissetmenizi sa\u011flar. Her mevsim kombinlerinize kolayca uyum sa\u011flayacak bu par\u00e7a, gard\u0131robunuzun vazge\u00e7ilmez bir par\u00e7as\u0131 olacak.<\/p>\n","protected":false},"featured_media":44161,"comment_status":"open","ping_status":"closed","template":"","meta":[],"product_brand":[],"product_cat":[6249,1933],"product_tag":[],"class_list":{"0":"post-44162","1":"product","2":"type-product","3":"status-publish","4":"has-post-thumbnail","6":"product_cat-elbiseler","7":"product_cat-gunluk-ve-gunduz-elbiseleri","8":"pa_brand-markasiz","9":"pa_color-gri","10":"pa_size-std","12":"first","13":"instock","14":"sale","15":"shipping-taxable","16":"purchasable","17":"product-type-variable"},"_links":{"self":[{"href":"https:\/\/mod.wisdar.net\/tr\/wp-json\/wp\/v2\/product\/44162","targetHints":{"allow":["GET"]}}],"collection":[{"href":"https:\/\/mod.wisdar.net\/tr\/wp-json\/wp\/v2\/product"}],"about":[{"href":"https:\/\/mod.wisdar.net\/tr\/wp-json\/wp\/v2\/types\/product"}],"replies":[{"embeddable":true,"href":"https:\/\/mod.wisdar.net\/tr\/wp-json\/wp\/v2\/comments?post=44162"}],"wp:featuredmedia":[{"embeddable":true,"href":"https:\/\/mod.wisdar.net\/tr\/wp-json\/wp\/v2\/media\/44161"}],"wp:attachment":[{"href":"https:\/\/mod.wisdar.net\/tr\/wp-json\/wp\/v2\/media?parent=44162"}],"wp:term":[{"taxonomy":"product_brand","embeddable":true,"href":"https:\/\/mod.wisdar.net\/tr\/wp-json\/wp\/v2\/product_brand?post=44162"},{"taxonomy":"product_cat","embeddable":true,"href":"https:\/\/mod.wisdar.net\/tr\/wp-json\/wp\/v2\/product_cat?post=44162"},{"taxonomy":"product_tag","embeddable":true,"href":"https:\/\/mod.wisdar.net\/tr\/wp-json\/wp\/v2\/product_tag?post=44162"}],"curies":[{"name":"wp","href":"https:\/\/api.w.org\/{rel}","templated":true}]}}