{"id":44247,"date":"2025-12-18T11:09:54","date_gmt":"2025-12-18T11:09:54","guid":{"rendered":"https:\/\/modesthanim.com\/product\/temel-boyunlu-kazak-acik-gri\/"},"modified":"2026-04-10T05:31:24","modified_gmt":"2026-04-10T05:31:24","slug":"temel-boyunlu-kazak-acik-gri","status":"publish","type":"product","link":"https:\/\/mod.wisdar.net\/tr\/urun\/temel-boyunlu-kazak-acik-gri\/","title":{"rendered":"Temel Boyunlu Kazak A\u00e7\u0131k Gri"},"content":{"rendered":"<p>%79 akrilik ve %21 polyester iplik kar\u0131\u015f\u0131m\u0131ndan \u00fcretilen bu boyunlu temel kazak, s\u0131cakl\u0131k, hafiflik ve dayan\u0131kl\u0131l\u0131\u011f\u0131 bir araya getirerek zahmetsiz konfor ve \u015f\u0131kl\u0131k sunar. Akrilik lifler so\u011fuk havalarda etkili \u0131s\u0131 yal\u0131t\u0131m\u0131 sa\u011flarken, polyester kuma\u015f\u0131n esnekli\u011fini, formunu korumas\u0131n\u0131 ve k\u0131r\u0131\u015fmaya kar\u015f\u0131 direncini art\u0131r\u0131r.<br \/>\n\u015e\u0131k ve zamans\u0131z tasar\u0131m\u0131yla, kaza\u011f\u0131n v\u00fccuda oturan sil\u00fceti ve klasik boyun detay\u0131, rahat konfor sa\u011flarken zarif ve \u015f\u0131k bir g\u00f6r\u00fcn\u00fcm olu\u015fturur. Minimalist \u00e7izgileri, ceketler veya montlarla kolayca kombinlenebilen \u00e7ok y\u00f6nl\u00fc bir par\u00e7a olmas\u0131n\u0131 sa\u011flar \u2014 g\u00fcnl\u00fck ve \u015fehir stilleri i\u00e7in idealdir.<br \/>\nBeden \u00d6nerisi: Normal beden.<br \/>\nBak\u0131m Talimatlar\u0131: 30\u00b0C&#8217;de makinede y\u0131kay\u0131n. A\u011fartmay\u0131n. D\u00fc\u015f\u00fck \u0131s\u0131da \u00fct\u00fcleyin.<br \/>\nUzunluk: 71 cm (\u00dcr\u00fcn uzunlu\u011fu \u00fcretimler aras\u0131nda 1\u20135 cm de\u011fi\u015fiklik g\u00f6sterebilir. Bu uzunluk \u00f6l\u00e7\u00fcs\u00fc \u00fcr\u00fcn d\u00fcz zemine yat\u0131r\u0131larak al\u0131nm\u0131\u015ft\u0131r. \u00d6rme kuma\u015f\u0131n do\u011fas\u0131 gere\u011fi, giyildi\u011finde a\u015fa\u011f\u0131 do\u011fru esner ve 5\u20138 cm daha uzun g\u00f6r\u00fcn\u00fcr.)<br \/>\nModelin \u00d6l\u00e7\u00fcleri:<br \/>\nBoy: 175 cm<br \/>\nG\u00f6\u011f\u00fcs: 81 cm<br \/>\nBel: 60 cm<br \/>\nKal\u00e7a: 89 cm<br \/>\nModelin Giyindi\u011fi Beden: S<\/p>\n","protected":false},"excerpt":{"rendered":"<p>%79 akrilik ve %21 polyester iplik kar\u0131\u015f\u0131m\u0131ndan \u00fcretilen bu boyunlu temel kazak, s\u0131cakl\u0131k, hafiflik ve dayan\u0131kl\u0131l\u0131\u011f\u0131 bir araya getirerek zahmetsiz konfor ve \u015f\u0131kl\u0131k sunar. Akrilik lifler so\u011fuk havalarda etkili \u0131s\u0131 yal\u0131t\u0131m\u0131 sa\u011flarken, polyester kuma\u015f\u0131n esnekli\u011fini, formunu korumas\u0131n\u0131 ve k\u0131r\u0131\u015fmaya kar\u015f\u0131 direncini art\u0131r\u0131r.<br \/>\n\u015e\u0131k ve zamans\u0131z tasar\u0131m\u0131yla, kaza\u011f\u0131n v\u00fccuda oturan sil\u00fceti ve klasik boyun detay\u0131, rahat konfor sa\u011flarken zarif ve \u015f\u0131k bir g\u00f6r\u00fcn\u00fcm olu\u015fturur. Minimalist \u00e7izgileri, ceketler veya montlarla kolayca kombinlenebilen \u00e7ok y\u00f6nl\u00fc bir par\u00e7a olmas\u0131n\u0131 sa\u011flar \u2014 g\u00fcnl\u00fck ve \u015fehir stilleri i\u00e7in idealdir.<br \/>\nBeden \u00d6nerisi: Normal beden.<br \/>\nBak\u0131m Talimatlar\u0131: 30\u00b0C&#8217;de makinede y\u0131kay\u0131n. A\u011fartmay\u0131n. D\u00fc\u015f\u00fck \u0131s\u0131da \u00fct\u00fcleyin.<br \/>\nUzunluk: 71 cm (\u00dcr\u00fcn uzunlu\u011fu \u00fcretimler aras\u0131nda 1\u20135 cm de\u011fi\u015fiklik g\u00f6sterebilir. Bu uzunluk \u00f6l\u00e7\u00fcs\u00fc \u00fcr\u00fcn d\u00fcz zemine yat\u0131r\u0131larak al\u0131nm\u0131\u015ft\u0131r. \u00d6rme kuma\u015f\u0131n do\u011fas\u0131 gere\u011fi, giyildi\u011finde a\u015fa\u011f\u0131 do\u011fru esner ve 5\u20138 cm daha uzun g\u00f6r\u00fcn\u00fcr.)<br \/>\nModelin \u00d6l\u00e7\u00fcleri:<br \/>\nBoy: 175 cm<br \/>\nG\u00f6\u011f\u00fcs: 81 cm<br \/>\nBel: 60 cm<br \/>\nKal\u00e7a: 89 cm<br \/>\nModelin Giyindi\u011fi Beden: S<\/p>\n","protected":false},"featured_media":44237,"comment_status":"open","ping_status":"closed","template":"","meta":[],"product_brand":[],"product_cat":[1909],"product_tag":[],"class_list":{"0":"post-44247","1":"product","2":"type-product","3":"status-publish","4":"has-post-thumbnail","6":"product_cat-bluzlar-ve-gomlekler","7":"pa_brand-he-qa","8":"pa_color-acik-gri","9":"pa_size-l","10":"pa_size-m","11":"pa_size-s","13":"first","14":"instock","15":"sale","16":"shipping-taxable","17":"purchasable","18":"product-type-variable"},"_links":{"self":[{"href":"https:\/\/mod.wisdar.net\/tr\/wp-json\/wp\/v2\/product\/44247","targetHints":{"allow":["GET"]}}],"collection":[{"href":"https:\/\/mod.wisdar.net\/tr\/wp-json\/wp\/v2\/product"}],"about":[{"href":"https:\/\/mod.wisdar.net\/tr\/wp-json\/wp\/v2\/types\/product"}],"replies":[{"embeddable":true,"href":"https:\/\/mod.wisdar.net\/tr\/wp-json\/wp\/v2\/comments?post=44247"}],"wp:featuredmedia":[{"embeddable":true,"href":"https:\/\/mod.wisdar.net\/tr\/wp-json\/wp\/v2\/media\/44237"}],"wp:attachment":[{"href":"https:\/\/mod.wisdar.net\/tr\/wp-json\/wp\/v2\/media?parent=44247"}],"wp:term":[{"taxonomy":"product_brand","embeddable":true,"href":"https:\/\/mod.wisdar.net\/tr\/wp-json\/wp\/v2\/product_brand?post=44247"},{"taxonomy":"product_cat","embeddable":true,"href":"https:\/\/mod.wisdar.net\/tr\/wp-json\/wp\/v2\/product_cat?post=44247"},{"taxonomy":"product_tag","embeddable":true,"href":"https:\/\/mod.wisdar.net\/tr\/wp-json\/wp\/v2\/product_tag?post=44247"}],"curies":[{"name":"wp","href":"https:\/\/api.w.org\/{rel}","templated":true}]}}