{"id":44276,"date":"2025-12-18T11:10:49","date_gmt":"2025-12-18T11:10:49","guid":{"rendered":"https:\/\/modesthanim.com\/product\/sac-orgulu-kazak-ekru\/"},"modified":"2026-02-19T22:05:22","modified_gmt":"2026-02-19T22:05:22","slug":"sac-orgulu-kazak-ekru","status":"publish","type":"product","link":"https:\/\/mod.wisdar.net\/tr\/urun\/sac-orgulu-kazak-ekru\/","title":{"rendered":"Sa\u00e7 \u00d6rg\u00fcl\u00fc Kazak Ekru"},"content":{"rendered":"<p>%79 akrilik ve %21 polyester i\u00e7erikli ipliklerden \u00f6r\u00fclen bu kazak, hem konforlu hem de dayan\u0131kl\u0131 bir yap\u0131ya sahiptir. Akrilik iplik, hafifli\u011fi ve s\u0131cak tutma \u00f6zelli\u011fiyle g\u00fcnl\u00fck kullan\u0131mda rahatl\u0131k sunarken; polyester iplik, \u00f6rg\u00fcye formunu koruma, dayan\u0131kl\u0131l\u0131k ve tok bir duru\u015f kazand\u0131r\u0131r. Bu dengeli kar\u0131\u015f\u0131m sayesinde kazak hem yumu\u015fak bir tutu\u015fa hem de uzun \u00f6m\u00fcrl\u00fc bir yap\u0131ya sahip olur.Zarif d\u00f6k\u00fcml\u00fc kol formu ve sa\u00e7 \u00f6rg\u00fcl\u00fc dokusu, modele klasik ve modern \u00e7izgiyi bir arada veren \u015f\u0131k bir g\u00f6r\u00fcn\u00fcm kazand\u0131r\u0131r. G\u00fcnl\u00fck ve casual kombinlerde kolayl\u0131kla uyum sa\u011flar; jean, etek veya dokulu pantolonlarla rahatl\u0131kla tamamlanabilir.Model zarif ve d\u00f6k\u00fcml\u00fc bir kesime sahiptir. Kendi bedeninizi tercih etmeniz \u00f6nerilir.Bak\u0131m \u00f6nerisi: 30\u00b0C\u2019de narin y\u0131kama yap\u0131n\u0131z. A\u011fart\u0131c\u0131 kullanmay\u0131n\u0131z. D\u00fc\u015f\u00fck \u0131s\u0131da \u00fct\u00fcleyiniz.Boy: 70 cm (\u00dcr\u00fcn boyu \u00fcretimler aras\u0131 1-5 cm de\u011fi\u015febilir. Bu boy \u00f6l\u00e7\u00fcs\u00fc \u00fcr\u00fcn\u00fcn d\u00fcz bir \u015fekilde yat\u0131r\u0131larak \u00f6l\u00e7\u00fclm\u00fc\u015f halidir. Giyildi\u011finde triko yap\u0131s\u0131 gere\u011fi a\u015fa\u011f\u0131 do\u011fru uzad\u0131\u011f\u0131ndan 5-8 cm aras\u0131 daha uzun olmaktad\u0131r.)Manken \u00d6l\u00e7\u00fcleri:Boy: 175 cmG\u00f6\u011f\u00fcs: 81 cmBel: 60 cmBasen: 89 cmMankenin \u00dczerindeki Beden: 1<\/p>\n","protected":false},"excerpt":{"rendered":"<p>%79 akrilik ve %21 polyester i\u00e7erikli ipliklerden \u00f6r\u00fclen bu kazak, hem konforlu hem de dayan\u0131kl\u0131 bir yap\u0131ya sahiptir. Akrilik iplik, hafifli\u011fi ve s\u0131cak tutma \u00f6zelli\u011fiyle g\u00fcnl\u00fck kullan\u0131mda rahatl\u0131k sunarken; polyester iplik, \u00f6rg\u00fcye formunu koruma, dayan\u0131kl\u0131l\u0131k ve tok bir duru\u015f kazand\u0131r\u0131r. Bu dengeli kar\u0131\u015f\u0131m sayesinde kazak hem yumu\u015fak bir tutu\u015fa hem de uzun \u00f6m\u00fcrl\u00fc bir yap\u0131ya sahip olur.Zarif d\u00f6k\u00fcml\u00fc kol formu ve sa\u00e7 \u00f6rg\u00fcl\u00fc dokusu, modele klasik ve modern \u00e7izgiyi bir arada veren \u015f\u0131k bir g\u00f6r\u00fcn\u00fcm kazand\u0131r\u0131r. G\u00fcnl\u00fck ve casual kombinlerde kolayl\u0131kla uyum sa\u011flar; jean, etek veya dokulu pantolonlarla rahatl\u0131kla tamamlanabilir.Model zarif ve d\u00f6k\u00fcml\u00fc bir kesime sahiptir. Kendi bedeninizi tercih etmeniz \u00f6nerilir.Bak\u0131m \u00f6nerisi: 30\u00b0C\u2019de narin y\u0131kama yap\u0131n\u0131z. A\u011fart\u0131c\u0131 kullanmay\u0131n\u0131z. D\u00fc\u015f\u00fck \u0131s\u0131da \u00fct\u00fcleyiniz.Boy: 70 cm (\u00dcr\u00fcn boyu \u00fcretimler aras\u0131 1-5 cm de\u011fi\u015febilir. Bu boy \u00f6l\u00e7\u00fcs\u00fc \u00fcr\u00fcn\u00fcn d\u00fcz bir \u015fekilde yat\u0131r\u0131larak \u00f6l\u00e7\u00fclm\u00fc\u015f halidir. Giyildi\u011finde triko yap\u0131s\u0131 gere\u011fi a\u015fa\u011f\u0131 do\u011fru uzad\u0131\u011f\u0131ndan 5-8 cm aras\u0131 daha uzun olmaktad\u0131r.)Manken \u00d6l\u00e7\u00fcleri:Boy: 175 cmG\u00f6\u011f\u00fcs: 81 cmBel: 60 cmBasen: 89 cmMankenin \u00dczerindeki Beden: 1<\/p>\n","protected":false},"featured_media":44272,"comment_status":"open","ping_status":"closed","template":"","meta":[],"product_brand":[],"product_cat":[1909],"product_tag":[6757,7419,7021,8399],"class_list":{"0":"post-44276","1":"product","2":"type-product","3":"status-publish","4":"has-post-thumbnail","6":"product_cat-bluzlar-ve-gomlekler","7":"product_tag-ekru","8":"product_tag-gunluk","9":"product_tag-polyester","10":"product_tag-sik-2","11":"pa_brand-he-qa","12":"pa_color-ekru","13":"pa_size-4446","14":"pa_size-4463","16":"first","17":"outofstock","18":"shipping-taxable","19":"product-type-variable"},"_links":{"self":[{"href":"https:\/\/mod.wisdar.net\/tr\/wp-json\/wp\/v2\/product\/44276","targetHints":{"allow":["GET"]}}],"collection":[{"href":"https:\/\/mod.wisdar.net\/tr\/wp-json\/wp\/v2\/product"}],"about":[{"href":"https:\/\/mod.wisdar.net\/tr\/wp-json\/wp\/v2\/types\/product"}],"replies":[{"embeddable":true,"href":"https:\/\/mod.wisdar.net\/tr\/wp-json\/wp\/v2\/comments?post=44276"}],"wp:featuredmedia":[{"embeddable":true,"href":"https:\/\/mod.wisdar.net\/tr\/wp-json\/wp\/v2\/media\/44272"}],"wp:attachment":[{"href":"https:\/\/mod.wisdar.net\/tr\/wp-json\/wp\/v2\/media?parent=44276"}],"wp:term":[{"taxonomy":"product_brand","embeddable":true,"href":"https:\/\/mod.wisdar.net\/tr\/wp-json\/wp\/v2\/product_brand?post=44276"},{"taxonomy":"product_cat","embeddable":true,"href":"https:\/\/mod.wisdar.net\/tr\/wp-json\/wp\/v2\/product_cat?post=44276"},{"taxonomy":"product_tag","embeddable":true,"href":"https:\/\/mod.wisdar.net\/tr\/wp-json\/wp\/v2\/product_tag?post=44276"}],"curies":[{"name":"wp","href":"https:\/\/api.w.org\/{rel}","templated":true}]}}