{"id":44361,"date":"2025-12-18T11:16:32","date_gmt":"2025-12-18T11:16:32","guid":{"rendered":"https:\/\/modesthanim.com\/product\/temel-polo-kazak-mor\/"},"modified":"2026-03-23T07:02:33","modified_gmt":"2026-03-23T07:02:33","slug":"temel-polo-kazak-mor","status":"publish","type":"product","link":"https:\/\/mod.wisdar.net\/tr\/urun\/temel-polo-kazak-mor\/","title":{"rendered":"Temel Polo Kazak Mor"},"content":{"rendered":"<p>%79 akrilik ve %21 polyester iplik kar\u0131\u015f\u0131m\u0131ndan \u00fcretilen bu polo kazak, s\u0131cakl\u0131k, hafiflik ve dayan\u0131kl\u0131l\u0131\u011f\u0131 bir araya getirerek rahatl\u0131k ve \u015f\u0131kl\u0131k sunar. Akrilik lifler so\u011fuk havalarda etkili \u0131s\u0131 yal\u0131t\u0131m\u0131 sa\u011flarken, polyester kuma\u015f\u0131n esnekli\u011fini, formunu korumas\u0131n\u0131 ve k\u0131r\u0131\u015fmazl\u0131\u011f\u0131n\u0131 art\u0131r\u0131r.<br \/>\n\u015e\u0131k ve zamans\u0131z tasar\u0131m\u0131yla, kazak\u0131n v\u00fccuda oturan silueti ve klasik polo yakas\u0131 zarif ve \u015f\u0131k bir g\u00f6r\u00fcn\u00fcm olu\u015ftururken rahatl\u0131\u011f\u0131 da garanti eder. Minimalist \u00e7izgileri sayesinde ceket veya montlarla kolayca kombinlenebilen \u00e7ok y\u00f6nl\u00fc bir par\u00e7ad\u0131r \u2013 g\u00fcnl\u00fck ve \u015fehir tarzlar\u0131 i\u00e7in idealdir.<br \/>\nBeden \u00d6nerisi: Normal beden.<br \/>\nBak\u0131m Talimatlar\u0131: Makinede 30\u00b0C&#8217;de y\u0131kay\u0131n. A\u011fart\u0131c\u0131 kullanmay\u0131n. D\u00fc\u015f\u00fck \u0131s\u0131da \u00fct\u00fcleyin.<br \/>\nUzunluk: 71 cm (\u00dcretimler aras\u0131nda \u00fcr\u00fcn uzunlu\u011fu 1-5 cm de\u011fi\u015fiklik g\u00f6sterebilir. Bu uzunluk \u00f6l\u00e7\u00fcs\u00fc \u00fcr\u00fcn d\u00fcz bir zemine yat\u0131r\u0131larak al\u0131nm\u0131\u015ft\u0131r. \u00d6rg\u00fc kuma\u015f\u0131n do\u011fas\u0131 gere\u011fi, giyildi\u011finde a\u015fa\u011f\u0131 do\u011fru esner ve 5-8 cm daha uzun g\u00f6r\u00fcn\u00fcr.)<br \/>\nModelin \u00d6l\u00e7\u00fcleri:<br \/>\nBoy: 175 cm<br \/>\nG\u00f6\u011f\u00fcs: 81 cm<br \/>\nBel: 60 cm<br \/>\nKal\u00e7a: 89 cm<br \/>\nModelin Giydi\u011fi Beden: S<\/p>\n","protected":false},"excerpt":{"rendered":"<p>%79 akrilik ve %21 polyester iplik kar\u0131\u015f\u0131m\u0131ndan \u00fcretilen bu polo kazak, s\u0131cakl\u0131k, hafiflik ve dayan\u0131kl\u0131l\u0131\u011f\u0131 bir araya getirerek rahatl\u0131k ve \u015f\u0131kl\u0131k sunar. Akrilik lifler so\u011fuk havalarda etkili \u0131s\u0131 yal\u0131t\u0131m\u0131 sa\u011flarken, polyester kuma\u015f\u0131n esnekli\u011fini, formunu korumas\u0131n\u0131 ve k\u0131r\u0131\u015fmazl\u0131\u011f\u0131n\u0131 art\u0131r\u0131r.<br \/>\n\u015e\u0131k ve zamans\u0131z tasar\u0131m\u0131yla, kazak\u0131n v\u00fccuda oturan silueti ve klasik polo yakas\u0131 zarif ve \u015f\u0131k bir g\u00f6r\u00fcn\u00fcm olu\u015ftururken rahatl\u0131\u011f\u0131 da garanti eder. Minimalist \u00e7izgileri sayesinde ceket veya montlarla kolayca kombinlenebilen \u00e7ok y\u00f6nl\u00fc bir par\u00e7ad\u0131r \u2013 g\u00fcnl\u00fck ve \u015fehir tarzlar\u0131 i\u00e7in idealdir.<br \/>\nBeden \u00d6nerisi: Normal beden.<br \/>\nBak\u0131m Talimatlar\u0131: Makinede 30\u00b0C&#8217;de y\u0131kay\u0131n. A\u011fart\u0131c\u0131 kullanmay\u0131n. D\u00fc\u015f\u00fck \u0131s\u0131da \u00fct\u00fcleyin.<br \/>\nUzunluk: 71 cm (\u00dcretimler aras\u0131nda \u00fcr\u00fcn uzunlu\u011fu 1-5 cm de\u011fi\u015fiklik g\u00f6sterebilir. Bu uzunluk \u00f6l\u00e7\u00fcs\u00fc \u00fcr\u00fcn d\u00fcz bir zemine yat\u0131r\u0131larak al\u0131nm\u0131\u015ft\u0131r. \u00d6rg\u00fc kuma\u015f\u0131n do\u011fas\u0131 gere\u011fi, giyildi\u011finde a\u015fa\u011f\u0131 do\u011fru esner ve 5-8 cm daha uzun g\u00f6r\u00fcn\u00fcr.)<br \/>\nModelin \u00d6l\u00e7\u00fcleri:<br \/>\nBoy: 175 cm<br \/>\nG\u00f6\u011f\u00fcs: 81 cm<br \/>\nBel: 60 cm<br \/>\nKal\u00e7a: 89 cm<br \/>\nModelin Giydi\u011fi Beden: S<\/p>\n","protected":false},"featured_media":44351,"comment_status":"open","ping_status":"closed","template":"","meta":[],"product_brand":[],"product_cat":[1909],"product_tag":[],"class_list":{"0":"post-44361","1":"product","2":"type-product","3":"status-publish","4":"has-post-thumbnail","6":"product_cat-bluzlar-ve-gomlekler","7":"pa_brand-he-qa","8":"pa_color-menekse","9":"pa_size-l","10":"pa_size-m","11":"pa_size-s","13":"first","14":"instock","15":"sale","16":"shipping-taxable","17":"purchasable","18":"product-type-variable"},"_links":{"self":[{"href":"https:\/\/mod.wisdar.net\/tr\/wp-json\/wp\/v2\/product\/44361","targetHints":{"allow":["GET"]}}],"collection":[{"href":"https:\/\/mod.wisdar.net\/tr\/wp-json\/wp\/v2\/product"}],"about":[{"href":"https:\/\/mod.wisdar.net\/tr\/wp-json\/wp\/v2\/types\/product"}],"replies":[{"embeddable":true,"href":"https:\/\/mod.wisdar.net\/tr\/wp-json\/wp\/v2\/comments?post=44361"}],"wp:featuredmedia":[{"embeddable":true,"href":"https:\/\/mod.wisdar.net\/tr\/wp-json\/wp\/v2\/media\/44351"}],"wp:attachment":[{"href":"https:\/\/mod.wisdar.net\/tr\/wp-json\/wp\/v2\/media?parent=44361"}],"wp:term":[{"taxonomy":"product_brand","embeddable":true,"href":"https:\/\/mod.wisdar.net\/tr\/wp-json\/wp\/v2\/product_brand?post=44361"},{"taxonomy":"product_cat","embeddable":true,"href":"https:\/\/mod.wisdar.net\/tr\/wp-json\/wp\/v2\/product_cat?post=44361"},{"taxonomy":"product_tag","embeddable":true,"href":"https:\/\/mod.wisdar.net\/tr\/wp-json\/wp\/v2\/product_tag?post=44361"}],"curies":[{"name":"wp","href":"https:\/\/api.w.org\/{rel}","templated":true}]}}