{"id":44384,"date":"2025-12-18T11:17:38","date_gmt":"2025-12-18T11:17:38","guid":{"rendered":"https:\/\/modesthanim.com\/product\/yarim-balikci-yaka-triko-kazak-kirmizi\/"},"modified":"2026-03-23T07:03:20","modified_gmt":"2026-03-23T07:03:20","slug":"yarim-balikci-yaka-triko-kazak-kirmizi","status":"publish","type":"product","link":"https:\/\/mod.wisdar.net\/tr\/urun\/yarim-balikci-yaka-triko-kazak-kirmizi\/","title":{"rendered":"Yar\u0131m Bal\u0131k\u00e7\u0131 Yaka Triko Kazak K\u0131rm\u0131z\u0131"},"content":{"rendered":"<p>Laguna iplikle \u00fcretilen triko kazak, yumu\u015fak dokusu ve kaliteli yap\u0131s\u0131yla uzun \u00f6m\u00fcrl\u00fc bir kullan\u0131m sunar. Yar\u0131m bal\u0131k\u00e7\u0131 yaka formu, man\u015fetleri ve etek ucundaki lastik \u00f6rg\u00fc detaylar\u0131yla klasik triko g\u00f6r\u00fcn\u00fcm\u00fcn\u00fc modern bir dokunu\u015fla bulu\u015fturur.Hafif bol kesimi sayesinde g\u00fcn boyu konfor sa\u011flar. Daha dar bir duru\u015f tercih edenler bir beden k\u00fc\u00e7\u00fck tercih edebilir.Sade tasar\u0131m\u0131yla g\u00fcnl\u00fck ve \u015fehirli kombinlere kolayl\u0131kla uyum sa\u011flar. Hem \u015f\u0131k hem de fonksiyonel yap\u0131s\u0131yla k\u0131\u015f gard\u0131robunun vazge\u00e7ilmez par\u00e7alar\u0131ndand\u0131r.Bak\u0131m \u00f6nerisi: 30\u00b0C\u2019de tek ba\u015f\u0131na, narin y\u0131kama yap\u0131lmas\u0131 tavsiye edilir. Aksesuar ve \u00e7anta s\u00fcrt\u00fcnmesine kar\u015f\u0131 hassas kullan\u0131m gerektirir.Boy: 85 cm (\u00dcr\u00fcn boyu \u00fcretimler aras\u0131 1-5 cm de\u011fi\u015febilir. Bu boy \u00f6l\u00e7\u00fcs\u00fc \u00fcr\u00fcn\u00fcn d\u00fcz bir \u015fekilde yat\u0131r\u0131larak \u00f6l\u00e7\u00fclm\u00fc\u015f halidir. Giyildi\u011finde triko yap\u0131s\u0131 gere\u011fi a\u015fa\u011f\u0131 do\u011fru uzad\u0131\u011f\u0131ndan 5-8 cm aras\u0131 daha uzun olmaktad\u0131r.)Manken \u00d6l\u00e7\u00fcleri: Boy: 175 cmG\u00f6\u011f\u00fcs: 81 cmBel: 60 cmBasen: 89 cmMankenin \u00dczerindeki Beden: 1<\/p>\n","protected":false},"excerpt":{"rendered":"<p>Laguna iplikle \u00fcretilen triko kazak, yumu\u015fak dokusu ve kaliteli yap\u0131s\u0131yla uzun \u00f6m\u00fcrl\u00fc bir kullan\u0131m sunar. Yar\u0131m bal\u0131k\u00e7\u0131 yaka formu, man\u015fetleri ve etek ucundaki lastik \u00f6rg\u00fc detaylar\u0131yla klasik triko g\u00f6r\u00fcn\u00fcm\u00fcn\u00fc modern bir dokunu\u015fla bulu\u015fturur.Hafif bol kesimi sayesinde g\u00fcn boyu konfor sa\u011flar. Daha dar bir duru\u015f tercih edenler bir beden k\u00fc\u00e7\u00fck tercih edebilir.Sade tasar\u0131m\u0131yla g\u00fcnl\u00fck ve \u015fehirli kombinlere kolayl\u0131kla uyum sa\u011flar. Hem \u015f\u0131k hem de fonksiyonel yap\u0131s\u0131yla k\u0131\u015f gard\u0131robunun vazge\u00e7ilmez par\u00e7alar\u0131ndand\u0131r.Bak\u0131m \u00f6nerisi: 30\u00b0C\u2019de tek ba\u015f\u0131na, narin y\u0131kama yap\u0131lmas\u0131 tavsiye edilir. Aksesuar ve \u00e7anta s\u00fcrt\u00fcnmesine kar\u015f\u0131 hassas kullan\u0131m gerektirir.Boy: 85 cm (\u00dcr\u00fcn boyu \u00fcretimler aras\u0131 1-5 cm de\u011fi\u015febilir. Bu boy \u00f6l\u00e7\u00fcs\u00fc \u00fcr\u00fcn\u00fcn d\u00fcz bir \u015fekilde yat\u0131r\u0131larak \u00f6l\u00e7\u00fclm\u00fc\u015f halidir. Giyildi\u011finde triko yap\u0131s\u0131 gere\u011fi a\u015fa\u011f\u0131 do\u011fru uzad\u0131\u011f\u0131ndan 5-8 cm aras\u0131 daha uzun olmaktad\u0131r.)Manken \u00d6l\u00e7\u00fcleri: Boy: 175 cmG\u00f6\u011f\u00fcs: 81 cmBel: 60 cmBasen: 89 cmMankenin \u00dczerindeki Beden: 1<\/p>\n","protected":false},"featured_media":44375,"comment_status":"open","ping_status":"closed","template":"","meta":[],"product_brand":[],"product_cat":[1909],"product_tag":[7426,7895,6882],"class_list":{"0":"post-44384","1":"product","2":"type-product","3":"status-publish","4":"has-post-thumbnail","6":"product_cat-bluzlar-ve-gomlekler","7":"product_tag-gunluk-giyim-3","8":"product_tag-kis-modasi","9":"product_tag-rahat-kesim-2","10":"pa_brand-he-qa","11":"pa_color-red","12":"pa_size-4446","13":"pa_size-4463","15":"first","16":"instock","17":"sale","18":"shipping-taxable","19":"purchasable","20":"product-type-variable"},"_links":{"self":[{"href":"https:\/\/mod.wisdar.net\/tr\/wp-json\/wp\/v2\/product\/44384","targetHints":{"allow":["GET"]}}],"collection":[{"href":"https:\/\/mod.wisdar.net\/tr\/wp-json\/wp\/v2\/product"}],"about":[{"href":"https:\/\/mod.wisdar.net\/tr\/wp-json\/wp\/v2\/types\/product"}],"replies":[{"embeddable":true,"href":"https:\/\/mod.wisdar.net\/tr\/wp-json\/wp\/v2\/comments?post=44384"}],"wp:featuredmedia":[{"embeddable":true,"href":"https:\/\/mod.wisdar.net\/tr\/wp-json\/wp\/v2\/media\/44375"}],"wp:attachment":[{"href":"https:\/\/mod.wisdar.net\/tr\/wp-json\/wp\/v2\/media?parent=44384"}],"wp:term":[{"taxonomy":"product_brand","embeddable":true,"href":"https:\/\/mod.wisdar.net\/tr\/wp-json\/wp\/v2\/product_brand?post=44384"},{"taxonomy":"product_cat","embeddable":true,"href":"https:\/\/mod.wisdar.net\/tr\/wp-json\/wp\/v2\/product_cat?post=44384"},{"taxonomy":"product_tag","embeddable":true,"href":"https:\/\/mod.wisdar.net\/tr\/wp-json\/wp\/v2\/product_tag?post=44384"}],"curies":[{"name":"wp","href":"https:\/\/api.w.org\/{rel}","templated":true}]}}