{"id":44422,"date":"2025-12-18T11:24:37","date_gmt":"2025-12-18T11:24:37","guid":{"rendered":"https:\/\/modesthanim.com\/product\/mock-turtleneck-orgu-kazak-bitter-kahve\/"},"modified":"2026-03-23T07:04:12","modified_gmt":"2026-03-23T07:04:12","slug":"mock-turtleneck-orgu-kazak-bitter-kahve","status":"publish","type":"product","link":"https:\/\/mod.wisdar.net\/tr\/urun\/mock-turtleneck-orgu-kazak-bitter-kahve\/","title":{"rendered":"Mock Turtleneck \u00d6rg\u00fc Kazak Bitter Kahve"},"content":{"rendered":"<p>Laguna ipli\u011finden \u00fcretilen bu \u00f6rg\u00fc kazak, yumu\u015fak dokusu ve dayan\u0131kl\u0131 yap\u0131s\u0131yla uzun \u00f6m\u00fcrl\u00fc kullan\u0131m sunar. Yar\u0131m turtleneck tasar\u0131m\u0131, ribana man\u015fet ve etek ucuyla klasik \u00f6rg\u00fcn\u00fcn zamans\u0131z g\u00f6r\u00fcn\u00fcm\u00fcn\u00fc modern bir dokunu\u015fla birle\u015ftirir.<br \/>\nHafif bol kesimi t\u00fcm g\u00fcn konfor sa\u011flarken, daha oturan bir sil\u00fcet tercih edenler bir beden k\u00fc\u00e7\u00fck se\u00e7ebilirler. Minimal tasar\u0131m\u0131yla hem g\u00fcndelik hem de \u015fehir tarzlar\u0131yla zahmetsizce kombinlenir, her k\u0131\u015f gard\u0131robunun vazge\u00e7ilmez bir par\u00e7as\u0131d\u0131r.<br \/>\nBak\u0131m Talimatlar\u0131: 30\u00b0C&#8217;de ayr\u0131 y\u0131kay\u0131n. Aksesuar ve \u00e7antalardan kaynaklanan s\u00fcrt\u00fcnmeyi \u00f6nlemek i\u00e7in \u00f6zenle kullan\u0131n.<br \/>\nUzunluk: 85 cm (\u00dcr\u00fcn uzunlu\u011fu \u00fcretimler aras\u0131nda 1\u20135 cm de\u011fi\u015fiklik g\u00f6sterebilir. Bu uzunluk \u00f6l\u00e7\u00fcs\u00fc \u00fcr\u00fcn d\u00fcz zemine serilerek al\u0131nm\u0131\u015ft\u0131r. \u00d6rg\u00fc kuma\u015f\u0131n yap\u0131s\u0131 gere\u011fi, giyildi\u011finde a\u015fa\u011f\u0131 do\u011fru esner ve 5\u20138 cm daha uzun g\u00f6r\u00fcn\u00fcr.)<\/p>\n<p>Modelin \u00d6l\u00e7\u00fcleri: Boy: 175 cm G\u00f6\u011f\u00fcs: 81 cm Bel: 60 cm Kal\u00e7a: 89 cm Modelin Giydi\u011fi Beden:<\/p>\n","protected":false},"excerpt":{"rendered":"<p>Laguna ipli\u011finden \u00fcretilen bu \u00f6rg\u00fc kazak, yumu\u015fak dokusu ve dayan\u0131kl\u0131 yap\u0131s\u0131yla uzun \u00f6m\u00fcrl\u00fc kullan\u0131m sunar. Yar\u0131m turtleneck tasar\u0131m\u0131, ribana man\u015fet ve etek ucuyla klasik \u00f6rg\u00fcn\u00fcn zamans\u0131z g\u00f6r\u00fcn\u00fcm\u00fcn\u00fc modern bir dokunu\u015fla birle\u015ftirir.<br \/>\nHafif bol kesimi t\u00fcm g\u00fcn konfor sa\u011flarken, daha oturan bir sil\u00fcet tercih edenler bir beden k\u00fc\u00e7\u00fck se\u00e7ebilirler. Minimal tasar\u0131m\u0131yla hem g\u00fcndelik hem de \u015fehir tarzlar\u0131yla zahmetsizce kombinlenir, her k\u0131\u015f gard\u0131robunun vazge\u00e7ilmez bir par\u00e7as\u0131d\u0131r.<br \/>\nBak\u0131m Talimatlar\u0131: 30\u00b0C&#8217;de ayr\u0131 y\u0131kay\u0131n. Aksesuar ve \u00e7antalardan kaynaklanan s\u00fcrt\u00fcnmeyi \u00f6nlemek i\u00e7in \u00f6zenle kullan\u0131n.<br \/>\nUzunluk: 85 cm (\u00dcr\u00fcn uzunlu\u011fu \u00fcretimler aras\u0131nda 1\u20135 cm de\u011fi\u015fiklik g\u00f6sterebilir. Bu uzunluk \u00f6l\u00e7\u00fcs\u00fc \u00fcr\u00fcn d\u00fcz zemine serilerek al\u0131nm\u0131\u015ft\u0131r. \u00d6rg\u00fc kuma\u015f\u0131n yap\u0131s\u0131 gere\u011fi, giyildi\u011finde a\u015fa\u011f\u0131 do\u011fru esner ve 5\u20138 cm daha uzun g\u00f6r\u00fcn\u00fcr.)<\/p>\n<p>Modelin \u00d6l\u00e7\u00fcleri: Boy: 175 cm G\u00f6\u011f\u00fcs: 81 cm Bel: 60 cm Kal\u00e7a: 89 cm Modelin Giydi\u011fi Beden:<\/p>\n","protected":false},"featured_media":44413,"comment_status":"open","ping_status":"closed","template":"","meta":[],"product_brand":[],"product_cat":[1909],"product_tag":[],"class_list":{"0":"post-44422","1":"product","2":"type-product","3":"status-publish","4":"has-post-thumbnail","6":"product_cat-bluzlar-ve-gomlekler","7":"pa_brand-he-qa","8":"pa_color-bitter-kahve","9":"pa_size-4446","10":"pa_size-4463","12":"first","13":"instock","14":"sale","15":"shipping-taxable","16":"purchasable","17":"product-type-variable"},"_links":{"self":[{"href":"https:\/\/mod.wisdar.net\/tr\/wp-json\/wp\/v2\/product\/44422","targetHints":{"allow":["GET"]}}],"collection":[{"href":"https:\/\/mod.wisdar.net\/tr\/wp-json\/wp\/v2\/product"}],"about":[{"href":"https:\/\/mod.wisdar.net\/tr\/wp-json\/wp\/v2\/types\/product"}],"replies":[{"embeddable":true,"href":"https:\/\/mod.wisdar.net\/tr\/wp-json\/wp\/v2\/comments?post=44422"}],"wp:featuredmedia":[{"embeddable":true,"href":"https:\/\/mod.wisdar.net\/tr\/wp-json\/wp\/v2\/media\/44413"}],"wp:attachment":[{"href":"https:\/\/mod.wisdar.net\/tr\/wp-json\/wp\/v2\/media?parent=44422"}],"wp:term":[{"taxonomy":"product_brand","embeddable":true,"href":"https:\/\/mod.wisdar.net\/tr\/wp-json\/wp\/v2\/product_brand?post=44422"},{"taxonomy":"product_cat","embeddable":true,"href":"https:\/\/mod.wisdar.net\/tr\/wp-json\/wp\/v2\/product_cat?post=44422"},{"taxonomy":"product_tag","embeddable":true,"href":"https:\/\/mod.wisdar.net\/tr\/wp-json\/wp\/v2\/product_tag?post=44422"}],"curies":[{"name":"wp","href":"https:\/\/api.w.org\/{rel}","templated":true}]}}