{"id":44470,"date":"2025-12-18T11:27:58","date_gmt":"2025-12-18T11:27:58","guid":{"rendered":"https:\/\/modesthanim.com\/product\/kruvaze-kesim-trenckot-mat-vizon\/"},"modified":"2026-04-10T05:51:44","modified_gmt":"2026-04-10T05:51:44","slug":"kruvaze-kesim-trenckot-mat-vizon","status":"publish","type":"product","link":"https:\/\/mod.wisdar.net\/tr\/urun\/kruvaze-kesim-trenckot-mat-vizon\/","title":{"rendered":"Kruvaze Kesim Tren\u00e7kot Mat Vizon"},"content":{"rendered":"<p>Mikro teknik kuma\u015f ile \u00fcretilmi\u015f tren\u00e7kotlar\u0131m\u0131z, olduk\u00e7a hafif yap\u0131dad\u0131r. Astarl\u0131d\u0131r. K\u0131r\u0131\u015fma yapmayaca\u011f\u0131ndan g\u00fcn boyu rahatl\u0131kla kullanabilirsiniz. Kruvaze yaka, kolu ve omzu apolet detayl\u0131 tren\u00e7kotumuz bol bir kal\u0131ba sahiptir. Geni\u015f kal\u0131p sevenlerin gardrobunun anahtar par\u00e7as\u0131 olacakt\u0131r. Sevdi\u011finiz bir tren\u00e7kotun \u00f6l\u00e7\u00fcleri ile a\u015fa\u011f\u0131daki \u00f6l\u00e7\u00fcleri k\u0131yaslayarak en do\u011fru bedeni sipari\u015f verebilirsiniz. 30 derece, narin y\u0131kama tavsiye ediyoruz. Kurutma yap\u0131lmaz. Boy: 77 cm (\u00dcr\u00fcn boyu \u00fcretimler aras\u0131 1-5 cm de\u011fi\u015febilir.) Kal\u0131p Bilgisi: G\u00f6\u011f\u00fcs Basen Pazu Kol Boyu 36 Beden: 112 cm 118 cm 42 cm 71 cm 38 Beden: 116 cm 122 cm 44 cm 72 cm 40 Beden: 120 cm 126 cm 46 cm 73 cm 42 Beden: 124 cm 130 cm 48 cm 74 cm Manken \u00d6l\u00e7\u00fcleri: Boy: 176 cm G\u00f6\u011f\u00fcs: 84 cm Bel: 62 cm Basen: 88 cm Mankenin \u00dczerindeki Beden: 36<\/p>\n","protected":false},"excerpt":{"rendered":"<p>Mikro teknik kuma\u015f ile \u00fcretilmi\u015f tren\u00e7kotlar\u0131m\u0131z, olduk\u00e7a hafif yap\u0131dad\u0131r. Astarl\u0131d\u0131r. K\u0131r\u0131\u015fma yapmayaca\u011f\u0131ndan g\u00fcn boyu rahatl\u0131kla kullanabilirsiniz. Kruvaze yaka, kolu ve omzu apolet detayl\u0131 tren\u00e7kotumuz bol bir kal\u0131ba sahiptir. Geni\u015f kal\u0131p sevenlerin gardrobunun anahtar par\u00e7as\u0131 olacakt\u0131r. Sevdi\u011finiz bir tren\u00e7kotun \u00f6l\u00e7\u00fcleri ile a\u015fa\u011f\u0131daki \u00f6l\u00e7\u00fcleri k\u0131yaslayarak en do\u011fru bedeni sipari\u015f verebilirsiniz. 30 derece, narin y\u0131kama tavsiye ediyoruz. Kurutma yap\u0131lmaz. Boy: 77 cm (\u00dcr\u00fcn boyu \u00fcretimler aras\u0131 1-5 cm de\u011fi\u015febilir.) Kal\u0131p Bilgisi: G\u00f6\u011f\u00fcs Basen Pazu Kol Boyu 36 Beden: 112 cm 118 cm 42 cm 71 cm 38 Beden: 116 cm 122 cm 44 cm 72 cm 40 Beden: 120 cm 126 cm 46 cm 73 cm 42 Beden: 124 cm 130 cm 48 cm 74 cm Manken \u00d6l\u00e7\u00fcleri: Boy: 176 cm G\u00f6\u011f\u00fcs: 84 cm Bel: 62 cm Basen: 88 cm Mankenin \u00dczerindeki Beden: 36<\/p>\n","protected":false},"featured_media":44465,"comment_status":"open","ping_status":"closed","template":"","meta":[],"product_brand":[],"product_cat":[2047],"product_tag":[],"class_list":{"0":"post-44470","1":"product","2":"type-product","3":"status-publish","4":"has-post-thumbnail","6":"product_cat-paltolar","7":"pa_brand-he-qa","8":"pa_color-matt-mink","9":"pa_size-4701","10":"pa_size-4706","11":"pa_size-4711","12":"pa_size-4713","14":"first","15":"instock","16":"sale","17":"shipping-taxable","18":"purchasable","19":"product-type-variable"},"_links":{"self":[{"href":"https:\/\/mod.wisdar.net\/tr\/wp-json\/wp\/v2\/product\/44470","targetHints":{"allow":["GET"]}}],"collection":[{"href":"https:\/\/mod.wisdar.net\/tr\/wp-json\/wp\/v2\/product"}],"about":[{"href":"https:\/\/mod.wisdar.net\/tr\/wp-json\/wp\/v2\/types\/product"}],"replies":[{"embeddable":true,"href":"https:\/\/mod.wisdar.net\/tr\/wp-json\/wp\/v2\/comments?post=44470"}],"wp:featuredmedia":[{"embeddable":true,"href":"https:\/\/mod.wisdar.net\/tr\/wp-json\/wp\/v2\/media\/44465"}],"wp:attachment":[{"href":"https:\/\/mod.wisdar.net\/tr\/wp-json\/wp\/v2\/media?parent=44470"}],"wp:term":[{"taxonomy":"product_brand","embeddable":true,"href":"https:\/\/mod.wisdar.net\/tr\/wp-json\/wp\/v2\/product_brand?post=44470"},{"taxonomy":"product_cat","embeddable":true,"href":"https:\/\/mod.wisdar.net\/tr\/wp-json\/wp\/v2\/product_cat?post=44470"},{"taxonomy":"product_tag","embeddable":true,"href":"https:\/\/mod.wisdar.net\/tr\/wp-json\/wp\/v2\/product_tag?post=44470"}],"curies":[{"name":"wp","href":"https:\/\/api.w.org\/{rel}","templated":true}]}}