{"id":44554,"date":"2025-12-18T11:32:38","date_gmt":"2025-12-18T11:32:38","guid":{"rendered":"https:\/\/modesthanim.com\/product\/kisa-trenckot-soft-kasmir\/"},"modified":"2026-04-03T05:41:45","modified_gmt":"2026-04-03T05:41:45","slug":"kisa-trenckot-soft-kasmir","status":"publish","type":"product","link":"https:\/\/mod.wisdar.net\/tr\/urun\/kisa-trenckot-soft-kasmir\/","title":{"rendered":"K\u0131sa Tren\u00e7kot Soft Ka\u015fmir"},"content":{"rendered":"<p>%60 Pamuk ve %40 Polyester kar\u0131\u015f\u0131ml\u0131 kuma\u015ftan \u00fcretilmi\u015ftir. Pamuk i\u00e7eri\u011fi sayesinde nefes alan ve konforlu bir kullan\u0131m sunarken, polyester dokusu \u00fcr\u00fcne ekstra dayan\u0131kl\u0131l\u0131k katar. B\u00f6ylece tren\u00e7kot, y\u0131pranmalara kar\u015f\u0131 daha diren\u00e7li olur ve formunu uzun s\u00fcre korur. Ayr\u0131ca polyester i\u00e7eri\u011fe yapt\u0131rd\u0131\u011f\u0131m\u0131z su itici \u00f6zellik, tren\u00e7kotlarda suya kar\u015f\u0131 dayan\u0131kl\u0131 bir \u00f6zellik kazand\u0131r\u0131r.\u00dcr\u00fcn hafif bol bir kal\u0131ba sahiptir. Mankenin \u00fczerindeki beden 36\u2019d\u0131r. Daha fit bir g\u00f6r\u00fcn\u00fcm isteyenler bir beden k\u00fc\u00e7\u00fck tercih edebilir.Kuma\u015f bak\u0131m notu: Pamuk kar\u0131\u015f\u0131ml\u0131 kuma\u015flar\u0131n uzun \u00f6m\u00fcrl\u00fc kullan\u0131m\u0131 i\u00e7in d\u00fc\u015f\u00fck \u0131s\u0131da hassas programda y\u0131kanmas\u0131 \u00f6nerilir. Ask\u0131da kurutulmal\u0131d\u0131r. Orta \u0131s\u0131da buharl\u0131 \u00fct\u00fc yap\u0131labilir.Boy: 51,5 cm\u00a0(\u00dcr\u00fcn boyu \u00fcretimler aras\u0131 1-5 cm de\u011fi\u015febilir.)Kal\u0131p Bilgisi:G\u00f6\u011f\u00fcsBasen\u00a0Kol BoyuPazu36 Beden:\u00a0106 cm\u00a0102 cm\u00a057 cm\u00a044 cm\u00a038 Beden:\u00a0110 cm\u00a0106 cm\u00a058 cm\u00a046 cm\u00a040 Beden:\u00a0114 cm\u00a0110 cm\u00a059 cm\u00a048 cm\u00a042 Beden:\u00a0118 cm\u00a0114 cm\u00a060 cm50 cm\u00a0Manken \u00d6l\u00e7\u00fcleri:Boy: 174 cmG\u00f6\u011f\u00fcs: 83 cmBel: 60 cmBasen: 90 cmMankenin \u00dczerindeki Beden: 36<\/p>\n","protected":false},"excerpt":{"rendered":"<p>%60 Pamuk ve %40 Polyester kar\u0131\u015f\u0131ml\u0131 kuma\u015ftan \u00fcretilmi\u015ftir. Pamuk i\u00e7eri\u011fi sayesinde nefes alan ve konforlu bir kullan\u0131m sunarken, polyester dokusu \u00fcr\u00fcne ekstra dayan\u0131kl\u0131l\u0131k katar. B\u00f6ylece tren\u00e7kot, y\u0131pranmalara kar\u015f\u0131 daha diren\u00e7li olur ve formunu uzun s\u00fcre korur. Ayr\u0131ca polyester i\u00e7eri\u011fe yapt\u0131rd\u0131\u011f\u0131m\u0131z su itici \u00f6zellik, tren\u00e7kotlarda suya kar\u015f\u0131 dayan\u0131kl\u0131 bir \u00f6zellik kazand\u0131r\u0131r.\u00dcr\u00fcn hafif bol bir kal\u0131ba sahiptir. Mankenin \u00fczerindeki beden 36\u2019d\u0131r. Daha fit bir g\u00f6r\u00fcn\u00fcm isteyenler bir beden k\u00fc\u00e7\u00fck tercih edebilir.Kuma\u015f bak\u0131m notu: Pamuk kar\u0131\u015f\u0131ml\u0131 kuma\u015flar\u0131n uzun \u00f6m\u00fcrl\u00fc kullan\u0131m\u0131 i\u00e7in d\u00fc\u015f\u00fck \u0131s\u0131da hassas programda y\u0131kanmas\u0131 \u00f6nerilir. Ask\u0131da kurutulmal\u0131d\u0131r. Orta \u0131s\u0131da buharl\u0131 \u00fct\u00fc yap\u0131labilir.Boy: 51,5 cm\u00a0(\u00dcr\u00fcn boyu \u00fcretimler aras\u0131 1-5 cm de\u011fi\u015febilir.)Kal\u0131p Bilgisi:G\u00f6\u011f\u00fcsBasen\u00a0Kol BoyuPazu36 Beden:\u00a0106 cm\u00a0102 cm\u00a057 cm\u00a044 cm\u00a038 Beden:\u00a0110 cm\u00a0106 cm\u00a058 cm\u00a046 cm\u00a040 Beden:\u00a0114 cm\u00a0110 cm\u00a059 cm\u00a048 cm\u00a042 Beden:\u00a0118 cm\u00a0114 cm\u00a060 cm50 cm\u00a0Manken \u00d6l\u00e7\u00fcleri:Boy: 174 cmG\u00f6\u011f\u00fcs: 83 cmBel: 60 cmBasen: 90 cmMankenin \u00dczerindeki Beden: 36<\/p>\n","protected":false},"featured_media":44543,"comment_status":"open","ping_status":"closed","template":"","meta":[],"product_brand":[],"product_cat":[2047],"product_tag":[7326,6766,7928,7425],"class_list":{"0":"post-44554","1":"product","2":"type-product","3":"status-publish","4":"has-post-thumbnail","6":"product_cat-paltolar","7":"product_tag-bol-kesim","8":"product_tag-hafif","9":"product_tag-moda-dis-giyim","10":"product_tag-pamuk-karisimi","11":"pa_brand-he-qa","12":"pa_color-soft-kasmir","13":"pa_size-4701","14":"pa_size-4706","15":"pa_size-4711","16":"pa_size-4713","18":"first","19":"outofstock","20":"shipping-taxable","21":"product-type-variable"},"_links":{"self":[{"href":"https:\/\/mod.wisdar.net\/tr\/wp-json\/wp\/v2\/product\/44554","targetHints":{"allow":["GET"]}}],"collection":[{"href":"https:\/\/mod.wisdar.net\/tr\/wp-json\/wp\/v2\/product"}],"about":[{"href":"https:\/\/mod.wisdar.net\/tr\/wp-json\/wp\/v2\/types\/product"}],"replies":[{"embeddable":true,"href":"https:\/\/mod.wisdar.net\/tr\/wp-json\/wp\/v2\/comments?post=44554"}],"wp:featuredmedia":[{"embeddable":true,"href":"https:\/\/mod.wisdar.net\/tr\/wp-json\/wp\/v2\/media\/44543"}],"wp:attachment":[{"href":"https:\/\/mod.wisdar.net\/tr\/wp-json\/wp\/v2\/media?parent=44554"}],"wp:term":[{"taxonomy":"product_brand","embeddable":true,"href":"https:\/\/mod.wisdar.net\/tr\/wp-json\/wp\/v2\/product_brand?post=44554"},{"taxonomy":"product_cat","embeddable":true,"href":"https:\/\/mod.wisdar.net\/tr\/wp-json\/wp\/v2\/product_cat?post=44554"},{"taxonomy":"product_tag","embeddable":true,"href":"https:\/\/mod.wisdar.net\/tr\/wp-json\/wp\/v2\/product_tag?post=44554"}],"curies":[{"name":"wp","href":"https:\/\/api.w.org\/{rel}","templated":true}]}}