{"id":44613,"date":"2025-12-18T11:34:52","date_gmt":"2025-12-18T11:34:52","guid":{"rendered":"https:\/\/modesthanim.com\/product\/uzun-klasik-trenckot-adacayi-yesili\/"},"modified":"2026-03-23T07:11:10","modified_gmt":"2026-03-23T07:11:10","slug":"uzun-klasik-trenckot-adacayi-yesili","status":"publish","type":"product","link":"https:\/\/mod.wisdar.net\/tr\/urun\/uzun-klasik-trenckot-adacayi-yesili\/","title":{"rendered":"Uzun Klasik Tren\u00e7kot Ada\u00e7ay\u0131 Ye\u015fili"},"content":{"rendered":"<p>Omuzlarda ve kollarda epaulet detaylar\u0131na sahip, f\u0131rt\u0131na perdesi bulunan \u00e7ift s\u0131ral\u0131 uzun tren\u00e7kot. Hafif mikro-teknik kuma\u015ftan \u00fcretilen bu tren\u00e7kot tam astarl\u0131 olup buru\u015fmaya kar\u015f\u0131 dayan\u0131kl\u0131 tasar\u0131m\u0131yla g\u00fcn boyu konfor sa\u011flar. Gazl\u0131 diki\u015f detaylar\u0131 hem g\u00fcndelik hem de klasik tarzlara uygunluk sunar. \u00dcr\u00fcn ne \u00e7ok bol ne de \u00e7ok dar bir kesime sahiptir. Modelde g\u00f6r\u00fcnenden daha oturakl\u0131 bir g\u00f6r\u00fcn\u00fcm tercih ediyorsan\u0131z, bir beden k\u00fc\u00e7\u00fck almay\u0131 d\u00fc\u015f\u00fcnebilirsiniz. A\u015fa\u011f\u0131da listelenen \u00fcr\u00fcn \u00f6l\u00e7\u00fclerini favori tren\u00e7kotunuzunkiyle kar\u015f\u0131la\u015ft\u0131rarak ideal bedeni bulabilirsiniz. Uzunluk: 120 cm (\u00dcr\u00fcn uzunlu\u011fu \u00fcretim partileri aras\u0131nda 1-5 cm farkl\u0131l\u0131k g\u00f6sterebilir.) Beden Tablosu: G\u00f6\u011f\u00fcs Kal\u00e7a Biceps Kol Uzunlu\u011fu Beden 36: 112 cm 120 cm 40 cm 50 cm Beden 38: 116 cm 124 cm 42 cm 51 cm Beden 40: 120 cm 128 cm 44 cm 52 cm Beden 42: 124 cm 132 cm 46 cm 53 cm Modelin \u00d6l\u00e7\u00fcleri: Boy: 178 cm G\u00f6\u011f\u00fcs: 84 cm Bel: 60 cm Kal\u00e7a: 91 cm Modelin Giyim Bedeni: 36<\/p>\n","protected":false},"excerpt":{"rendered":"<p>Omuzlarda ve kollarda epaulet detaylar\u0131na sahip, f\u0131rt\u0131na perdesi bulunan \u00e7ift s\u0131ral\u0131 uzun tren\u00e7kot. Hafif mikro-teknik kuma\u015ftan \u00fcretilen bu tren\u00e7kot tam astarl\u0131 olup buru\u015fmaya kar\u015f\u0131 dayan\u0131kl\u0131 tasar\u0131m\u0131yla g\u00fcn boyu konfor sa\u011flar. Gazl\u0131 diki\u015f detaylar\u0131 hem g\u00fcndelik hem de klasik tarzlara uygunluk sunar. \u00dcr\u00fcn ne \u00e7ok bol ne de \u00e7ok dar bir kesime sahiptir. Modelde g\u00f6r\u00fcnenden daha oturakl\u0131 bir g\u00f6r\u00fcn\u00fcm tercih ediyorsan\u0131z, bir beden k\u00fc\u00e7\u00fck almay\u0131 d\u00fc\u015f\u00fcnebilirsiniz. A\u015fa\u011f\u0131da listelenen \u00fcr\u00fcn \u00f6l\u00e7\u00fclerini favori tren\u00e7kotunuzunkiyle kar\u015f\u0131la\u015ft\u0131rarak ideal bedeni bulabilirsiniz. Uzunluk: 120 cm (\u00dcr\u00fcn uzunlu\u011fu \u00fcretim partileri aras\u0131nda 1-5 cm farkl\u0131l\u0131k g\u00f6sterebilir.) Beden Tablosu: G\u00f6\u011f\u00fcs Kal\u00e7a Biceps Kol Uzunlu\u011fu Beden 36: 112 cm 120 cm 40 cm 50 cm Beden 38: 116 cm 124 cm 42 cm 51 cm Beden 40: 120 cm 128 cm 44 cm 52 cm Beden 42: 124 cm 132 cm 46 cm 53 cm Modelin \u00d6l\u00e7\u00fcleri: Boy: 178 cm G\u00f6\u011f\u00fcs: 84 cm Bel: 60 cm Kal\u00e7a: 91 cm Modelin Giyim Bedeni: 36<\/p>\n","protected":false},"featured_media":44602,"comment_status":"open","ping_status":"closed","template":"","meta":[],"product_brand":[],"product_cat":[2047],"product_tag":[],"class_list":{"0":"post-44613","1":"product","2":"type-product","3":"status-publish","4":"has-post-thumbnail","6":"product_cat-paltolar","7":"pa_brand-he-qa","8":"pa_color-sage-green","9":"pa_size-4701","10":"pa_size-4706","11":"pa_size-4711","12":"pa_size-4713","14":"first","15":"instock","16":"sale","17":"shipping-taxable","18":"purchasable","19":"product-type-variable"},"_links":{"self":[{"href":"https:\/\/mod.wisdar.net\/tr\/wp-json\/wp\/v2\/product\/44613","targetHints":{"allow":["GET"]}}],"collection":[{"href":"https:\/\/mod.wisdar.net\/tr\/wp-json\/wp\/v2\/product"}],"about":[{"href":"https:\/\/mod.wisdar.net\/tr\/wp-json\/wp\/v2\/types\/product"}],"replies":[{"embeddable":true,"href":"https:\/\/mod.wisdar.net\/tr\/wp-json\/wp\/v2\/comments?post=44613"}],"wp:featuredmedia":[{"embeddable":true,"href":"https:\/\/mod.wisdar.net\/tr\/wp-json\/wp\/v2\/media\/44602"}],"wp:attachment":[{"href":"https:\/\/mod.wisdar.net\/tr\/wp-json\/wp\/v2\/media?parent=44613"}],"wp:term":[{"taxonomy":"product_brand","embeddable":true,"href":"https:\/\/mod.wisdar.net\/tr\/wp-json\/wp\/v2\/product_brand?post=44613"},{"taxonomy":"product_cat","embeddable":true,"href":"https:\/\/mod.wisdar.net\/tr\/wp-json\/wp\/v2\/product_cat?post=44613"},{"taxonomy":"product_tag","embeddable":true,"href":"https:\/\/mod.wisdar.net\/tr\/wp-json\/wp\/v2\/product_tag?post=44613"}],"curies":[{"name":"wp","href":"https:\/\/api.w.org\/{rel}","templated":true}]}}