{"id":44730,"date":"2025-12-18T11:46:05","date_gmt":"2025-12-18T11:46:05","guid":{"rendered":"https:\/\/modesthanim.com\/product\/kesim-ceket-kemik\/"},"modified":"2026-03-23T07:31:20","modified_gmt":"2026-03-23T07:31:20","slug":"kesim-ceket-kemik","status":"publish","type":"product","link":"https:\/\/mod.wisdar.net\/tr\/urun\/kesim-ceket-kemik\/","title":{"rendered":"Kesim Ceket Kemik"},"content":{"rendered":"<p>Premium dokuma y\u00fcn kar\u0131\u015f\u0131m\u0131ndan \u00fcretilen bu ceket, d\u00fc\u011fmeli \u00f6n k\u0131sm\u0131, raglan kollar\u0131, yan cepleri ve tam astar\u0131yla dikkat \u00e7ekiyor. Koleksiyonumuzdaki her ceket, foto\u011fraflarda g\u00f6r\u00fcld\u00fc\u011f\u00fc gibi \u015f\u0131k ve yap\u0131land\u0131r\u0131lm\u0131\u015f bir uyum sa\u011flayan y\u00fcksek kaliteli terzilik ve kuma\u015fla \u00fcretilmi\u015ftir. Zamans\u0131z tasar\u0131m\u0131 ve premium kalitesiyle, a\u015f\u0131r\u0131 s\u00fcrt\u00fcnmeden uzak tutuldu\u011funda topaklanmaya kar\u015f\u0131 dayan\u0131kl\u0131d\u0131r ve gard\u0131robunuzda uzun \u00f6m\u00fcrl\u00fc bir temel par\u00e7a olmay\u0131 vaat eder. A-line siluet, omuzlarda dar kesimli bir uyuma sahiptir ve kal\u00e7alara do\u011fru hafif\u00e7e geni\u015fler. \u0130stenen uyum i\u00e7in normal bedeninizi se\u00e7in veya daha az rahat bir g\u00f6r\u00fcn\u00fcm tercih ediyorsan\u0131z bir beden k\u00fc\u00e7\u00fck al\u0131n. \u00d6l\u00e7\u00fcler a\u015fa\u011f\u0131da listelenmi\u015ftir; en iyi uyum i\u00e7in en sevdi\u011finiz ceketinizin g\u00f6\u011f\u00fcs ve kal\u00e7a \u00f6l\u00e7\u00fcleriyle kar\u015f\u0131la\u015ft\u0131r\u0131n. Keyifli bir al\u0131\u015fveri\u015f deneyimi diliyoruz ve HE-QA kalitesinin en iyi g\u00fcnlerinizde size e\u015flik etmesini umuyoruz! Uzunluk: 90 cm (\u00dcr\u00fcn uzunlu\u011fu \u00fcretim partileri aras\u0131nda 1-5 cm farkl\u0131l\u0131k g\u00f6sterebilir.) Beden Tablosu: G\u00f6\u011f\u00fcs Kal\u00e7a Kol Size 36: 114 cm 122 cm 70 cm Size 38: 118 cm 126 cm 71 cm Size 40: 122 cm 130 cm 72 cm Size 42: 126 cm 134 cm 73 cm Modelin \u00d6l\u00e7\u00fcleri: Boy: 181 cm G\u00f6\u011f\u00fcs: 78 cm Bel: 59 cm Kal\u00e7a: 89 cm Modelin Giydi\u011fi Beden: 36<\/p>\n","protected":false},"excerpt":{"rendered":"<p>Premium dokuma y\u00fcn kar\u0131\u015f\u0131m\u0131ndan \u00fcretilen bu ceket, d\u00fc\u011fmeli \u00f6n k\u0131sm\u0131, raglan kollar\u0131, yan cepleri ve tam astar\u0131yla dikkat \u00e7ekiyor. Koleksiyonumuzdaki her ceket, foto\u011fraflarda g\u00f6r\u00fcld\u00fc\u011f\u00fc gibi \u015f\u0131k ve yap\u0131land\u0131r\u0131lm\u0131\u015f bir uyum sa\u011flayan y\u00fcksek kaliteli terzilik ve kuma\u015fla \u00fcretilmi\u015ftir. Zamans\u0131z tasar\u0131m\u0131 ve premium kalitesiyle, a\u015f\u0131r\u0131 s\u00fcrt\u00fcnmeden uzak tutuldu\u011funda topaklanmaya kar\u015f\u0131 dayan\u0131kl\u0131d\u0131r ve gard\u0131robunuzda uzun \u00f6m\u00fcrl\u00fc bir temel par\u00e7a olmay\u0131 vaat eder. A-line siluet, omuzlarda dar kesimli bir uyuma sahiptir ve kal\u00e7alara do\u011fru hafif\u00e7e geni\u015fler. \u0130stenen uyum i\u00e7in normal bedeninizi se\u00e7in veya daha az rahat bir g\u00f6r\u00fcn\u00fcm tercih ediyorsan\u0131z bir beden k\u00fc\u00e7\u00fck al\u0131n. \u00d6l\u00e7\u00fcler a\u015fa\u011f\u0131da listelenmi\u015ftir; en iyi uyum i\u00e7in en sevdi\u011finiz ceketinizin g\u00f6\u011f\u00fcs ve kal\u00e7a \u00f6l\u00e7\u00fcleriyle kar\u015f\u0131la\u015ft\u0131r\u0131n. Keyifli bir al\u0131\u015fveri\u015f deneyimi diliyoruz ve HE-QA kalitesinin en iyi g\u00fcnlerinizde size e\u015flik etmesini umuyoruz! Uzunluk: 90 cm (\u00dcr\u00fcn uzunlu\u011fu \u00fcretim partileri aras\u0131nda 1-5 cm farkl\u0131l\u0131k g\u00f6sterebilir.) Beden Tablosu: G\u00f6\u011f\u00fcs Kal\u00e7a Kol Size 36: 114 cm 122 cm 70 cm Size 38: 118 cm 126 cm 71 cm Size 40: 122 cm 130 cm 72 cm Size 42: 126 cm 134 cm 73 cm Modelin \u00d6l\u00e7\u00fcleri: Boy: 181 cm G\u00f6\u011f\u00fcs: 78 cm Bel: 59 cm Kal\u00e7a: 89 cm Modelin Giydi\u011fi Beden: 36<\/p>\n","protected":false},"featured_media":44722,"comment_status":"open","ping_status":"closed","template":"","meta":[],"product_brand":[],"product_cat":[2047],"product_tag":[],"class_list":{"0":"post-44730","1":"product","2":"type-product","3":"status-publish","4":"has-post-thumbnail","6":"product_cat-paltolar","7":"pa_brand-he-qa","8":"pa_color-kemik","9":"pa_size-4701","10":"pa_size-4706","11":"pa_size-4711","12":"pa_size-4713","14":"first","15":"outofstock","16":"shipping-taxable","17":"product-type-variable"},"_links":{"self":[{"href":"https:\/\/mod.wisdar.net\/tr\/wp-json\/wp\/v2\/product\/44730","targetHints":{"allow":["GET"]}}],"collection":[{"href":"https:\/\/mod.wisdar.net\/tr\/wp-json\/wp\/v2\/product"}],"about":[{"href":"https:\/\/mod.wisdar.net\/tr\/wp-json\/wp\/v2\/types\/product"}],"replies":[{"embeddable":true,"href":"https:\/\/mod.wisdar.net\/tr\/wp-json\/wp\/v2\/comments?post=44730"}],"wp:featuredmedia":[{"embeddable":true,"href":"https:\/\/mod.wisdar.net\/tr\/wp-json\/wp\/v2\/media\/44722"}],"wp:attachment":[{"href":"https:\/\/mod.wisdar.net\/tr\/wp-json\/wp\/v2\/media?parent=44730"}],"wp:term":[{"taxonomy":"product_brand","embeddable":true,"href":"https:\/\/mod.wisdar.net\/tr\/wp-json\/wp\/v2\/product_brand?post=44730"},{"taxonomy":"product_cat","embeddable":true,"href":"https:\/\/mod.wisdar.net\/tr\/wp-json\/wp\/v2\/product_cat?post=44730"},{"taxonomy":"product_tag","embeddable":true,"href":"https:\/\/mod.wisdar.net\/tr\/wp-json\/wp\/v2\/product_tag?post=44730"}],"curies":[{"name":"wp","href":"https:\/\/api.w.org\/{rel}","templated":true}]}}