{"id":44802,"date":"2025-12-18T11:47:05","date_gmt":"2025-12-18T11:47:05","guid":{"rendered":"https:\/\/modesthanim.com\/product\/cift-kemerli-kamelyali-trenckot\/"},"modified":"2026-02-06T10:13:44","modified_gmt":"2026-02-06T10:13:44","slug":"cift-kemerli-kamelyali-trenckot","status":"publish","type":"product","link":"https:\/\/mod.wisdar.net\/tr\/urun\/cift-kemerli-kamelyali-trenckot\/","title":{"rendered":"\u00c7ift Kemerli Kamelyal\u0131 Tren\u00e7kot"},"content":{"rendered":"<p>%59 pamuk, %39 polyester ve %2 likradan olu\u015fan bu kar\u0131\u015f\u0131m ile \u00fcretilen bu tren\u00e7kot, maksimum konfor i\u00e7in dayan\u0131kl\u0131l\u0131\u011f\u0131 esneklikle birle\u015ftirir. \u0130\u00e7 astar giyilebilirli\u011fi art\u0131r\u0131rken, pamuk lifleri nefes alabilirlik sa\u011flar, polyester su ge\u00e7irmez g\u00fc\u00e7 katar ve likra hareket kolayl\u0131\u011f\u0131 sunar. \u00c7ift kemerli tasar\u0131m\u0131, klasik tren\u00e7kotu modern bir dokunu\u015fla yeniden yorumlarken, nikel kemer tokalar\u0131 ve delik detaylar\u0131 onu farkl\u0131 bir dokunu\u015fla y\u00fckseltir. Modelde g\u00f6r\u00fcld\u00fc\u011f\u00fc gibi, kollar hacimliyken g\u00f6vde ger\u00e7ek bedene uygun bir kesim sunar, b\u00f6ylece normal bedeninizi g\u00fcvenle se\u00e7ebilirsiniz. Bak\u0131m talimatlar\u0131: 30\u00b0C&#8217;de hassas y\u0131kay\u0131n, ask\u0131da kurutun ve d\u00fc\u015f\u00fck \u0131s\u0131da \u00fct\u00fcleyin. Uzunluk: 123 cm (\u00dcr\u00fcn uzunlu\u011fu \u00fcretim partileri aras\u0131nda 1-5 cm de\u011fi\u015fiklik g\u00f6sterebilir.) Beden Tablosu: G\u00f6\u011f\u00fcs Kal\u00e7a Kol Biceps Beden 36: 108 cm 108 cm 59 cm 50 cm Beden 38: 112 cm 112 cm 60 cm 52 cm Beden 40: 116 cm 116 cm 61 cm 54 cm Beden 42: 120 cm 120 cm 62 cm 56 cm Modelin \u00d6l\u00e7\u00fcleri: Boy: 176 cm G\u00f6\u011f\u00fcs: 84 cm Bel: 62 cm Kal\u00e7a: 88 cm Modelin Giydi\u011fi Beden: 36<\/p>\n","protected":false},"excerpt":{"rendered":"<p>%59 pamuk, %39 polyester ve %2 likradan olu\u015fan bu kar\u0131\u015f\u0131m ile \u00fcretilen bu tren\u00e7kot, maksimum konfor i\u00e7in dayan\u0131kl\u0131l\u0131\u011f\u0131 esneklikle birle\u015ftirir. \u0130\u00e7 astar giyilebilirli\u011fi art\u0131r\u0131rken, pamuk lifleri nefes alabilirlik sa\u011flar, polyester su ge\u00e7irmez g\u00fc\u00e7 katar ve likra hareket kolayl\u0131\u011f\u0131 sunar. \u00c7ift kemerli tasar\u0131m\u0131, klasik tren\u00e7kotu modern bir dokunu\u015fla yeniden yorumlarken, nikel kemer tokalar\u0131 ve delik detaylar\u0131 onu farkl\u0131 bir dokunu\u015fla y\u00fckseltir. Modelde g\u00f6r\u00fcld\u00fc\u011f\u00fc gibi, kollar hacimliyken g\u00f6vde ger\u00e7ek bedene uygun bir kesim sunar, b\u00f6ylece normal bedeninizi g\u00fcvenle se\u00e7ebilirsiniz. Bak\u0131m talimatlar\u0131: 30\u00b0C&#8217;de hassas y\u0131kay\u0131n, ask\u0131da kurutun ve d\u00fc\u015f\u00fck \u0131s\u0131da \u00fct\u00fcleyin. Uzunluk: 123 cm (\u00dcr\u00fcn uzunlu\u011fu \u00fcretim partileri aras\u0131nda 1-5 cm de\u011fi\u015fiklik g\u00f6sterebilir.) Beden Tablosu: G\u00f6\u011f\u00fcs Kal\u00e7a Kol Biceps Beden 36: 108 cm 108 cm 59 cm 50 cm Beden 38: 112 cm 112 cm 60 cm 52 cm Beden 40: 116 cm 116 cm 61 cm 54 cm Beden 42: 120 cm 120 cm 62 cm 56 cm Modelin \u00d6l\u00e7\u00fcleri: Boy: 176 cm G\u00f6\u011f\u00fcs: 84 cm Bel: 62 cm Kal\u00e7a: 88 cm Modelin Giydi\u011fi Beden: 36<\/p>\n","protected":false},"featured_media":44786,"comment_status":"open","ping_status":"closed","template":"","meta":[],"product_brand":[],"product_cat":[2047],"product_tag":[],"class_list":{"0":"post-44802","1":"product","2":"type-product","3":"status-publish","4":"has-post-thumbnail","6":"product_cat-paltolar","7":"pa_brand-he-qa","8":"pa_color-camel","9":"pa_size-4701","10":"pa_size-4706","11":"pa_size-4711","12":"pa_size-4713","14":"first","15":"instock","16":"sale","17":"shipping-taxable","18":"purchasable","19":"product-type-variable"},"_links":{"self":[{"href":"https:\/\/mod.wisdar.net\/tr\/wp-json\/wp\/v2\/product\/44802","targetHints":{"allow":["GET"]}}],"collection":[{"href":"https:\/\/mod.wisdar.net\/tr\/wp-json\/wp\/v2\/product"}],"about":[{"href":"https:\/\/mod.wisdar.net\/tr\/wp-json\/wp\/v2\/types\/product"}],"replies":[{"embeddable":true,"href":"https:\/\/mod.wisdar.net\/tr\/wp-json\/wp\/v2\/comments?post=44802"}],"wp:featuredmedia":[{"embeddable":true,"href":"https:\/\/mod.wisdar.net\/tr\/wp-json\/wp\/v2\/media\/44786"}],"wp:attachment":[{"href":"https:\/\/mod.wisdar.net\/tr\/wp-json\/wp\/v2\/media?parent=44802"}],"wp:term":[{"taxonomy":"product_brand","embeddable":true,"href":"https:\/\/mod.wisdar.net\/tr\/wp-json\/wp\/v2\/product_brand?post=44802"},{"taxonomy":"product_cat","embeddable":true,"href":"https:\/\/mod.wisdar.net\/tr\/wp-json\/wp\/v2\/product_cat?post=44802"},{"taxonomy":"product_tag","embeddable":true,"href":"https:\/\/mod.wisdar.net\/tr\/wp-json\/wp\/v2\/product_tag?post=44802"}],"curies":[{"name":"wp","href":"https:\/\/api.w.org\/{rel}","templated":true}]}}