{"id":44940,"date":"2025-12-18T11:54:06","date_gmt":"2025-12-18T11:54:06","guid":{"rendered":"https:\/\/modesthanim.com\/product\/basic-kaban-bordo\/"},"modified":"2026-04-02T20:11:39","modified_gmt":"2026-04-02T20:11:39","slug":"basic-kaban-bordo","status":"publish","type":"product","link":"https:\/\/mod.wisdar.net\/tr\/urun\/basic-kaban-bordo\/","title":{"rendered":"Basic Kaban Bordo"},"content":{"rendered":"<p>%100 akrilik kuma\u015ftan \u00fcretilen basic kaban, s\u0131cak tutan yap\u0131s\u0131yla konforu ve sade \u015f\u0131kl\u0131\u011f\u0131 bir araya getirir. Akrilik elyaf, y\u00fcn benzeri yumu\u015fak bir dokuya sahip olup hafifli\u011fiyle g\u00fcnl\u00fck kullan\u0131ma rahatl\u0131k kazand\u0131r\u0131r. Dayan\u0131kl\u0131 ve formunu koruyan yap\u0131s\u0131 sayesinde uzun \u00f6m\u00fcrl\u00fc bir kullan\u0131m sunar. Minimal tasar\u0131m\u0131yla zamans\u0131z bir stile sahip olan bu kaban, hem \u015fehir ya\u015fam\u0131nda hem de g\u00fcnl\u00fck kombinlerde kolayl\u0131kla kullan\u0131labilir. Bol bir kal\u0131ba sahiptir. Ancak model \u00fczerindeki kadar bol bir duru\u015f istemiyorsan\u0131z bir beden k\u00fc\u00e7\u00fck tercih edebilirsiniz. Bak\u0131m \u00f6nerisi: Kuru temizleme \u00f6nerilir. D\u00fc\u015f\u00fck \u0131s\u0131da \u00fct\u00fcleyiniz. \u00c7anta ve aksesuar s\u00fcrt\u00fcnmesine kar\u015f\u0131 dikkatli kullan\u0131m gerektirir. Boy: 75 cm (\u00dcr\u00fcn boyu \u00fcretimler aras\u0131 1-5 cm de\u011fi\u015febilir.) Kal\u0131p Bilgisi: G\u00f6\u011f\u00fcs Basen Kol Boyu Pazu 36 Beden: 118 cm 118 cm 60 cm 46 cm 38 Beden: 122 cm 122 cm 61 cm 48 cm 40 Beden: 126 cm 126 cm 62 cm 50 cm 42 Beden: 130 cm 130 cm 63 cm 52 cm Manken \u00d6l\u00e7\u00fcleri: Boy: 176 cm G\u00f6\u011f\u00fcs: 80 cm Bel: 60 cm Basen: 90 cm Mankenin \u00dczerindeki Beden: 36<\/p>\n","protected":false},"excerpt":{"rendered":"<p>%100 akrilik kuma\u015ftan \u00fcretilen basic kaban, s\u0131cak tutan yap\u0131s\u0131yla konforu ve sade \u015f\u0131kl\u0131\u011f\u0131 bir araya getirir. Akrilik elyaf, y\u00fcn benzeri yumu\u015fak bir dokuya sahip olup hafifli\u011fiyle g\u00fcnl\u00fck kullan\u0131ma rahatl\u0131k kazand\u0131r\u0131r. Dayan\u0131kl\u0131 ve formunu koruyan yap\u0131s\u0131 sayesinde uzun \u00f6m\u00fcrl\u00fc bir kullan\u0131m sunar. Minimal tasar\u0131m\u0131yla zamans\u0131z bir stile sahip olan bu kaban, hem \u015fehir ya\u015fam\u0131nda hem de g\u00fcnl\u00fck kombinlerde kolayl\u0131kla kullan\u0131labilir. Bol bir kal\u0131ba sahiptir. Ancak model \u00fczerindeki kadar bol bir duru\u015f istemiyorsan\u0131z bir beden k\u00fc\u00e7\u00fck tercih edebilirsiniz. Bak\u0131m \u00f6nerisi: Kuru temizleme \u00f6nerilir. D\u00fc\u015f\u00fck \u0131s\u0131da \u00fct\u00fcleyiniz. \u00c7anta ve aksesuar s\u00fcrt\u00fcnmesine kar\u015f\u0131 dikkatli kullan\u0131m gerektirir. Boy: 75 cm (\u00dcr\u00fcn boyu \u00fcretimler aras\u0131 1-5 cm de\u011fi\u015febilir.) Kal\u0131p Bilgisi: G\u00f6\u011f\u00fcs Basen Kol Boyu Pazu 36 Beden: 118 cm 118 cm 60 cm 46 cm 38 Beden: 122 cm 122 cm 61 cm 48 cm 40 Beden: 126 cm 126 cm 62 cm 50 cm 42 Beden: 130 cm 130 cm 63 cm 52 cm Manken \u00d6l\u00e7\u00fcleri: Boy: 176 cm G\u00f6\u011f\u00fcs: 80 cm Bel: 60 cm Basen: 90 cm Mankenin \u00dczerindeki Beden: 36<\/p>\n","protected":false},"featured_media":44935,"comment_status":"open","ping_status":"closed","template":"","meta":[],"product_brand":[],"product_cat":[2047],"product_tag":[4994,4995,4996],"class_list":{"0":"post-44940","1":"product","2":"type-product","3":"status-publish","4":"has-post-thumbnail","6":"product_cat-paltolar","7":"product_tag-keyword1","8":"product_tag-keyword2","9":"product_tag-keyword3","10":"pa_brand-he-qa","11":"pa_color-bordo","12":"pa_size-4701","13":"pa_size-4706","14":"pa_size-4711","15":"pa_size-4713","17":"first","18":"instock","19":"sale","20":"shipping-taxable","21":"purchasable","22":"product-type-variable"},"_links":{"self":[{"href":"https:\/\/mod.wisdar.net\/tr\/wp-json\/wp\/v2\/product\/44940","targetHints":{"allow":["GET"]}}],"collection":[{"href":"https:\/\/mod.wisdar.net\/tr\/wp-json\/wp\/v2\/product"}],"about":[{"href":"https:\/\/mod.wisdar.net\/tr\/wp-json\/wp\/v2\/types\/product"}],"replies":[{"embeddable":true,"href":"https:\/\/mod.wisdar.net\/tr\/wp-json\/wp\/v2\/comments?post=44940"}],"wp:featuredmedia":[{"embeddable":true,"href":"https:\/\/mod.wisdar.net\/tr\/wp-json\/wp\/v2\/media\/44935"}],"wp:attachment":[{"href":"https:\/\/mod.wisdar.net\/tr\/wp-json\/wp\/v2\/media?parent=44940"}],"wp:term":[{"taxonomy":"product_brand","embeddable":true,"href":"https:\/\/mod.wisdar.net\/tr\/wp-json\/wp\/v2\/product_brand?post=44940"},{"taxonomy":"product_cat","embeddable":true,"href":"https:\/\/mod.wisdar.net\/tr\/wp-json\/wp\/v2\/product_cat?post=44940"},{"taxonomy":"product_tag","embeddable":true,"href":"https:\/\/mod.wisdar.net\/tr\/wp-json\/wp\/v2\/product_tag?post=44940"}],"curies":[{"name":"wp","href":"https:\/\/api.w.org\/{rel}","templated":true}]}}