{"id":44997,"date":"2025-12-18T11:55:49","date_gmt":"2025-12-18T11:55:49","guid":{"rendered":"https:\/\/modesthanim.com\/product\/yaka-detayli-koyu-lacivert-palto\/"},"modified":"2026-03-23T07:41:17","modified_gmt":"2026-03-23T07:41:17","slug":"yaka-detayli-koyu-lacivert-palto","status":"publish","type":"product","link":"https:\/\/mod.wisdar.net\/tr\/urun\/yaka-detayli-koyu-lacivert-palto\/","title":{"rendered":"Yaka Detayl\u0131 Koyu Lacivert Palto"},"content":{"rendered":"<p>%74 polyester, %23 viskoz ve %3 elastan kar\u0131\u015f\u0131m\u0131ndan \u00fcretilen bu palto, \u015f\u0131kl\u0131\u011f\u0131 konforla birle\u015ftirir. Polyester dayan\u0131kl\u0131l\u0131k ve form tutma sa\u011flarken, viskoz do\u011fal yumu\u015fakl\u0131k, s\u0131cakl\u0131k ve nefes alabilirlik katar. Elastan i\u00e7eri\u011fi hafif esneklik sunarak hareket kolayl\u0131\u011f\u0131 sa\u011flar ve paltonun uzun s\u00fcreli konfor i\u00e7in formunu korumas\u0131n\u0131 garanti eder.<\/p>\n<p>\u015e\u0131k g\u00f6r\u00fcn\u00fcm\u00fcyle modern bir sil\u00fcet sunan bu model, geni\u015f yaka detay\u0131 klasik kesimine sofistike bir dokunu\u015f katar.<\/p>\n<p>Bak\u0131m Talimatlar\u0131: Kuru temizleme \u00f6nerilir. A\u011fartmay\u0131n. D\u00fc\u015f\u00fck s\u0131cakl\u0131kta \u00fct\u00fcleyin.<\/p>\n<p>Uzunluk: 115 cm (\u00dcr\u00fcn uzunlu\u011fu \u00fcretim partileri aras\u0131nda 1-5 cm de\u011fi\u015fiklik g\u00f6sterebilir.)<\/p>\n<p>Beden Tablosu:<br \/>\nG\u00f6\u011f\u00fcs<br \/>\nKal\u00e7a<br \/>\nKol<br \/>\nPazu<\/p>\n<p>Beden S:<br \/>\n118 cm<br \/>\n124 cm<br \/>\n73 cm<br \/>\n46 cm<\/p>\n<p>Beden M:<br \/>\n122 cm<br \/>\n128 cm<br \/>\n74 cm<br \/>\n48 cm<\/p>\n<p>Beden L:<br \/>\n126 cm<br \/>\n132 cm<br \/>\n75 cm<br \/>\n50 cm<\/p>\n<p>Modelin \u00d6l\u00e7\u00fcleri:<br \/>\nBoy: 176 cm<br \/>\nG\u00f6\u011f\u00fcs: 80 cm<br \/>\nBel: 60 cm<br \/>\nKal\u00e7a: 90 cm<br \/>\nModelin Giydi\u011fi Beden: S<\/p>\n","protected":false},"excerpt":{"rendered":"<p>%74 polyester, %23 viskoz ve %3 elastan kar\u0131\u015f\u0131m\u0131ndan \u00fcretilen bu palto, \u015f\u0131kl\u0131\u011f\u0131 konforla birle\u015ftirir. Polyester dayan\u0131kl\u0131l\u0131k ve form tutma sa\u011flarken, viskoz do\u011fal yumu\u015fakl\u0131k, s\u0131cakl\u0131k ve nefes alabilirlik katar. Elastan i\u00e7eri\u011fi hafif esneklik sunarak hareket kolayl\u0131\u011f\u0131 sa\u011flar ve paltonun uzun s\u00fcreli konfor i\u00e7in formunu korumas\u0131n\u0131 garanti eder.<\/p>\n<p>\u015e\u0131k g\u00f6r\u00fcn\u00fcm\u00fcyle modern bir sil\u00fcet sunan bu model, geni\u015f yaka detay\u0131 klasik kesimine sofistike bir dokunu\u015f katar.<\/p>\n<p>Bak\u0131m Talimatlar\u0131: Kuru temizleme \u00f6nerilir. A\u011fartmay\u0131n. D\u00fc\u015f\u00fck s\u0131cakl\u0131kta \u00fct\u00fcleyin.<\/p>\n<p>Uzunluk: 115 cm (\u00dcr\u00fcn uzunlu\u011fu \u00fcretim partileri aras\u0131nda 1-5 cm de\u011fi\u015fiklik g\u00f6sterebilir.)<\/p>\n<p>Beden Tablosu:<br \/>\nG\u00f6\u011f\u00fcs<br \/>\nKal\u00e7a<br \/>\nKol<br \/>\nPazu<\/p>\n<p>Beden S:<br \/>\n118 cm<br \/>\n124 cm<br \/>\n73 cm<br \/>\n46 cm<\/p>\n<p>Beden M:<br \/>\n122 cm<br \/>\n128 cm<br \/>\n74 cm<br \/>\n48 cm<\/p>\n<p>Beden L:<br \/>\n126 cm<br \/>\n132 cm<br \/>\n75 cm<br \/>\n50 cm<\/p>\n<p>Modelin \u00d6l\u00e7\u00fcleri:<br \/>\nBoy: 176 cm<br \/>\nG\u00f6\u011f\u00fcs: 80 cm<br \/>\nBel: 60 cm<br \/>\nKal\u00e7a: 90 cm<br \/>\nModelin Giydi\u011fi Beden: S<\/p>\n","protected":false},"featured_media":44986,"comment_status":"open","ping_status":"closed","template":"","meta":[],"product_brand":[],"product_cat":[2047],"product_tag":[],"class_list":{"0":"post-44997","1":"product","2":"type-product","3":"status-publish","4":"has-post-thumbnail","6":"product_cat-paltolar","7":"pa_brand-he-qa","8":"pa_color-koyu-lacivert","9":"pa_size-l","10":"pa_size-m","11":"pa_size-s","13":"first","14":"instock","15":"sale","16":"shipping-taxable","17":"purchasable","18":"product-type-variable"},"_links":{"self":[{"href":"https:\/\/mod.wisdar.net\/tr\/wp-json\/wp\/v2\/product\/44997","targetHints":{"allow":["GET"]}}],"collection":[{"href":"https:\/\/mod.wisdar.net\/tr\/wp-json\/wp\/v2\/product"}],"about":[{"href":"https:\/\/mod.wisdar.net\/tr\/wp-json\/wp\/v2\/types\/product"}],"replies":[{"embeddable":true,"href":"https:\/\/mod.wisdar.net\/tr\/wp-json\/wp\/v2\/comments?post=44997"}],"wp:featuredmedia":[{"embeddable":true,"href":"https:\/\/mod.wisdar.net\/tr\/wp-json\/wp\/v2\/media\/44986"}],"wp:attachment":[{"href":"https:\/\/mod.wisdar.net\/tr\/wp-json\/wp\/v2\/media?parent=44997"}],"wp:term":[{"taxonomy":"product_brand","embeddable":true,"href":"https:\/\/mod.wisdar.net\/tr\/wp-json\/wp\/v2\/product_brand?post=44997"},{"taxonomy":"product_cat","embeddable":true,"href":"https:\/\/mod.wisdar.net\/tr\/wp-json\/wp\/v2\/product_cat?post=44997"},{"taxonomy":"product_tag","embeddable":true,"href":"https:\/\/mod.wisdar.net\/tr\/wp-json\/wp\/v2\/product_tag?post=44997"}],"curies":[{"name":"wp","href":"https:\/\/api.w.org\/{rel}","templated":true}]}}