{"id":45022,"date":"2025-12-18T11:55:56","date_gmt":"2025-12-18T11:55:56","guid":{"rendered":"https:\/\/modesthanim.com\/product\/yaka-detayli-kaban-camel\/"},"modified":"2026-03-23T07:41:49","modified_gmt":"2026-03-23T07:41:49","slug":"yaka-detayli-kaban-camel","status":"publish","type":"product","link":"https:\/\/mod.wisdar.net\/tr\/urun\/yaka-detayli-kaban-camel\/","title":{"rendered":"Yaka Detayl\u0131 Kaban Camel"},"content":{"rendered":"<p>%74 Polyester, %23 Viskon ve %3 Elastan kar\u0131\u015f\u0131ml\u0131 kuma\u015ftan \u00fcretilen bu kaban, hem \u015f\u0131kl\u0131\u011f\u0131 hem konforu bir arada sunar. Polyester, kuma\u015fa dayan\u0131kl\u0131l\u0131k ve form koruma \u00f6zelli\u011fi kazand\u0131r\u0131rken; viskon lifi do\u011fal bir yumu\u015fakl\u0131k, s\u0131cakl\u0131k ve nefes alabilirlik sa\u011flar. Elastan katk\u0131s\u0131 ise kuma\u015fa hafif esneklik kazand\u0131rarak hareket \u00f6zg\u00fcrl\u00fc\u011f\u00fc sunar. B\u00f6ylece kaban uzun s\u00fcreli kullan\u0131mlarda \u015feklini korur ve rahat bir giyim deneyimi sa\u011flar.<\/p>\n<p>Zarif g\u00f6r\u00fcn\u00fcm\u00fcyle modern bir duru\u015f sunan bu model, geni\u015f yaka detay\u0131 ile klasik kesime sofistike bir hava kazand\u0131r\u0131r.<\/p>\n<p>Bak\u0131m \u00f6nerisi: Kuru temizleme \u00f6nerilir. A\u011fart\u0131c\u0131 kullanmay\u0131n\u0131z. D\u00fc\u015f\u00fck \u0131s\u0131da \u00fct\u00fcleyiniz.<\/p>\n<p>Boy: 115 cm (\u00dcr\u00fcn boyu \u00fcretimler aras\u0131 1-5 cm de\u011fi\u015febilir.)<\/p>\n<p>Kal\u0131p Bilgisi:<br \/>\nG\u00f6\u011f\u00fcs Basen Kol Boyu Pazu<br \/>\nS Beden: 118 cm 124 cm 73 cm 46 cm<br \/>\nM Beden: 122 cm 128 cm 74 cm 48 cm<br \/>\nL Beden: 126 cm 132 cm 75 cm 50 cm<\/p>\n<p>Manken \u00d6l\u00e7\u00fcleri:<br \/>\nBoy: 176 cm<br \/>\nG\u00f6\u011f\u00fcs: 80 cm<br \/>\nBel: 60 cm<br \/>\nBasen: 90 cm<br \/>\nMankenin \u00dczerindeki Beden: S<\/p>\n","protected":false},"excerpt":{"rendered":"<p>%74 Polyester, %23 Viskon ve %3 Elastan kar\u0131\u015f\u0131ml\u0131 kuma\u015ftan \u00fcretilen bu kaban, hem \u015f\u0131kl\u0131\u011f\u0131 hem konforu bir arada sunar. Polyester, kuma\u015fa dayan\u0131kl\u0131l\u0131k ve form koruma \u00f6zelli\u011fi kazand\u0131r\u0131rken; viskon lifi do\u011fal bir yumu\u015fakl\u0131k, s\u0131cakl\u0131k ve nefes alabilirlik sa\u011flar. Elastan katk\u0131s\u0131 ise kuma\u015fa hafif esneklik kazand\u0131rarak hareket \u00f6zg\u00fcrl\u00fc\u011f\u00fc sunar. B\u00f6ylece kaban uzun s\u00fcreli kullan\u0131mlarda \u015feklini korur ve rahat bir giyim deneyimi sa\u011flar.<\/p>\n<p>Zarif g\u00f6r\u00fcn\u00fcm\u00fcyle modern bir duru\u015f sunan bu model, geni\u015f yaka detay\u0131 ile klasik kesime sofistike bir hava kazand\u0131r\u0131r.<\/p>\n<p>Bak\u0131m \u00f6nerisi: Kuru temizleme \u00f6nerilir. A\u011fart\u0131c\u0131 kullanmay\u0131n\u0131z. D\u00fc\u015f\u00fck \u0131s\u0131da \u00fct\u00fcleyiniz.<\/p>\n<p>Boy: 115 cm (\u00dcr\u00fcn boyu \u00fcretimler aras\u0131 1-5 cm de\u011fi\u015febilir.)<\/p>\n<p>Kal\u0131p Bilgisi:<br \/>\nG\u00f6\u011f\u00fcs Basen Kol Boyu Pazu<br \/>\nS Beden: 118 cm 124 cm 73 cm 46 cm<br \/>\nM Beden: 122 cm 128 cm 74 cm 48 cm<br \/>\nL Beden: 126 cm 132 cm 75 cm 50 cm<\/p>\n<p>Manken \u00d6l\u00e7\u00fcleri:<br \/>\nBoy: 176 cm<br \/>\nG\u00f6\u011f\u00fcs: 80 cm<br \/>\nBel: 60 cm<br \/>\nBasen: 90 cm<br \/>\nMankenin \u00dczerindeki Beden: S<\/p>\n","protected":false},"featured_media":45016,"comment_status":"open","ping_status":"closed","template":"","meta":[],"product_brand":[],"product_cat":[2047],"product_tag":[8335,5012,5013,4999,6751,6311],"class_list":{"0":"post-45022","1":"product","2":"type-product","3":"status-publish","4":"has-post-thumbnail","6":"product_cat-paltolar","7":"product_tag-camel-kaban","8":"product_tag-elegant","9":"product_tag-modern","10":"product_tag-outerwear","11":"product_tag-rahat","12":"product_tag-winter-coat","13":"pa_brand-he-qa","14":"pa_color-camel","15":"pa_size-l","16":"pa_size-m","17":"pa_size-s","19":"first","20":"outofstock","21":"shipping-taxable","22":"product-type-variable"},"_links":{"self":[{"href":"https:\/\/mod.wisdar.net\/tr\/wp-json\/wp\/v2\/product\/45022","targetHints":{"allow":["GET"]}}],"collection":[{"href":"https:\/\/mod.wisdar.net\/tr\/wp-json\/wp\/v2\/product"}],"about":[{"href":"https:\/\/mod.wisdar.net\/tr\/wp-json\/wp\/v2\/types\/product"}],"replies":[{"embeddable":true,"href":"https:\/\/mod.wisdar.net\/tr\/wp-json\/wp\/v2\/comments?post=45022"}],"wp:featuredmedia":[{"embeddable":true,"href":"https:\/\/mod.wisdar.net\/tr\/wp-json\/wp\/v2\/media\/45016"}],"wp:attachment":[{"href":"https:\/\/mod.wisdar.net\/tr\/wp-json\/wp\/v2\/media?parent=45022"}],"wp:term":[{"taxonomy":"product_brand","embeddable":true,"href":"https:\/\/mod.wisdar.net\/tr\/wp-json\/wp\/v2\/product_brand?post=45022"},{"taxonomy":"product_cat","embeddable":true,"href":"https:\/\/mod.wisdar.net\/tr\/wp-json\/wp\/v2\/product_cat?post=45022"},{"taxonomy":"product_tag","embeddable":true,"href":"https:\/\/mod.wisdar.net\/tr\/wp-json\/wp\/v2\/product_tag?post=45022"}],"curies":[{"name":"wp","href":"https:\/\/api.w.org\/{rel}","templated":true}]}}